{"id":10,"date":"2021-05-17T07:42:19","date_gmt":"2021-05-17T07:42:19","guid":{"rendered":"https:\/\/www.olasz.maganora.com\/?page_id=10"},"modified":"2022-08-18T18:32:45","modified_gmt":"2022-08-18T16:32:45","slug":"schrenk_nora","status":"publish","type":"page","link":"https:\/\/olasz.maganora.com\/it\/schrenk_nora\/","title":{"rendered":"Kapcsolat"},"content":{"rendered":"\n<h3 class=\"has-text-align-center wp-block-heading\"><strong>Schrenk N\u00f3ra olasztan\u00e1r<\/strong><\/h3>\n\n\n\n<p class=\"has-text-align-center\">Tov\u00e1bbi inform\u00e1ci\u00f3\u00e9rt, vagy id\u0151pont-egyeztet\u00e9s miatt, keress meg az al\u00e1bbi el\u00e9rhet\u0151s\u00e9geken!<br><\/p>\n\n\n\n<div style=\"width:100%;height:60px;text-align:center;\"><p><strong><a class=\"a_style\" href=\"mailto:nora@olasz.maganora.com\">nora@olasz.maganora.com<\/a><\/strong><\/p><\/div>\n\n\n\n<div style=\"width:100%;text-align:center;\"><p style=\"font-size:24px;\"><strong>+39 351 52 40 572<\/strong><\/p><\/div>\n\n\n\n<p class=\"has-text-align-center\">A fenti sz\u00e1mon ingyenesen is tudsz h\u00edvni<br><br><\/p>\n\n\n\n<div class=\"wp-block-columns are-vertically-aligned-top is-layout-flex wp-container-core-columns-is-layout-9d6595d7 wp-block-columns-is-layout-flex\">\n<div class=\"wp-block-column is-vertically-aligned-top is-layout-flow wp-block-column-is-layout-flow\" style=\"flex-basis:25%\">\n<p class=\"has-text-align-center\"><strong>WhatsApp<\/strong>-on<\/p>\n\n\n<div class=\"wp-block-image\">\n<figure class=\"aligncenter size-large is-resized\"><a href=\"https:\/\/wa.me\/+393515240572\"><img loading=\"lazy\" decoding=\"async\" src=\"https:\/\/olasz.maganora.com\/wp-content\/uploads\/2021\/06\/Whatsapp.jpg\" alt=\"\" class=\"wp-image-1038\" width=\"190\" height=\"238\"\/><\/a><\/figure>\n<\/div>\n\n\n<p><\/p>\n<\/div>\n\n\n\n<div class=\"wp-block-column is-vertically-aligned-top is-layout-flow wp-block-column-is-layout-flow\">\n<p class=\"has-text-align-center\"><strong>Viber<\/strong>-en<\/p>\n\n\n<div class=\"wp-block-image\">\n<figure class=\"aligncenter size-large is-resized\"><a href=\"https:\/\/msng.link\/o\/?393515240572=vi\"><img loading=\"lazy\" decoding=\"async\" src=\"https:\/\/olasz.maganora.com\/wp-content\/uploads\/2021\/06\/Viber.jpg\" alt=\"\" class=\"wp-image-1037\" width=\"190\" height=\"238\"\/><\/a><\/figure>\n<\/div><\/div>\n\n\n\n<div class=\"wp-block-column is-vertically-aligned-top is-layout-flow wp-block-column-is-layout-flow\">\n<p class=\"has-text-align-center\"><strong>Signal<\/strong>-on<\/p>\n\n\n<div class=\"wp-block-image\">\n<figure class=\"aligncenter size-large is-resized\"><img loading=\"lazy\" decoding=\"async\" src=\"https:\/\/olasz.maganora.com\/wp-content\/uploads\/2021\/06\/Signal.jpg\" alt=\"\" class=\"wp-image-1035\" width=\"190\" height=\"238\"\/><\/figure>\n<\/div><\/div>\n\n\n\n<div class=\"wp-block-column is-vertically-aligned-top is-layout-flow wp-block-column-is-layout-flow\">\n<p class=\"has-text-align-center\"><strong>Telegram<\/strong>-on<\/p>\n\n\n<div class=\"wp-block-image\">\n<figure class=\"aligncenter size-large is-resized\"><a href=\"https:\/\/msng.link\/o\/?1643714415=tg\"><img loading=\"lazy\" decoding=\"async\" src=\"https:\/\/olasz.maganora.com\/wp-content\/uploads\/2021\/06\/Telegram.jpg\" alt=\"\" class=\"wp-image-1036\" width=\"190\" height=\"238\"\/><\/a><\/figure>\n<\/div><\/div>\n<\/div>\n\n\n<div class=\"wpforms-container wpforms-container-full\" id=\"wpforms-1263\"><form id=\"wpforms-form-1263\" class=\"wpforms-validate wpforms-form\" data-formid=\"1263\" method=\"post\" enctype=\"multipart\/form-data\" action=\"\/it\/wp-json\/wp\/v2\/pages\/10\"><div class=\"wpforms-field-container\"><div id=\"wpforms-1263-field_7-container\" class=\"wpforms-field wpforms-field-html\" data-field-id=\"7\"><div id=\"wpforms-1263-field_7\"><div style=\"text-align:left;\"><h3>K\u00fcldj egy \u00fczenetet!<\/h3><\/br><\/br><\/div><\/div><\/div><div id=\"wpforms-1263-field_0-container\" class=\"wpforms-field wpforms-field-name\" data-field-id=\"0\"><label class=\"wpforms-field-label\" for=\"wpforms-1263-field_0\">Neved <span class=\"wpforms-required-label\">*<\/span><\/label><input type=\"text\" id=\"wpforms-1263-field_0\" class=\"wpforms-field-large wpforms-field-required\" name=\"wpforms[fields][0]\" required><\/div><div id=\"wpforms-1263-field_1-container\" class=\"wpforms-field wpforms-field-email\" data-field-id=\"1\"><label class=\"wpforms-field-label\" for=\"wpforms-1263-field_1\">E-mail c\u00edmed <span class=\"wpforms-required-label\">*<\/span><\/label><div class=\"wpforms-field-row wpforms-field-large\"><div class=\"wpforms-field-row-block wpforms-one-half wpforms-first\"><input type=\"email\" id=\"wpforms-1263-field_1\" class=\"wpforms-field-required wpforms-field-email-primary\" name=\"wpforms[fields][1][primary]\" required><label for=\"wpforms-1263-field_1\" class=\"wpforms-field-sublabel after \">Email<\/label><\/div><div class=\"wpforms-field-row-block wpforms-one-half\"><input type=\"email\" id=\"wpforms-1263-field_1-secondary\" class=\"wpforms-field-email-secondary wpforms-field-required\" data-rule-confirm=\"#wpforms-1263-field_1\" name=\"wpforms[fields][1][secondary]\" required><label for=\"wpforms-1263-field_1-secondary\" class=\"wpforms-field-sublabel after \">Confirm Email<\/label><\/div><\/div><\/div><div id=\"wpforms-1263-field_2-container\" class=\"wpforms-field wpforms-field-textarea\" data-field-id=\"2\"><label class=\"wpforms-field-label\" for=\"wpforms-1263-field_2\">\u00dczeneted <span class=\"wpforms-required-label\">*<\/span><\/label><textarea id=\"wpforms-1263-field_2\" class=\"wpforms-field-medium wpforms-field-required\" name=\"wpforms[fields][2]\" required><\/textarea><div class=\"wpforms-field-description\">Az \u00fczeneted elk\u00fcld\u00e9s\u00e9vel automatikusan elfogadod az <a class=\"a_style\" href=\"https:\/\/olasz.maganora.com\/privacy-policy\/\" style=\"text-decoration: underline;\">Adatkezel\u00e9si T\u00e1j\u00e9koztat\u00f3<\/a>-ban le\u00edrt adatkezel\u00e9si \u00e9s -t\u00e1rol\u00e1si felt\u00e9teleket.<\/div><\/div><\/div><div class=\"wpforms-field wpforms-field-hp\"><label for=\"wpforms-field_hp\" class=\"wpforms-field-label\">Comment<\/label><input type=\"text\" name=\"wpforms[hp]\" id=\"wpforms-field_hp\" class=\"wpforms-field-medium\"><\/div><div class=\"wpforms-submit-container\" ><input type=\"hidden\" name=\"wpforms[id]\" value=\"1263\"><input type=\"hidden\" name=\"wpforms[author]\" value=\"1\"><button type=\"submit\" name=\"wpforms[submit]\" class=\"wpforms-submit pulsante_form\" id=\"wpforms-submit-1263\" value=\"wpforms-submit\" data-alt-text=\"K\u00fcld\u00e9s...\">K\u00fcld\u00e9s<\/button><\/div><\/form><\/div>\n\n\n\n<\/br><\/br><\/br>\n<div class=\"div-coda\">\n <hr class=\"separator\" width=\"240px\">\n<\/div>\n","protected":false},"excerpt":{"rendered":"<p>Schrenk N\u00f3ra olasztan\u00e1r Tov\u00e1bbi inform\u00e1ci\u00f3\u00e9rt, vagy id\u0151pont-egyeztet\u00e9s miatt, keress meg az al\u00e1bbi el\u00e9rhet\u0151s\u00e9geken! nora@olasz.maganora.com +39 351 52 40 572 A fenti sz\u00e1mon ingyenesen is tudsz h\u00edvni WhatsApp-on Viber-en Signal-on Telegram-on K\u00fcldj egy \u00fczenetet!Neved *E-mail c\u00edmed *EmailConfirm Email\u00dczeneted *Az \u00fczeneted elk\u00fcld\u00e9s\u00e9vel automatikusan elfogadod az Adatkezel\u00e9si T\u00e1j\u00e9koztat\u00f3-ban le\u00edrt adatkezel\u00e9si \u00e9s -t\u00e1rol\u00e1si felt\u00e9teleket.PhoneK\u00fcld\u00e9s<\/p>\n","protected":false},"author":1,"featured_media":0,"parent":0,"menu_order":0,"comment_status":"closed","ping_status":"closed","template":"","meta":{"footnotes":""},"class_list":["post-10","page","type-page","status-publish","hentry"],"yoast_head":"<!-- This site is optimized with the Yoast SEO plugin v27.3 - https:\/\/yoast.com\/product\/yoast-seo-wordpress\/ -->\n<title>Olasztan\u00e1r - Olasz\u00f3r\u00e1k R\u00f3m\u00e1b\u00f3l, az \u00f6r\u00f6k v\u00e1rosb\u00f3l -  Olasz\u00f3r\u00e1k R\u00f3m\u00e1b\u00f3l, az \u00f6r\u00f6k v\u00e1rosb\u00f3l<\/title>\n<meta name=\"description\" content=\"Schrenk N\u00f3ra - olasztan\u00e1r: Keress meg a k\u00f6vetkez\u0151 el\u00e9rhet\u0151s\u00e9geken! nora@olasz.maganora.com Tel\/WhatsApp\/Viber\/SignaI +39 351 52 40 572\" \/>\n<meta name=\"robots\" content=\"index, follow, max-snippet:-1, max-image-preview:large, max-video-preview:-1\" \/>\n<link rel=\"canonical\" href=\"http:\/\/Schrenk%20N\u00f3ra%20olasztan\u00e1r%20Tov\u00e1bbi%20inform\u00e1ci\u00f3\u00e9rt,%20vagy%20id\u0151pont-egyeztet\u00e9s%20miatt,%20keress%20meg%20az%20al\u00e1bbi%20el\u00e9rhet\u0151s\u00e9geken!%20nora@olasz.maganora.com%20%2039%20351%2052%2040%20572%20A%20fenti%20sz\u00e1mon%20ingyenesen%20is%20tudsz%20h\u00edvni%20WhatsApp-on%20Viber-en%20Signal-on%20Telegram-on%20[wpforms%20id=1263]\" \/>\n<meta property=\"og:locale\" content=\"it_IT\" \/>\n<meta property=\"og:type\" content=\"article\" \/>\n<meta property=\"og:title\" content=\"Olasztan\u00e1r - Olasz\u00f3r\u00e1k R\u00f3m\u00e1b\u00f3l, az \u00f6r\u00f6k v\u00e1rosb\u00f3l -  Olasz\u00f3r\u00e1k R\u00f3m\u00e1b\u00f3l, az \u00f6r\u00f6k v\u00e1rosb\u00f3l\" \/>\n<meta property=\"og:description\" content=\"Schrenk N\u00f3ra - olasztan\u00e1r: Keress meg a k\u00f6vetkez\u0151 el\u00e9rhet\u0151s\u00e9geken! nora@olasz.maganora.com Tel\/WhatsApp\/Viber\/SignaI +39 351 52 40 572\" \/>\n<meta property=\"og:url\" content=\"https:\/\/olasz.maganora.com\/it\/schrenk_nora\/\" \/>\n<meta property=\"og:site_name\" content=\"Olasztan\u00e1r\" \/>\n<meta property=\"article:modified_time\" content=\"2022-08-18T16:32:45+00:00\" \/>\n<meta property=\"og:image\" content=\"https:\/\/olasz.maganora.com\/wp-content\/uploads\/2021\/06\/Whatsapp.jpg\" \/>\n<meta name=\"twitter:card\" content=\"summary_large_image\" \/>\n<meta name=\"twitter:label1\" content=\"Tempo di lettura stimato\" \/>\n\t<meta name=\"twitter:data1\" content=\"1 minuto\" \/>\n<script type=\"application\/ld+json\" class=\"yoast-schema-graph\">{\"@context\":\"https:\\\/\\\/schema.org\",\"@graph\":[{\"@type\":\"WebPage\",\"@id\":\"https:\\\/\\\/olasz.maganora.com\\\/it\\\/schrenk_nora\\\/\",\"url\":\"https:\\\/\\\/olasz.maganora.com\\\/it\\\/schrenk_nora\\\/\",\"name\":\"Olasztan\u00e1r - Olasz\u00f3r\u00e1k R\u00f3m\u00e1b\u00f3l, az \u00f6r\u00f6k v\u00e1rosb\u00f3l - Kapcsolat\",\"isPartOf\":{\"@id\":\"https:\\\/\\\/olasz.maganora.com\\\/#website\"},\"primaryImageOfPage\":{\"@id\":\"https:\\\/\\\/olasz.maganora.com\\\/it\\\/schrenk_nora\\\/#primaryimage\"},\"image\":{\"@id\":\"https:\\\/\\\/olasz.maganora.com\\\/it\\\/schrenk_nora\\\/#primaryimage\"},\"thumbnailUrl\":\"https:\\\/\\\/olasz.maganora.com\\\/wp-content\\\/uploads\\\/2021\\\/06\\\/Whatsapp.jpg\",\"datePublished\":\"2021-05-17T07:42:19+00:00\",\"dateModified\":\"2022-08-18T16:32:45+00:00\",\"description\":\"Schrenk N\u00f3ra - olasztan\u00e1r: Keress meg a k\u00f6vetkez\u0151 el\u00e9rhet\u0151s\u00e9geken! nora@olasz.maganora.com Tel\\\/WhatsApp\\\/Viber\\\/SignaI +39 351 52 40 572\",\"breadcrumb\":{\"@id\":\"https:\\\/\\\/olasz.maganora.com\\\/it\\\/schrenk_nora\\\/#breadcrumb\"},\"inLanguage\":\"it-IT\",\"potentialAction\":[{\"@type\":\"ReadAction\",\"target\":[\"https:\\\/\\\/olasz.maganora.com\\\/it\\\/schrenk_nora\\\/\"]}]},{\"@type\":\"ImageObject\",\"inLanguage\":\"it-IT\",\"@id\":\"https:\\\/\\\/olasz.maganora.com\\\/it\\\/schrenk_nora\\\/#primaryimage\",\"url\":\"https:\\\/\\\/olasz.maganora.com\\\/wp-content\\\/uploads\\\/2021\\\/06\\\/Whatsapp.jpg\",\"contentUrl\":\"https:\\\/\\\/olasz.maganora.com\\\/wp-content\\\/uploads\\\/2021\\\/06\\\/Whatsapp.jpg\"},{\"@type\":\"BreadcrumbList\",\"@id\":\"https:\\\/\\\/olasz.maganora.com\\\/it\\\/schrenk_nora\\\/#breadcrumb\",\"itemListElement\":[{\"@type\":\"ListItem\",\"position\":1,\"name\":\"Olasztan\u00e1r\",\"item\":\"https:\\\/\\\/olasz.maganora.com\\\/\"},{\"@type\":\"ListItem\",\"position\":2,\"name\":\"Kapcsolat\"}]},{\"@type\":\"WebSite\",\"@id\":\"https:\\\/\\\/olasz.maganora.com\\\/it\\\/#website\",\"url\":\"https:\\\/\\\/olasz.maganora.com\\\/it\\\/\",\"name\":\"Olasztan\u00e1r\",\"description\":\"Tanuljunk egy\u00fctt olaszul!\",\"publisher\":{\"@id\":\"https:\\\/\\\/olasz.maganora.com\\\/it\\\/#\\\/schema\\\/person\\\/d1c9caba1b17a238c28c64e4ba2a0982\"},\"potentialAction\":[{\"@type\":\"SearchAction\",\"target\":{\"@type\":\"EntryPoint\",\"urlTemplate\":\"https:\\\/\\\/olasz.maganora.com\\\/it\\\/?s={search_term_string}\"},\"query-input\":{\"@type\":\"PropertyValueSpecification\",\"valueRequired\":true,\"valueName\":\"search_term_string\"}}],\"inLanguage\":\"it-IT\"},{\"@type\":[\"Person\",\"Organization\"],\"@id\":\"https:\\\/\\\/olasz.maganora.com\\\/it\\\/#\\\/schema\\\/person\\\/d1c9caba1b17a238c28c64e4ba2a0982\",\"name\":\"Nora Schrenk\",\"image\":{\"@type\":\"ImageObject\",\"inLanguage\":\"it-IT\",\"@id\":\"https:\\\/\\\/olasz.maganora.com\\\/wp-content\\\/uploads\\\/2021\\\/05\\\/Logo-1.png\",\"url\":\"https:\\\/\\\/olasz.maganora.com\\\/wp-content\\\/uploads\\\/2021\\\/05\\\/Logo-1.png\",\"contentUrl\":\"https:\\\/\\\/olasz.maganora.com\\\/wp-content\\\/uploads\\\/2021\\\/05\\\/Logo-1.png\",\"width\":776,\"height\":259,\"caption\":\"Nora Schrenk\"},\"logo\":{\"@id\":\"https:\\\/\\\/olasz.maganora.com\\\/wp-content\\\/uploads\\\/2021\\\/05\\\/Logo-1.png\"}}]}<\/script>\n<!-- \/ Yoast SEO plugin. -->","yoast_head_json":{"title":"Olasztan\u00e1r - Olasz\u00f3r\u00e1k R\u00f3m\u00e1b\u00f3l, az \u00f6r\u00f6k v\u00e1rosb\u00f3l -  Olasz\u00f3r\u00e1k R\u00f3m\u00e1b\u00f3l, az \u00f6r\u00f6k v\u00e1rosb\u00f3l","description":"Schrenk N\u00f3ra - olasztan\u00e1r: Keress meg a k\u00f6vetkez\u0151 el\u00e9rhet\u0151s\u00e9geken! nora@olasz.maganora.com Tel\/WhatsApp\/Viber\/SignaI +39 351 52 40 572","robots":{"index":"index","follow":"follow","max-snippet":"max-snippet:-1","max-image-preview":"max-image-preview:large","max-video-preview":"max-video-preview:-1"},"canonical":"Schrenk N\u00f3ra olasztan\u00e1r Tov\u00e1bbi inform\u00e1ci\u00f3\u00e9rt, vagy id\u0151pont-egyeztet\u00e9s miatt, keress meg az al\u00e1bbi el\u00e9rhet\u0151s\u00e9geken! nora@olasz.maganora.com  39 351 52 40 572 A fenti sz\u00e1mon ingyenesen is tudsz h\u00edvni WhatsApp-on Viber-en Signal-on Telegram-on [wpforms id=\"1263\"]","og_locale":"it_IT","og_type":"article","og_title":"Olasztan\u00e1r - Olasz\u00f3r\u00e1k R\u00f3m\u00e1b\u00f3l, az \u00f6r\u00f6k v\u00e1rosb\u00f3l -  Olasz\u00f3r\u00e1k R\u00f3m\u00e1b\u00f3l, az \u00f6r\u00f6k v\u00e1rosb\u00f3l","og_description":"Schrenk N\u00f3ra - olasztan\u00e1r: Keress meg a k\u00f6vetkez\u0151 el\u00e9rhet\u0151s\u00e9geken! nora@olasz.maganora.com Tel\/WhatsApp\/Viber\/SignaI +39 351 52 40 572","og_url":"https:\/\/olasz.maganora.com\/it\/schrenk_nora\/","og_site_name":"Olasztan\u00e1r","article_modified_time":"2022-08-18T16:32:45+00:00","og_image":[{"url":"https:\/\/olasz.maganora.com\/wp-content\/uploads\/2021\/06\/Whatsapp.jpg","type":"","width":"","height":""}],"twitter_card":"summary_large_image","twitter_misc":{"Tempo di lettura stimato":"1 minuto"},"schema":{"@context":"https:\/\/schema.org","@graph":[{"@type":"WebPage","@id":"https:\/\/olasz.maganora.com\/it\/schrenk_nora\/","url":"https:\/\/olasz.maganora.com\/it\/schrenk_nora\/","name":"Olasztan\u00e1r - Olasz\u00f3r\u00e1k R\u00f3m\u00e1b\u00f3l, az \u00f6r\u00f6k v\u00e1rosb\u00f3l - Kapcsolat","isPartOf":{"@id":"https:\/\/olasz.maganora.com\/#website"},"primaryImageOfPage":{"@id":"https:\/\/olasz.maganora.com\/it\/schrenk_nora\/#primaryimage"},"image":{"@id":"https:\/\/olasz.maganora.com\/it\/schrenk_nora\/#primaryimage"},"thumbnailUrl":"https:\/\/olasz.maganora.com\/wp-content\/uploads\/2021\/06\/Whatsapp.jpg","datePublished":"2021-05-17T07:42:19+00:00","dateModified":"2022-08-18T16:32:45+00:00","description":"Schrenk N\u00f3ra - olasztan\u00e1r: Keress meg a k\u00f6vetkez\u0151 el\u00e9rhet\u0151s\u00e9geken! nora@olasz.maganora.com Tel\/WhatsApp\/Viber\/SignaI +39 351 52 40 572","breadcrumb":{"@id":"https:\/\/olasz.maganora.com\/it\/schrenk_nora\/#breadcrumb"},"inLanguage":"it-IT","potentialAction":[{"@type":"ReadAction","target":["https:\/\/olasz.maganora.com\/it\/schrenk_nora\/"]}]},{"@type":"ImageObject","inLanguage":"it-IT","@id":"https:\/\/olasz.maganora.com\/it\/schrenk_nora\/#primaryimage","url":"https:\/\/olasz.maganora.com\/wp-content\/uploads\/2021\/06\/Whatsapp.jpg","contentUrl":"https:\/\/olasz.maganora.com\/wp-content\/uploads\/2021\/06\/Whatsapp.jpg"},{"@type":"BreadcrumbList","@id":"https:\/\/olasz.maganora.com\/it\/schrenk_nora\/#breadcrumb","itemListElement":[{"@type":"ListItem","position":1,"name":"Olasztan\u00e1r","item":"https:\/\/olasz.maganora.com\/"},{"@type":"ListItem","position":2,"name":"Kapcsolat"}]},{"@type":"WebSite","@id":"https:\/\/olasz.maganora.com\/it\/#website","url":"https:\/\/olasz.maganora.com\/it\/","name":"Olasztan\u00e1r","description":"Tanuljunk egy\u00fctt olaszul!","publisher":{"@id":"https:\/\/olasz.maganora.com\/it\/#\/schema\/person\/d1c9caba1b17a238c28c64e4ba2a0982"},"potentialAction":[{"@type":"SearchAction","target":{"@type":"EntryPoint","urlTemplate":"https:\/\/olasz.maganora.com\/it\/?s={search_term_string}"},"query-input":{"@type":"PropertyValueSpecification","valueRequired":true,"valueName":"search_term_string"}}],"inLanguage":"it-IT"},{"@type":["Person","Organization"],"@id":"https:\/\/olasz.maganora.com\/it\/#\/schema\/person\/d1c9caba1b17a238c28c64e4ba2a0982","name":"Nora Schrenk","image":{"@type":"ImageObject","inLanguage":"it-IT","@id":"https:\/\/olasz.maganora.com\/wp-content\/uploads\/2021\/05\/Logo-1.png","url":"https:\/\/olasz.maganora.com\/wp-content\/uploads\/2021\/05\/Logo-1.png","contentUrl":"https:\/\/olasz.maganora.com\/wp-content\/uploads\/2021\/05\/Logo-1.png","width":776,"height":259,"caption":"Nora Schrenk"},"logo":{"@id":"https:\/\/olasz.maganora.com\/wp-content\/uploads\/2021\/05\/Logo-1.png"}}]}},"_links":{"self":[{"href":"https:\/\/olasz.maganora.com\/it\/wp-json\/wp\/v2\/pages\/10","targetHints":{"allow":["GET"]}}],"collection":[{"href":"https:\/\/olasz.maganora.com\/it\/wp-json\/wp\/v2\/pages"}],"about":[{"href":"https:\/\/olasz.maganora.com\/it\/wp-json\/wp\/v2\/types\/page"}],"author":[{"embeddable":true,"href":"https:\/\/olasz.maganora.com\/it\/wp-json\/wp\/v2\/users\/1"}],"replies":[{"embeddable":true,"href":"https:\/\/olasz.maganora.com\/it\/wp-json\/wp\/v2\/comments?post=10"}],"version-history":[{"count":57,"href":"https:\/\/olasz.maganora.com\/it\/wp-json\/wp\/v2\/pages\/10\/revisions"}],"predecessor-version":[{"id":2372,"href":"https:\/\/olasz.maganora.com\/it\/wp-json\/wp\/v2\/pages\/10\/revisions\/2372"}],"wp:attachment":[{"href":"https:\/\/olasz.maganora.com\/it\/wp-json\/wp\/v2\/media?parent=10"}],"curies":[{"name":"wp","href":"https:\/\/api.w.org\/{rel}","templated":true}]}}