{"id":121,"date":"2021-05-22T07:42:15","date_gmt":"2021-05-22T07:42:15","guid":{"rendered":"https:\/\/olasz.maganora.com\/?page_id=121"},"modified":"2022-05-28T00:41:33","modified_gmt":"2022-05-27T22:41:33","slug":"olaszoktatas-mikor-es-hol","status":"publish","type":"page","link":"https:\/\/olasz.maganora.com\/it\/olaszoktatas-mikor-es-hol\/","title":{"rendered":"Hol \u00e9s Mikor?"},"content":{"rendered":"\n<h3 class=\"wp-block-heading\"><strong>Hol?<\/strong><\/h3>\n\n\n\n<p>\u00c9n Olaszorsz\u00e1gban \u00e9lek, te pedig val\u00f3sz\u00edn\u0171leg Magyarorsz\u00e1gon, a t\u00e1vols\u00e1g m\u00e9gsem probl\u00e9ma! Online, vide\u00f3\u00f3r\u00e1k keret\u00e9ben, tanulhatunk egy\u00fctt olaszul. Egy egyszer\u0171 kattint\u00e1ssal idecseppensz hozz\u00e1m R\u00f3m\u00e1ba.<\/p>\n\n\n\n<p>A vide\u00f3\u00f3r\u00e1kat <strong>itt, a honlapomon <\/strong>tal\u00e1lhat\u00f3<strong> oszt\u00e1lyteremben<\/strong> tartom, ahov\u00e1 rendk\u00edv\u00fcl egyszer\u0171en, az <a class=\"a_style\" href=\"https:\/\/osztalyterem.maganora.com\/\" target=\"_blank\" rel=\"noreferrer noopener\"><strong>OSZT\u00c1LYTEREM<\/strong><\/a> men\u00fcpontb\u00f3l, a t\u0151lem kapott hiteles\u00edt\u0151 adatokkal (felhaszn\u00e1l\u00f3n\u00e9v \u00e9s jelsz\u00f3) l\u00e9phetsz be.<\/p>\n\n\n<div class=\"wp-block-image float_right\">\n<figure class=\"alignright size-large\"><img loading=\"lazy\" decoding=\"async\" width=\"500\" height=\"375\" src=\"https:\/\/olasz.maganora.com\/wp-content\/uploads\/2021\/06\/Colosseo-1.jpg\" alt=\"\" class=\"wp-image-1025\" title=\"Colosseum\" srcset=\"https:\/\/olasz.maganora.com\/wp-content\/uploads\/2021\/06\/Colosseo-1.jpg 500w, https:\/\/olasz.maganora.com\/wp-content\/uploads\/2021\/06\/Colosseo-1-300x225.jpg 300w\" sizes=\"auto, (max-width: 500px) 100vw, 500px\" \/><\/figure>\n<\/div>\n\n\n<p><em>Nem kell<\/em> programokat let\u00f6ltened, telep\u00edtened \u00e9s konfigur\u00e1lnod!!!<\/p>\n\n\n\n<p>Mint minden tan\u00edtv\u00e1nyomnak, neked is kialak\u00edtok egy <strong>saj\u00e1t, szem\u00e9lyre szabott virtu\u00e1lis oszt\u00e1lyteremet<\/strong>, <strong>amelyhez kiz\u00e1r\u00f3lag neked van hozz\u00e1f\u00e9r\u00e9sed.<\/strong><\/p>\n\n\n\n<p>Itt tal\u00e1lkozunk a vide\u00f3\u00f3r\u00e1k alkalm\u00e1val, de egyed\u00fcl is b\u00e1rmikor bejelentkezhetsz, \u00e9s ig\u00e9nybe veheted a <strong>kieg\u00e9sz\u00edt\u0151 tananyagot<\/strong> (nyelvi kv\u00edzek, hanganyagok, vide\u00f3k, felm\u00e9r\u0151 tesztek stb.), amelyet a te egy\u00e9ni szintednek \u00e9s sz\u00fcks\u00e9gletednek megfelel\u0151en, folyamatosan t\u00f6lt\u00f6k fel. Itt adhatod be a jav\u00edt\u00e1sra k\u00e9sz h\u00e1zi feladataidat is.<\/p>\n\n\n\n<p>Az oszt\u00e1lytermeim a MOODLE platformot (Modular Object-Oriented Dynamic Learning Environment) haszn\u00e1lj\u00e1k alapul, amely az e-learning ter\u00fclet\u00e9n imm\u00e1r vil\u00e1gszerte elterjedt, nagy n\u00e9pszer\u0171s\u00e9gnek \u00f6rvend\u0151, remek\u00fcl m\u0171k\u00f6d\u0151 rendszer.<\/p>\n\n\n<div class=\"wp-block-image float_left\">\n<figure class=\"alignleft size-large\"><img loading=\"lazy\" decoding=\"async\" width=\"500\" height=\"375\" src=\"https:\/\/olasz.maganora.com\/wp-content\/uploads\/2021\/06\/San-Pietro-02.jpg\" alt=\"\" class=\"wp-image-1031\" title=\"Szent P\u00e9ter bazilika\" srcset=\"https:\/\/olasz.maganora.com\/wp-content\/uploads\/2021\/06\/San-Pietro-02.jpg 500w, https:\/\/olasz.maganora.com\/wp-content\/uploads\/2021\/06\/San-Pietro-02-300x225.jpg 300w\" sizes=\"auto, (max-width: 500px) 100vw, 500px\" \/><\/figure>\n<\/div>\n\n\n<p><\/br>K\u00fcl\u00f6nf\u00e9le eszk\u00f6zei t\u00f6k\u00e9letesen imit\u00e1lnak egy j\u00f3l felszerelt iskolai k\u00f6rnyezetet. Az interakt\u00edv t\u00e1bla haszn\u00e1lata, a k\u00e9perny\u0151 megoszt\u00e1sa, vide\u00f3k egy\u00fcttes megtekint\u00e9se, audi\u00f3k k\u00f6z\u00f6s hallgat\u00e1sa lehet\u0151v\u00e9 teszik, hogy a vide\u00f3\u00f3r\u00e1k, a di\u00e1k valamint a tan\u00e1r sz\u00e1m\u00e1ra is, az \u00e9l\u0151ben tartott \u00f3r\u00e1k \u00e9lm\u00e9ny\u00e9t ny\u00fajts\u00e1k.<\/p>\n\n\n\n<p>A legk\u00e9nyelmesebb alkalmaz\u00e1si m\u00f3dot k\u00e9ts\u00e9gtelen\u00fcl a sz\u00e1m\u00edt\u00f3g\u00e9p biztos\u00edtja, de telefonodr\u00f3l vagy tabletedr\u0151l is gond n\u00e9lk\u00fcl haszn\u00e1lhatod!<\/p>\n\n\n\n<p><span><\/br><\/span><\/p>\n\n\n\n<p>Ha ki szeretn\u00e9d pr\u00f3b\u00e1lni, keress meg, hogy id\u0151pontot egyeztess\u00fcnk az els\u0151 <a class=\"a_style\" href=\"https:\/\/olasz.maganora.com\/ingyenes-ora\/\"><strong>ingyenes pr\u00f3ba\u00f3r\u00e1ra<\/strong><\/a>!<br><br><\/p>\n\n\n\n<h3 class=\"wp-block-heading\"><br><strong>Mikor?<\/strong><\/h3>\n\n\n\n<p>Amikor neked a legk\u00e9nyelmesebb! A h\u00e9t b\u00e1rmely napj\u00e1n, ak\u00e1r h\u00e9tv\u00e9g\u00e9n is, d\u00e9lel\u0151tt, d\u00e9lut\u00e1n, vagy ak\u00e1r az esti \u00f3r\u00e1kban.<br><\/p>\n\n\n\n<p>&nbsp;<\/p>\n\n\n\n<h3 class=\"has-text-align-left\"><strong><i class=\"fas fa-puzzle-piece a_style\" style=\"text-shadow: 1px 1px 0px #000000, 0px 0px 0px #718299, 0px 0px 0px #718299, 0px 0px 0px #718299, 2px 2px 7px #718299;\"><\/i> <a style=\"text-decoration:none;\" class=\"a_style\" href=\"https:\/\/olasz.maganora.com\/olasztanitas\/\">Olasz\u00f3r\u00e1k<\/a><\/strong><\/h3>\n\n\n\n<h3 class=\"has-text-align-left\"><strong><i class=\"fas fa-puzzle-piece a_style\" style=\"text-shadow: 1px 1px 0px #000000, 0px 0px 0px #718299, 0px 0px 0px #718299, 0px 0px 0px #718299, 2px 2px 7px #718299;\"><\/i> <a style=\"text-decoration:none;\" class=\"a_style\" href=\"https:\/\/olasz.maganora.com\/oradijak\/\">\u00d3rad\u00edjak<\/a><\/strong><\/h3>\n\n\n\n<\/br><\/br><\/br>\n<div class=\"div-coda\">\n <hr class=\"separator\" width=\"240px\">\n<\/div>\n\n\n\n<p><\/p>\n","protected":false},"excerpt":{"rendered":"<p>Hol? \u00c9n Olaszorsz\u00e1gban \u00e9lek, te pedig val\u00f3sz\u00edn\u0171leg Magyarorsz\u00e1gon, a t\u00e1vols\u00e1g m\u00e9gsem probl\u00e9ma! Online, vide\u00f3\u00f3r\u00e1k keret\u00e9ben, tanulhatunk egy\u00fctt olaszul. Egy egyszer\u0171 kattint\u00e1ssal idecseppensz hozz\u00e1m R\u00f3m\u00e1ba. A vide\u00f3\u00f3r\u00e1kat itt, a honlapomon tal\u00e1lhat\u00f3 oszt\u00e1lyteremben tartom, ahov\u00e1 rendk\u00edv\u00fcl egyszer\u0171en, az OSZT\u00c1LYTEREM men\u00fcpontb\u00f3l, a t\u0151lem kapott hiteles\u00edt\u0151 adatokkal (felhaszn\u00e1l\u00f3n\u00e9v \u00e9s jelsz\u00f3) l\u00e9phetsz be. Nem kell programokat let\u00f6ltened, telep\u00edtened \u00e9s konfigur\u00e1lnod!!!&hellip; <br \/> <a class=\"read-more\" href=\"https:\/\/olasz.maganora.com\/it\/olaszoktatas-mikor-es-hol\/\">Leggi tutto<\/a><\/p>\n","protected":false},"author":1,"featured_media":0,"parent":0,"menu_order":0,"comment_status":"closed","ping_status":"closed","template":"","meta":{"footnotes":""},"class_list":["post-121","page","type-page","status-publish","hentry"],"yoast_head":"<!-- This site is optimized with the Yoast SEO plugin v27.3 - https:\/\/yoast.com\/product\/yoast-seo-wordpress\/ -->\n<title>Olasztan\u00e1r - Olasz\u00f3r\u00e1k R\u00f3m\u00e1b\u00f3l, az \u00f6r\u00f6k v\u00e1rosb\u00f3l -  Olasz\u00f3r\u00e1k R\u00f3m\u00e1b\u00f3l, az \u00f6r\u00f6k v\u00e1rosb\u00f3l<\/title>\n<meta name=\"description\" content=\"Online olasz\u00f3r\u00e1k a honlapon tal\u00e1lhat\u00f3 szem\u00e9lyre szabott virtu\u00e1lis oszt\u00e1lyteremben. Bel\u00e9p\u00e9s hiteles\u00edt\u0151 adatokkal. V\u00e1rlak a h\u00e9t b\u00e1rmely napj\u00e1n!\" \/>\n<meta name=\"robots\" content=\"index, follow, max-snippet:-1, max-image-preview:large, max-video-preview:-1\" \/>\n<link rel=\"canonical\" href=\"http:\/\/Hol?%20\u00c9n%20Olaszorsz\u00e1gban%20\u00e9lek,%20te%20pedig%20val\u00f3sz\u00edn\u0171leg%20Magyarorsz\u00e1gon,%20a%20t\u00e1vols\u00e1g%20m\u00e9gsem%20probl\u00e9ma!%20Online,%20vide\u00f3\u00f3r\u00e1k%20keret\u00e9ben,%20tanulhatunk%20egy\u00fctt%20olaszul.%20Egy%20egyszer\u0171%20kattint\u00e1ssal%20idecseppensz%20hozz\u00e1m%20R\u00f3m\u00e1ba.%20A%20vide\u00f3\u00f3r\u00e1kat%20itt,%20a%20honlapomon%20tal\u00e1lhat\u00f3%20oszt\u00e1lyteremben%20tartom,%20ahov\u00e1%20rendk\u00edv\u00fcl%20egyszer\u0171en,%20az%20OSZT\u00c1LYTEREM%20men\u00fcpontb\u00f3l,%20a%20t\u0151lem%20kapott%20hiteles\u00edt\u0151%20adatokkal%20(felhaszn\u00e1l\u00f3n\u00e9v%20\u00e9s%20jelsz\u00f3)%20l\u00e9phetsz%20be.%20Nem%20kell%20programokat%20let\u00f6ltened,%20telep\u00edtened%20\u00e9s%20konfigur\u00e1lnod!!!&hellip;\" \/>\n<meta property=\"og:locale\" content=\"it_IT\" \/>\n<meta property=\"og:type\" content=\"article\" \/>\n<meta property=\"og:title\" content=\"Olasztan\u00e1r - Olasz\u00f3r\u00e1k R\u00f3m\u00e1b\u00f3l, az \u00f6r\u00f6k v\u00e1rosb\u00f3l -  Olasz\u00f3r\u00e1k R\u00f3m\u00e1b\u00f3l, az \u00f6r\u00f6k v\u00e1rosb\u00f3l\" \/>\n<meta property=\"og:description\" content=\"Online olasz\u00f3r\u00e1k a honlapon tal\u00e1lhat\u00f3 szem\u00e9lyre szabott virtu\u00e1lis oszt\u00e1lyteremben. Bel\u00e9p\u00e9s hiteles\u00edt\u0151 adatokkal. V\u00e1rlak a h\u00e9t b\u00e1rmely napj\u00e1n!\" \/>\n<meta property=\"og:url\" content=\"https:\/\/olasz.maganora.com\/it\/olaszoktatas-mikor-es-hol\/\" \/>\n<meta property=\"og:site_name\" content=\"Olasztan\u00e1r\" \/>\n<meta property=\"article:modified_time\" content=\"2022-05-27T22:41:33+00:00\" \/>\n<meta property=\"og:image\" content=\"https:\/\/olasz.maganora.com\/wp-content\/uploads\/2021\/06\/Colosseo-1.jpg\" \/>\n<meta name=\"twitter:card\" content=\"summary_large_image\" \/>\n<meta name=\"twitter:label1\" content=\"Tempo di lettura stimato\" \/>\n\t<meta name=\"twitter:data1\" content=\"2 minuti\" \/>\n<script type=\"application\/ld+json\" class=\"yoast-schema-graph\">{\"@context\":\"https:\\\/\\\/schema.org\",\"@graph\":[{\"@type\":\"WebPage\",\"@id\":\"https:\\\/\\\/olasz.maganora.com\\\/it\\\/olaszoktatas-mikor-es-hol\\\/\",\"url\":\"https:\\\/\\\/olasz.maganora.com\\\/it\\\/olaszoktatas-mikor-es-hol\\\/\",\"name\":\"Olasztan\u00e1r - Olasz\u00f3r\u00e1k R\u00f3m\u00e1b\u00f3l, az \u00f6r\u00f6k v\u00e1rosb\u00f3l - Hol \u00e9s Mikor?\",\"isPartOf\":{\"@id\":\"https:\\\/\\\/olasz.maganora.com\\\/#website\"},\"primaryImageOfPage\":{\"@id\":\"https:\\\/\\\/olasz.maganora.com\\\/it\\\/olaszoktatas-mikor-es-hol\\\/#primaryimage\"},\"image\":{\"@id\":\"https:\\\/\\\/olasz.maganora.com\\\/it\\\/olaszoktatas-mikor-es-hol\\\/#primaryimage\"},\"thumbnailUrl\":\"https:\\\/\\\/olasz.maganora.com\\\/wp-content\\\/uploads\\\/2021\\\/06\\\/Colosseo-1.jpg\",\"datePublished\":\"2021-05-22T07:42:15+00:00\",\"dateModified\":\"2022-05-27T22:41:33+00:00\",\"description\":\"Online olasz\u00f3r\u00e1k a honlapon tal\u00e1lhat\u00f3 szem\u00e9lyre szabott virtu\u00e1lis oszt\u00e1lyteremben. Bel\u00e9p\u00e9s hiteles\u00edt\u0151 adatokkal. V\u00e1rlak a h\u00e9t b\u00e1rmely napj\u00e1n!\",\"breadcrumb\":{\"@id\":\"https:\\\/\\\/olasz.maganora.com\\\/it\\\/olaszoktatas-mikor-es-hol\\\/#breadcrumb\"},\"inLanguage\":\"it-IT\",\"potentialAction\":[{\"@type\":\"ReadAction\",\"target\":[\"https:\\\/\\\/olasz.maganora.com\\\/it\\\/olaszoktatas-mikor-es-hol\\\/\"]}]},{\"@type\":\"ImageObject\",\"inLanguage\":\"it-IT\",\"@id\":\"https:\\\/\\\/olasz.maganora.com\\\/it\\\/olaszoktatas-mikor-es-hol\\\/#primaryimage\",\"url\":\"https:\\\/\\\/olasz.maganora.com\\\/wp-content\\\/uploads\\\/2021\\\/06\\\/Colosseo-1.jpg\",\"contentUrl\":\"https:\\\/\\\/olasz.maganora.com\\\/wp-content\\\/uploads\\\/2021\\\/06\\\/Colosseo-1.jpg\"},{\"@type\":\"BreadcrumbList\",\"@id\":\"https:\\\/\\\/olasz.maganora.com\\\/it\\\/olaszoktatas-mikor-es-hol\\\/#breadcrumb\",\"itemListElement\":[{\"@type\":\"ListItem\",\"position\":1,\"name\":\"Olasztan\u00e1r\",\"item\":\"https:\\\/\\\/olasz.maganora.com\\\/\"},{\"@type\":\"ListItem\",\"position\":2,\"name\":\"Hol \u00e9s Mikor?\"}]},{\"@type\":\"WebSite\",\"@id\":\"https:\\\/\\\/olasz.maganora.com\\\/it\\\/#website\",\"url\":\"https:\\\/\\\/olasz.maganora.com\\\/it\\\/\",\"name\":\"Olasztan\u00e1r\",\"description\":\"Tanuljunk egy\u00fctt olaszul!\",\"publisher\":{\"@id\":\"https:\\\/\\\/olasz.maganora.com\\\/it\\\/#\\\/schema\\\/person\\\/d1c9caba1b17a238c28c64e4ba2a0982\"},\"potentialAction\":[{\"@type\":\"SearchAction\",\"target\":{\"@type\":\"EntryPoint\",\"urlTemplate\":\"https:\\\/\\\/olasz.maganora.com\\\/it\\\/?s={search_term_string}\"},\"query-input\":{\"@type\":\"PropertyValueSpecification\",\"valueRequired\":true,\"valueName\":\"search_term_string\"}}],\"inLanguage\":\"it-IT\"},{\"@type\":[\"Person\",\"Organization\"],\"@id\":\"https:\\\/\\\/olasz.maganora.com\\\/it\\\/#\\\/schema\\\/person\\\/d1c9caba1b17a238c28c64e4ba2a0982\",\"name\":\"Nora Schrenk\",\"image\":{\"@type\":\"ImageObject\",\"inLanguage\":\"it-IT\",\"@id\":\"https:\\\/\\\/olasz.maganora.com\\\/wp-content\\\/uploads\\\/2021\\\/05\\\/Logo-1.png\",\"url\":\"https:\\\/\\\/olasz.maganora.com\\\/wp-content\\\/uploads\\\/2021\\\/05\\\/Logo-1.png\",\"contentUrl\":\"https:\\\/\\\/olasz.maganora.com\\\/wp-content\\\/uploads\\\/2021\\\/05\\\/Logo-1.png\",\"width\":776,\"height\":259,\"caption\":\"Nora Schrenk\"},\"logo\":{\"@id\":\"https:\\\/\\\/olasz.maganora.com\\\/wp-content\\\/uploads\\\/2021\\\/05\\\/Logo-1.png\"}}]}<\/script>\n<!-- \/ Yoast SEO plugin. -->","yoast_head_json":{"title":"Olasztan\u00e1r - Olasz\u00f3r\u00e1k R\u00f3m\u00e1b\u00f3l, az \u00f6r\u00f6k v\u00e1rosb\u00f3l -  Olasz\u00f3r\u00e1k R\u00f3m\u00e1b\u00f3l, az \u00f6r\u00f6k v\u00e1rosb\u00f3l","description":"Online olasz\u00f3r\u00e1k a honlapon tal\u00e1lhat\u00f3 szem\u00e9lyre szabott virtu\u00e1lis oszt\u00e1lyteremben. Bel\u00e9p\u00e9s hiteles\u00edt\u0151 adatokkal. V\u00e1rlak a h\u00e9t b\u00e1rmely napj\u00e1n!","robots":{"index":"index","follow":"follow","max-snippet":"max-snippet:-1","max-image-preview":"max-image-preview:large","max-video-preview":"max-video-preview:-1"},"canonical":"Hol? \u00c9n Olaszorsz\u00e1gban \u00e9lek, te pedig val\u00f3sz\u00edn\u0171leg Magyarorsz\u00e1gon, a t\u00e1vols\u00e1g m\u00e9gsem probl\u00e9ma! Online, vide\u00f3\u00f3r\u00e1k keret\u00e9ben, tanulhatunk egy\u00fctt olaszul. Egy egyszer\u0171 kattint\u00e1ssal idecseppensz hozz\u00e1m R\u00f3m\u00e1ba. A vide\u00f3\u00f3r\u00e1kat itt, a honlapomon tal\u00e1lhat\u00f3 oszt\u00e1lyteremben tartom, ahov\u00e1 rendk\u00edv\u00fcl egyszer\u0171en, az OSZT\u00c1LYTEREM men\u00fcpontb\u00f3l, a t\u0151lem kapott hiteles\u00edt\u0151 adatokkal (felhaszn\u00e1l\u00f3n\u00e9v \u00e9s jelsz\u00f3) l\u00e9phetsz be. Nem kell programokat let\u00f6ltened, telep\u00edtened \u00e9s konfigur\u00e1lnod!!!&hellip;","og_locale":"it_IT","og_type":"article","og_title":"Olasztan\u00e1r - Olasz\u00f3r\u00e1k R\u00f3m\u00e1b\u00f3l, az \u00f6r\u00f6k v\u00e1rosb\u00f3l -  Olasz\u00f3r\u00e1k R\u00f3m\u00e1b\u00f3l, az \u00f6r\u00f6k v\u00e1rosb\u00f3l","og_description":"Online olasz\u00f3r\u00e1k a honlapon tal\u00e1lhat\u00f3 szem\u00e9lyre szabott virtu\u00e1lis oszt\u00e1lyteremben. Bel\u00e9p\u00e9s hiteles\u00edt\u0151 adatokkal. V\u00e1rlak a h\u00e9t b\u00e1rmely napj\u00e1n!","og_url":"https:\/\/olasz.maganora.com\/it\/olaszoktatas-mikor-es-hol\/","og_site_name":"Olasztan\u00e1r","article_modified_time":"2022-05-27T22:41:33+00:00","og_image":[{"url":"https:\/\/olasz.maganora.com\/wp-content\/uploads\/2021\/06\/Colosseo-1.jpg","type":"","width":"","height":""}],"twitter_card":"summary_large_image","twitter_misc":{"Tempo di lettura stimato":"2 minuti"},"schema":{"@context":"https:\/\/schema.org","@graph":[{"@type":"WebPage","@id":"https:\/\/olasz.maganora.com\/it\/olaszoktatas-mikor-es-hol\/","url":"https:\/\/olasz.maganora.com\/it\/olaszoktatas-mikor-es-hol\/","name":"Olasztan\u00e1r - Olasz\u00f3r\u00e1k R\u00f3m\u00e1b\u00f3l, az \u00f6r\u00f6k v\u00e1rosb\u00f3l - Hol \u00e9s Mikor?","isPartOf":{"@id":"https:\/\/olasz.maganora.com\/#website"},"primaryImageOfPage":{"@id":"https:\/\/olasz.maganora.com\/it\/olaszoktatas-mikor-es-hol\/#primaryimage"},"image":{"@id":"https:\/\/olasz.maganora.com\/it\/olaszoktatas-mikor-es-hol\/#primaryimage"},"thumbnailUrl":"https:\/\/olasz.maganora.com\/wp-content\/uploads\/2021\/06\/Colosseo-1.jpg","datePublished":"2021-05-22T07:42:15+00:00","dateModified":"2022-05-27T22:41:33+00:00","description":"Online olasz\u00f3r\u00e1k a honlapon tal\u00e1lhat\u00f3 szem\u00e9lyre szabott virtu\u00e1lis oszt\u00e1lyteremben. Bel\u00e9p\u00e9s hiteles\u00edt\u0151 adatokkal. V\u00e1rlak a h\u00e9t b\u00e1rmely napj\u00e1n!","breadcrumb":{"@id":"https:\/\/olasz.maganora.com\/it\/olaszoktatas-mikor-es-hol\/#breadcrumb"},"inLanguage":"it-IT","potentialAction":[{"@type":"ReadAction","target":["https:\/\/olasz.maganora.com\/it\/olaszoktatas-mikor-es-hol\/"]}]},{"@type":"ImageObject","inLanguage":"it-IT","@id":"https:\/\/olasz.maganora.com\/it\/olaszoktatas-mikor-es-hol\/#primaryimage","url":"https:\/\/olasz.maganora.com\/wp-content\/uploads\/2021\/06\/Colosseo-1.jpg","contentUrl":"https:\/\/olasz.maganora.com\/wp-content\/uploads\/2021\/06\/Colosseo-1.jpg"},{"@type":"BreadcrumbList","@id":"https:\/\/olasz.maganora.com\/it\/olaszoktatas-mikor-es-hol\/#breadcrumb","itemListElement":[{"@type":"ListItem","position":1,"name":"Olasztan\u00e1r","item":"https:\/\/olasz.maganora.com\/"},{"@type":"ListItem","position":2,"name":"Hol \u00e9s Mikor?"}]},{"@type":"WebSite","@id":"https:\/\/olasz.maganora.com\/it\/#website","url":"https:\/\/olasz.maganora.com\/it\/","name":"Olasztan\u00e1r","description":"Tanuljunk egy\u00fctt olaszul!","publisher":{"@id":"https:\/\/olasz.maganora.com\/it\/#\/schema\/person\/d1c9caba1b17a238c28c64e4ba2a0982"},"potentialAction":[{"@type":"SearchAction","target":{"@type":"EntryPoint","urlTemplate":"https:\/\/olasz.maganora.com\/it\/?s={search_term_string}"},"query-input":{"@type":"PropertyValueSpecification","valueRequired":true,"valueName":"search_term_string"}}],"inLanguage":"it-IT"},{"@type":["Person","Organization"],"@id":"https:\/\/olasz.maganora.com\/it\/#\/schema\/person\/d1c9caba1b17a238c28c64e4ba2a0982","name":"Nora Schrenk","image":{"@type":"ImageObject","inLanguage":"it-IT","@id":"https:\/\/olasz.maganora.com\/wp-content\/uploads\/2021\/05\/Logo-1.png","url":"https:\/\/olasz.maganora.com\/wp-content\/uploads\/2021\/05\/Logo-1.png","contentUrl":"https:\/\/olasz.maganora.com\/wp-content\/uploads\/2021\/05\/Logo-1.png","width":776,"height":259,"caption":"Nora Schrenk"},"logo":{"@id":"https:\/\/olasz.maganora.com\/wp-content\/uploads\/2021\/05\/Logo-1.png"}}]}},"_links":{"self":[{"href":"https:\/\/olasz.maganora.com\/it\/wp-json\/wp\/v2\/pages\/121","targetHints":{"allow":["GET"]}}],"collection":[{"href":"https:\/\/olasz.maganora.com\/it\/wp-json\/wp\/v2\/pages"}],"about":[{"href":"https:\/\/olasz.maganora.com\/it\/wp-json\/wp\/v2\/types\/page"}],"author":[{"embeddable":true,"href":"https:\/\/olasz.maganora.com\/it\/wp-json\/wp\/v2\/users\/1"}],"replies":[{"embeddable":true,"href":"https:\/\/olasz.maganora.com\/it\/wp-json\/wp\/v2\/comments?post=121"}],"version-history":[{"count":63,"href":"https:\/\/olasz.maganora.com\/it\/wp-json\/wp\/v2\/pages\/121\/revisions"}],"predecessor-version":[{"id":2145,"href":"https:\/\/olasz.maganora.com\/it\/wp-json\/wp\/v2\/pages\/121\/revisions\/2145"}],"wp:attachment":[{"href":"https:\/\/olasz.maganora.com\/it\/wp-json\/wp\/v2\/media?parent=121"}],"curies":[{"name":"wp","href":"https:\/\/api.w.org\/{rel}","templated":true}]}}