{"id":125,"date":"2021-05-22T08:04:41","date_gmt":"2021-05-22T06:04:41","guid":{"rendered":"https:\/\/olasz.maganora.com\/?page_id=125"},"modified":"2024-06-12T22:33:11","modified_gmt":"2024-06-12T20:33:11","slug":"oradijak","status":"publish","type":"page","link":"https:\/\/olasz.maganora.com\/it\/oradijak\/","title":{"rendered":"\u00d3rad\u00edjak"},"content":{"rendered":"\n<style>\n\nbody{\n  background-color: #d8e6ff;\n}\n\n.p-title{\n  line-height: 30px;\n  text-align: center;\n  font-size:1.4em;\n}\n.box-table-central-3{\n  min-height: 490px;\n  min-width: 300px;\n  height: 490px;\n  width:300px;\n  border: none;\n  margin-left:auto;\n  margin-right:auto;\n  background-image: url(https:\/\/olasz.maganora.com\/wp-content\/uploads\/2021\/06\/03.png);\n  background-size: 300px;\n  background-repeat: no-repeat;\n  background-position: top 30px right;\n  background-origin: border-box, border-box;\n}\n\n.td-title-3{\n   border: none;\n   text-align:left;\n   font-size:1.4em;\n   vertical-align:top;\n   padding: 0;\n}\n.td-title-3 h3{\n  font-weight: bold;\n   color:#6b7c93;\n}\n.td-table-3{\n   margin: 0;\n   padding-top: 142px;\n   vertical-align:top;\n   border: none;\n}\n\n.content-table-3{\n   margin-left:20px;\n   margin-right: auto;\n   width: 58%;\n   border: none;\n   padding-bottom: 20px;\n}\n.td-format-3{\n   min-width:26px;\n   padding: 2px;\n   margin: 0px;\n   border-style: none;\n   font-size:1.3em;\n   font-weight: bold;\n}\n.content-table-3 a{\n  text-decoration: none;\n}\n.td-time-3{\n   min-width:48px;\n   padding: 2px;\n   margin: 0px;\n   border-style: none;\n   font-size:1em;\n   letter-spacing: 0px;\n   font-weight: normal;\n   text-align: left;\n}\n.perc-3{\n   font-size:1em;\n}\n.td-value-3{\n   min-width:60px;\n   padding: 5px;\n   margin: 0px;\n   border-style: none;\n   font-size:1em;\n   font-weight: bold;\n   text-align: right;\n}\n.forint-3{\n   font-size:1em;\n   font-weight: bold;\n}\n.td-footer-3{\n   font-size: 0.80em;\n   line-height: 15px;\n   border-style: none;\n   vertical-align:bottom;\n   padding-top: 10px;\n}\n.p-footer-3{\n   font-size: 1.2em;\n   line-height: 1.3em;\n   padding-left: 10px;\n   padding-right: 40px;\n   padding-top: 10px;\n}\n.div-elenco{\n   width: 240px;\n   margin-left: auto;\n   margin-right: auto;\n   font-size:1.4em;\n   line-height:30px;\n}\n\n<\/style>\n\n\n\n<style>\n@media only screen and (max-width:780px){\n\n  .box-table-central-3{\n    min-height: 580px;\n    min-width: 340px;\n    height: 580px;\n    width:340px;\n    border: none;\n    margin-left:auto;\n    margin-right:auto;\n    background-image: url(https:\/\/olasz.maganora.com\/wp-content\/uploads\/2021\/06\/03.png);\n    background-size: 340px;\n    background-repeat: no-repeat;\n    background-position: top 30px right;\n    background-origin: border-box, border-box;\n    margin-bottom: 80px; \/*margine tra una tabella e l'altra*\/\n  }\n\n  .td-table-3{\n     margin: 0;\n     padding-top: 154px;\n     vertical-align:top;\n     border: none;\n  }\n  .content-table-3{\n     margin-left:22px;\n     margin-right: auto;\n     width: 57%;\n     border: none;\n  }\n  .td-format-3{\n     \/*min-width:12px;\n     padding: 5px;*\/\n     margin: 0px;\n     border-style: none;\n     font-size:1.6em;\n     font-weight: bold;\n     padding-bottom: 20px;\n  }\n  .content-table-3 a{\n    text-decoration: none;\n  }\n  .td-time-3{\n     \/*min-width:60px;\n     padding: 5px;*\/\n     margin: 0px;\n     border-style: none;\n     font-size:1.3em;\n     font-weight: normal;\n     text-align: right;\n  }\n  .perc-3{\n     font-size:0.6em;\n  }\n  .td-value-3{\n     \/*min-width:60px;\n     padding: 5px;*\/\n     margin: 0px;\n     border-style: none;\n     font-size:1.4em;\n     font-weight: bold;\n     text-align: right;\n  }\n  .forint-3{\n     font-size:0.9em;\n     font-weight: bold;\n  }\n  .p-footer-3{\n     font-size: 1.2em;\n     line-height: 1.3em;\n     padding-left: 20px;\n     padding-right: 20px;\n     padding-top: 20px;\n  }\n}\n<\/style>\n\n\n\n<h3 class=\"wp-block-heading has-text-align-center\"><strong>Az els\u0151 tan\u00f3ra<\/strong><\/h3>\n\n\n\n<p class=\"has-text-align-center\">Az els\u0151 \u00f3ra, amin megismerked\u00fcnk \u00e9s szintfelm\u00e9r\u00e9st tartunk, <strong>60 perces<\/strong> \u00e9s term\u00e9szetesen <strong>ingyenes<\/strong>!<br>Kattints <strong><a class=\"a_style\" href=\"https:\/\/olasz.maganora.com\/ingyenes-ora\/\">ide<\/a><\/strong> a foglal\u00e1shoz!<\/p>\n\n\n\n<p>&nbsp;<\/p>\n\n\n\n<h3 class=\"wp-block-heading has-text-align-center\"><strong>Tan\u00f3r\u00e1k \u00e9s \u00f3racsomagok d\u00edjai<\/strong><\/h3>\n\n\n\n<p><br><\/p>\n\n\n\n<div class=\"wp-block-columns is-layout-flex wp-container-core-columns-is-layout-9d6595d7 wp-block-columns-is-layout-flex\">\n<div class=\"wp-block-column is-layout-flow wp-block-column-is-layout-flow\">\n<table class=\"box-table-central-3\">\n <tbody>\n  <tr>\n   <td class=\"td-title-3\"><h3 style=\"font-size:1.3rem;\">1&nbsp;TAN\u00d3RA<\/h3><\/td>\n  <\/tr>\n  <tr>\n   <td class=\"td-table-3\" align=\"center\">\n    <table class=\"content-table-3\">\n     <tbody>\n      <tr>\n       <td class=\"td-format-3\">M<\/td>\n       <td class=\"td-time-3\">45<span class=\"perc-3\">&nbsp;perc<\/span><\/td>\n       <td class=\"td-value-3\">15,00<span class=\"forint-3\">&nbsp;\u20ac<\/span><\/td>\n      <\/tr>\n      <tr>\n       <td class=\"td-format-3\">L<\/td>\n       <td class=\"td-time-3\">90<span class=\"perc-3\">&nbsp;perc<\/span><\/td>\n       <td class=\"td-value-3\">30,00<span class=\"forint-3\">&nbsp;\u20ac<\/span><\/td>\n      <\/tr>\n     <\/tbody>\n    <\/table>\n   <\/td>\n  <\/tr>\n  <tr>\n   <td class=\"td-footer-3\" align=\"left\">\n    <p class=\"p-footer-3\">A tan\u00f3r\u00e1k a befizet\u00e9s id\u0151pontj\u00e1t\u00f3l sz\u00e1m\u00edtott legfeljebb 1 h\u00e9ten bel\u00fcl felhaszn\u00e1land\u00f3k, ellenkez\u0151 esetben elvesznek.&nbsp;&nbsp;&nbsp;&nbsp;&nbsp;&nbsp;&nbsp;&nbsp;&nbsp;&nbsp;&nbsp;&nbsp;&nbsp;&nbsp;&nbsp;&nbsp;&nbsp;&nbsp;&nbsp;&nbsp;&nbsp;&nbsp;&nbsp;&nbsp;&nbsp;&nbsp;&nbsp;&nbsp;&nbsp;&nbsp;&nbsp;&nbsp;&nbsp;&nbsp;&nbsp;&nbsp;&nbsp;&nbsp;&nbsp;&nbsp;&nbsp;&nbsp;&nbsp;&nbsp;&nbsp;&nbsp;&nbsp;&nbsp;&nbsp;&nbsp;&nbsp;&nbsp;&nbsp;&nbsp;&nbsp;<\/p>\n   <\/td>\n  <\/tr>\n <\/tbody>\n<\/table>\n<\/div>\n\n\n\n<div class=\"wp-block-column is-layout-flow wp-block-column-is-layout-flow\">\n<table class=\"box-table-central-3\">\n <tbody>\n  <tr>\n   <td class=\"td-title-3\"><h3 style=\"font-size:1.3rem;\">4&nbsp;TAN\u00d3R\u00c1S&nbsp;HAVI&nbsp;CSOMAG<\/h3><\/td>\n  <\/tr>\n  <tr>\n   <td class=\"td-table-3\" align=\"center\">\n    <table class=\"content-table-3\">\n     <tbody>\n      <tr>\n       <td class=\"td-format-3\">M<\/td>\n       <td class=\"td-time-3\">4&#215;45<span class=\"perc-3\">&nbsp;perc<\/span><\/td>\n       <td class=\"td-value-3\">60,00<span class=\"forint-3\">&nbsp;\u20ac<\/span><\/td>\n      <\/tr>\n      <tr>\n       <td class=\"td-format-3\">L<\/td>\n       <td class=\"td-time-3\">4&#215;90<span class=\"perc-3\">&nbsp;perc<\/span><\/td>\n       <td class=\"td-value-3\">120,00<span class=\"forint-3\">&nbsp;\u20ac<\/span><\/td>\n      <\/tr>\n     <\/tbody>\n    <\/table>\n   <\/td>\n  <\/tr>\n  <tr>\n   <td class=\"td-footer-3\" align=\"left\">\n    <p class=\"p-footer-3\">Az 4 tan\u00f3r\u00e1s havi csomag a befizet\u00e9s id\u0151pontj\u00e1t\u00f3l sz\u00e1m\u00edtott legfeljebb 1&nbsp;h\u00f3napon bel\u00fcl teljes eg\u00e9sz\u00e9ben felhaszn\u00e1land\u00f3. Az esetlegesen fennmarad\u00f3 tan\u00f3r\u00e1k elvesznek.<\/p>\n   <\/td>\n  <\/tr>\n <\/tbody>\n<\/table>\n<\/div>\n\n\n\n<div class=\"wp-block-column is-layout-flow wp-block-column-is-layout-flow\">\n<table class=\"box-table-central-3\">\n <tbody>\n  <tr>\n   <td class=\"td-title-3\"><h3 style=\"font-size:1.3rem;\">8&nbsp;TAN\u00d3R\u00c1S&nbsp;HAVI&nbsp;CSOMAG<\/h3><\/td>\n  <\/tr>\n  <tr>\n   <td class=\"td-table-3\" align=\"center\">\n    <table class=\"content-table-3\">\n     <tbody>\n      <tr>\n       <td class=\"td-format-3\">M<\/td>\n       <td class=\"td-time-3\">8&#215;45<span class=\"perc-3\">&nbsp;perc<\/span><\/td>\n       <td class=\"td-value-3\">120,00<span class=\"forint-3\">&nbsp;\u20ac<\/span><\/td>\n      <\/tr>\n      <tr>\n       <td class=\"td-format-3\">L<\/td>\n       <td class=\"td-time-3\">8&#215;90<span class=\"perc-3\">&nbsp;perc<\/span><\/td>\n       <td class=\"td-value-3\">240,00<span class=\"forint-3\">&nbsp;\u20ac<\/span><\/td>\n      <\/tr>\n     <\/tbody>\n    <\/table>\n   <\/td>\n  <\/tr>\n  <tr>\n   <td class=\"td-footer-3\" align=\"left\">\n    <p class=\"p-footer-3\">Az 8 tan\u00f3r\u00e1s havi csomag a befizet\u00e9s id\u0151pontj\u00e1t\u00f3l sz\u00e1m\u00edtott legfeljebb 1&nbsp;h\u00f3napon bel\u00fcl teljes eg\u00e9sz\u00e9ben felhaszn\u00e1land\u00f3. Az esetlegesen fennmarad\u00f3 tan\u00f3r\u00e1k elvesznek.<\/p>\n   <\/td>\n  <\/tr>\n <\/tbody>\n<\/table>\n<\/div>\n<\/div>\n\n\n\n<h3 class=\"wp-block-heading has-text-align-center\"><strong>Fizet\u00e9s m\u00f3dja<\/strong><\/h3>\n\n\n\n<div class=\"div-title\">\n <p class=\"p-title\">Minden esetben el\u0151fizet\u00e9ses rendszer szerint t\u00f6rt\u00e9nik.<\/p>\n<p class=\"p-title\">A tan\u00f3r\u00e1kat \u00e9s az \u00f3racsomagokat a fenti <strong><a class=\"a_style\" data-type=\"URL\" data-id=\"https:\/\/olasz.maganora.com\/kezdjuk\/\" href=\"https:\/\/olasz.maganora.com\/kezdjuk\/\">KEZDJ\u00dcK!<\/a><\/strong> men\u00fcpontban fizetheted be PayPallal vagy bankk\u00e1rty\u00e1val.<\/p>\n<\/div>\n\n\n\n<div class=\"wp-block-columns is-layout-flex wp-container-core-columns-is-layout-9d6595d7 wp-block-columns-is-layout-flex\">\n<div class=\"wp-block-column is-layout-flow wp-block-column-is-layout-flow\">\n<figure class=\"wp-block-image size-large\"><img loading=\"lazy\" decoding=\"async\" width=\"526\" height=\"621\" src=\"https:\/\/olasz.maganora.com\/wp-content\/uploads\/2021\/06\/Paypal.png\" alt=\"\" class=\"wp-image-1163\" srcset=\"https:\/\/olasz.maganora.com\/wp-content\/uploads\/2021\/06\/Paypal.png 526w, https:\/\/olasz.maganora.com\/wp-content\/uploads\/2021\/06\/Paypal-254x300.png 254w\" sizes=\"auto, (max-width: 526px) 100vw, 526px\" \/><\/figure>\n<\/div>\n\n\n\n<div class=\"wp-block-column is-layout-flow wp-block-column-is-layout-flow\">\n<figure class=\"wp-block-image size-large\"><img decoding=\"async\" src=\"https:\/\/olasz.maganora.com\/wp-content\/uploads\/2021\/06\/Carte.png\" alt=\"\"\/><\/figure>\n<\/div>\n<\/div>\n\n\n\n<div class=\"wp-block-columns is-layout-flex wp-container-core-columns-is-layout-9d6595d7 wp-block-columns-is-layout-flex\">\n<div class=\"wp-block-column is-layout-flow wp-block-column-is-layout-flow\"><\/div>\n<\/div>\n\n\n\n<\/br><\/br><\/br>\n<div class=\"div-coda\">\n <hr class=\"separator\" width=\"240px\">\n<\/div>\n","protected":false},"excerpt":{"rendered":"<p>Az els\u0151 tan\u00f3ra Az els\u0151 \u00f3ra, amin megismerked\u00fcnk \u00e9s szintfelm\u00e9r\u00e9st tartunk, 60 perces \u00e9s term\u00e9szetesen ingyenes!Kattints ide a foglal\u00e1shoz! &nbsp; Tan\u00f3r\u00e1k \u00e9s \u00f3racsomagok d\u00edjai 1&nbsp;TAN\u00d3RA M 45&nbsp;perc 15,00&nbsp;\u20ac L 90&nbsp;perc 30,00&nbsp;\u20ac A tan\u00f3r\u00e1k a befizet\u00e9s id\u0151pontj\u00e1t\u00f3l sz\u00e1m\u00edtott legfeljebb 1 h\u00e9ten bel\u00fcl felhaszn\u00e1land\u00f3k, ellenkez\u0151 esetben elvesznek.&nbsp;&nbsp;&nbsp;&nbsp;&nbsp;&nbsp;&nbsp;&nbsp;&nbsp;&nbsp;&nbsp;&nbsp;&nbsp;&nbsp;&nbsp;&nbsp;&nbsp;&nbsp;&nbsp;&nbsp;&nbsp;&nbsp;&nbsp;&nbsp;&nbsp;&nbsp;&nbsp;&nbsp;&nbsp;&nbsp;&nbsp;&nbsp;&nbsp;&nbsp;&nbsp;&nbsp;&nbsp;&nbsp;&nbsp;&nbsp;&nbsp;&nbsp;&nbsp;&nbsp;&nbsp;&nbsp;&nbsp;&nbsp;&nbsp;&nbsp;&nbsp;&nbsp;&nbsp;&nbsp;&nbsp; 4&nbsp;TAN\u00d3R\u00c1S&nbsp;HAVI&nbsp;CSOMAG M 4&#215;45&nbsp;perc 60,00&nbsp;\u20ac L 4&#215;90&nbsp;perc 120,00&nbsp;\u20ac Az 4 tan\u00f3r\u00e1s&hellip; <br \/> <a class=\"read-more\" href=\"https:\/\/olasz.maganora.com\/it\/oradijak\/\">Leggi tutto<\/a><\/p>\n","protected":false},"author":1,"featured_media":0,"parent":0,"menu_order":0,"comment_status":"closed","ping_status":"closed","template":"","meta":{"footnotes":""},"class_list":["post-125","page","type-page","status-publish","hentry"],"yoast_head":"<!-- This site is optimized with the Yoast SEO plugin v27.3 - https:\/\/yoast.com\/product\/yoast-seo-wordpress\/ -->\n<title>Olasztan\u00e1r - Olasz\u00f3r\u00e1k R\u00f3m\u00e1b\u00f3l, az \u00f6r\u00f6k v\u00e1rosb\u00f3l -  Olasz\u00f3r\u00e1k R\u00f3m\u00e1b\u00f3l, az \u00f6r\u00f6k v\u00e1rosb\u00f3l<\/title>\n<meta name=\"description\" content=\"Ingyenes pr\u00f3ba\u00f3ra - Egy\u00e9ni ig\u00e9ny szerint v\u00e1laszthat\u00f3, k\u00fcl\u00f6nf\u00e9le id\u0151tartam\u00fa tan\u00f3r\u00e1k \u00e9s \u00f3racsomagok: M-60 perc, L-90 perc, XL-120 perc\" \/>\n<meta name=\"robots\" content=\"index, follow, max-snippet:-1, max-image-preview:large, max-video-preview:-1\" \/>\n<link rel=\"canonical\" href=\"http:\/\/Az%20els\u0151%20tan\u00f3ra%20Az%20els\u0151%20\u00f3ra,%20amin%20megismerked\u00fcnk%20\u00e9s%20szintfelm\u00e9r\u00e9st%20tartunk,%2060%20perces%20\u00e9s%20term\u00e9szetesen%20ingyenes!Kattints%20ide%20a%20foglal\u00e1shoz!%20&nbsp;%20Tan\u00f3r\u00e1k%20\u00e9s%20\u00f3racsomagok%20d\u00edjai%201&nbsp;TAN\u00d3RA%20M%2045&nbsp;perc%2015,00&nbsp;\u20ac%20L%2090&nbsp;perc%2030,00&nbsp;\u20ac%20A%20tan\u00f3r\u00e1k%20a%20befizet\u00e9s%20id\u0151pontj\u00e1t\u00f3l%20sz\u00e1m\u00edtott%20legfeljebb%201%20h\u00e9ten%20bel\u00fcl%20felhaszn\u00e1land\u00f3k,%20ellenkez\u0151%20esetben%20elvesznek.&nbsp;&nbsp;&nbsp;&nbsp;&nbsp;&nbsp;&nbsp;&nbsp;&nbsp;&nbsp;&nbsp;&nbsp;&nbsp;&nbsp;&nbsp;&nbsp;&nbsp;&nbsp;&nbsp;&nbsp;&nbsp;&nbsp;&nbsp;&nbsp;&nbsp;&nbsp;&nbsp;&nbsp;&nbsp;&nbsp;&nbsp;&nbsp;&nbsp;&nbsp;&nbsp;&nbsp;&nbsp;&nbsp;&nbsp;&nbsp;&nbsp;&nbsp;&nbsp;&nbsp;&nbsp;&nbsp;&nbsp;&nbsp;&nbsp;&nbsp;&nbsp;&nbsp;&nbsp;&nbsp;&nbsp;%204&nbsp;TAN\u00d3R\u00c1S&nbsp;HAVI&nbsp;CSOMAG%20M%204x45&nbsp;perc%2060,00&nbsp;\u20ac%20L%204x90&nbsp;perc%20120,00&nbsp;\u20ac%20Az%204%20tan\u00f3r\u00e1s&hellip;\" \/>\n<meta property=\"og:locale\" content=\"it_IT\" \/>\n<meta property=\"og:type\" content=\"article\" \/>\n<meta property=\"og:title\" content=\"Olasztan\u00e1r - Olasz\u00f3r\u00e1k R\u00f3m\u00e1b\u00f3l, az \u00f6r\u00f6k v\u00e1rosb\u00f3l -  Olasz\u00f3r\u00e1k R\u00f3m\u00e1b\u00f3l, az \u00f6r\u00f6k v\u00e1rosb\u00f3l\" \/>\n<meta property=\"og:description\" content=\"Ingyenes pr\u00f3ba\u00f3ra - Egy\u00e9ni ig\u00e9ny szerint v\u00e1laszthat\u00f3, k\u00fcl\u00f6nf\u00e9le id\u0151tartam\u00fa tan\u00f3r\u00e1k \u00e9s \u00f3racsomagok: M-60 perc, L-90 perc, XL-120 perc\" \/>\n<meta property=\"og:url\" content=\"https:\/\/olasz.maganora.com\/it\/oradijak\/\" \/>\n<meta property=\"og:site_name\" content=\"Olasztan\u00e1r\" \/>\n<meta property=\"article:modified_time\" content=\"2024-06-12T20:33:11+00:00\" \/>\n<meta property=\"og:image\" content=\"https:\/\/olasz.maganora.com\/wp-content\/uploads\/2021\/06\/Paypal.png\" \/>\n<meta name=\"twitter:card\" content=\"summary_large_image\" \/>\n<meta name=\"twitter:label1\" content=\"Tempo di lettura stimato\" \/>\n\t<meta name=\"twitter:data1\" content=\"2 minuti\" \/>\n<script type=\"application\/ld+json\" class=\"yoast-schema-graph\">{\"@context\":\"https:\\\/\\\/schema.org\",\"@graph\":[{\"@type\":\"WebPage\",\"@id\":\"https:\\\/\\\/olasz.maganora.com\\\/it\\\/oradijak\\\/\",\"url\":\"https:\\\/\\\/olasz.maganora.com\\\/it\\\/oradijak\\\/\",\"name\":\"Olasztan\u00e1r - Olasz\u00f3r\u00e1k R\u00f3m\u00e1b\u00f3l, az \u00f6r\u00f6k v\u00e1rosb\u00f3l - \u00d3rad\u00edjak\",\"isPartOf\":{\"@id\":\"https:\\\/\\\/olasz.maganora.com\\\/#website\"},\"primaryImageOfPage\":{\"@id\":\"https:\\\/\\\/olasz.maganora.com\\\/it\\\/oradijak\\\/#primaryimage\"},\"image\":{\"@id\":\"https:\\\/\\\/olasz.maganora.com\\\/it\\\/oradijak\\\/#primaryimage\"},\"thumbnailUrl\":\"https:\\\/\\\/olasz.maganora.com\\\/wp-content\\\/uploads\\\/2021\\\/06\\\/Paypal.png\",\"datePublished\":\"2021-05-22T06:04:41+00:00\",\"dateModified\":\"2024-06-12T20:33:11+00:00\",\"description\":\"Ingyenes pr\u00f3ba\u00f3ra - Egy\u00e9ni ig\u00e9ny szerint v\u00e1laszthat\u00f3, k\u00fcl\u00f6nf\u00e9le id\u0151tartam\u00fa tan\u00f3r\u00e1k \u00e9s \u00f3racsomagok: M-60 perc, L-90 perc, XL-120 perc\",\"breadcrumb\":{\"@id\":\"https:\\\/\\\/olasz.maganora.com\\\/it\\\/oradijak\\\/#breadcrumb\"},\"inLanguage\":\"it-IT\",\"potentialAction\":[{\"@type\":\"ReadAction\",\"target\":[\"https:\\\/\\\/olasz.maganora.com\\\/it\\\/oradijak\\\/\"]}]},{\"@type\":\"ImageObject\",\"inLanguage\":\"it-IT\",\"@id\":\"https:\\\/\\\/olasz.maganora.com\\\/it\\\/oradijak\\\/#primaryimage\",\"url\":\"https:\\\/\\\/olasz.maganora.com\\\/wp-content\\\/uploads\\\/2021\\\/06\\\/Paypal.png\",\"contentUrl\":\"https:\\\/\\\/olasz.maganora.com\\\/wp-content\\\/uploads\\\/2021\\\/06\\\/Paypal.png\"},{\"@type\":\"BreadcrumbList\",\"@id\":\"https:\\\/\\\/olasz.maganora.com\\\/it\\\/oradijak\\\/#breadcrumb\",\"itemListElement\":[{\"@type\":\"ListItem\",\"position\":1,\"name\":\"Olasztan\u00e1r\",\"item\":\"https:\\\/\\\/olasz.maganora.com\\\/\"},{\"@type\":\"ListItem\",\"position\":2,\"name\":\"\u00d3rad\u00edjak\"}]},{\"@type\":\"WebSite\",\"@id\":\"https:\\\/\\\/olasz.maganora.com\\\/it\\\/#website\",\"url\":\"https:\\\/\\\/olasz.maganora.com\\\/it\\\/\",\"name\":\"Olasztan\u00e1r\",\"description\":\"Tanuljunk egy\u00fctt olaszul!\",\"publisher\":{\"@id\":\"https:\\\/\\\/olasz.maganora.com\\\/it\\\/#\\\/schema\\\/person\\\/d1c9caba1b17a238c28c64e4ba2a0982\"},\"potentialAction\":[{\"@type\":\"SearchAction\",\"target\":{\"@type\":\"EntryPoint\",\"urlTemplate\":\"https:\\\/\\\/olasz.maganora.com\\\/it\\\/?s={search_term_string}\"},\"query-input\":{\"@type\":\"PropertyValueSpecification\",\"valueRequired\":true,\"valueName\":\"search_term_string\"}}],\"inLanguage\":\"it-IT\"},{\"@type\":[\"Person\",\"Organization\"],\"@id\":\"https:\\\/\\\/olasz.maganora.com\\\/it\\\/#\\\/schema\\\/person\\\/d1c9caba1b17a238c28c64e4ba2a0982\",\"name\":\"Nora Schrenk\",\"image\":{\"@type\":\"ImageObject\",\"inLanguage\":\"it-IT\",\"@id\":\"https:\\\/\\\/olasz.maganora.com\\\/wp-content\\\/uploads\\\/2021\\\/05\\\/Logo-1.png\",\"url\":\"https:\\\/\\\/olasz.maganora.com\\\/wp-content\\\/uploads\\\/2021\\\/05\\\/Logo-1.png\",\"contentUrl\":\"https:\\\/\\\/olasz.maganora.com\\\/wp-content\\\/uploads\\\/2021\\\/05\\\/Logo-1.png\",\"width\":776,\"height\":259,\"caption\":\"Nora Schrenk\"},\"logo\":{\"@id\":\"https:\\\/\\\/olasz.maganora.com\\\/wp-content\\\/uploads\\\/2021\\\/05\\\/Logo-1.png\"}}]}<\/script>\n<!-- \/ Yoast SEO plugin. -->","yoast_head_json":{"title":"Olasztan\u00e1r - Olasz\u00f3r\u00e1k R\u00f3m\u00e1b\u00f3l, az \u00f6r\u00f6k v\u00e1rosb\u00f3l -  Olasz\u00f3r\u00e1k R\u00f3m\u00e1b\u00f3l, az \u00f6r\u00f6k v\u00e1rosb\u00f3l","description":"Ingyenes pr\u00f3ba\u00f3ra - Egy\u00e9ni ig\u00e9ny szerint v\u00e1laszthat\u00f3, k\u00fcl\u00f6nf\u00e9le id\u0151tartam\u00fa tan\u00f3r\u00e1k \u00e9s \u00f3racsomagok: M-60 perc, L-90 perc, XL-120 perc","robots":{"index":"index","follow":"follow","max-snippet":"max-snippet:-1","max-image-preview":"max-image-preview:large","max-video-preview":"max-video-preview:-1"},"canonical":"Az els\u0151 tan\u00f3ra Az els\u0151 \u00f3ra, amin megismerked\u00fcnk \u00e9s szintfelm\u00e9r\u00e9st tartunk, 60 perces \u00e9s term\u00e9szetesen ingyenes!Kattints ide a foglal\u00e1shoz! &nbsp; Tan\u00f3r\u00e1k \u00e9s \u00f3racsomagok d\u00edjai 1&nbsp;TAN\u00d3RA M 45&nbsp;perc 15,00&nbsp;\u20ac L 90&nbsp;perc 30,00&nbsp;\u20ac A tan\u00f3r\u00e1k a befizet\u00e9s id\u0151pontj\u00e1t\u00f3l sz\u00e1m\u00edtott legfeljebb 1 h\u00e9ten bel\u00fcl felhaszn\u00e1land\u00f3k, ellenkez\u0151 esetben elvesznek.&nbsp;&nbsp;&nbsp;&nbsp;&nbsp;&nbsp;&nbsp;&nbsp;&nbsp;&nbsp;&nbsp;&nbsp;&nbsp;&nbsp;&nbsp;&nbsp;&nbsp;&nbsp;&nbsp;&nbsp;&nbsp;&nbsp;&nbsp;&nbsp;&nbsp;&nbsp;&nbsp;&nbsp;&nbsp;&nbsp;&nbsp;&nbsp;&nbsp;&nbsp;&nbsp;&nbsp;&nbsp;&nbsp;&nbsp;&nbsp;&nbsp;&nbsp;&nbsp;&nbsp;&nbsp;&nbsp;&nbsp;&nbsp;&nbsp;&nbsp;&nbsp;&nbsp;&nbsp;&nbsp;&nbsp; 4&nbsp;TAN\u00d3R\u00c1S&nbsp;HAVI&nbsp;CSOMAG M 4x45&nbsp;perc 60,00&nbsp;\u20ac L 4x90&nbsp;perc 120,00&nbsp;\u20ac Az 4 tan\u00f3r\u00e1s&hellip;","og_locale":"it_IT","og_type":"article","og_title":"Olasztan\u00e1r - Olasz\u00f3r\u00e1k R\u00f3m\u00e1b\u00f3l, az \u00f6r\u00f6k v\u00e1rosb\u00f3l -  Olasz\u00f3r\u00e1k R\u00f3m\u00e1b\u00f3l, az \u00f6r\u00f6k v\u00e1rosb\u00f3l","og_description":"Ingyenes pr\u00f3ba\u00f3ra - Egy\u00e9ni ig\u00e9ny szerint v\u00e1laszthat\u00f3, k\u00fcl\u00f6nf\u00e9le id\u0151tartam\u00fa tan\u00f3r\u00e1k \u00e9s \u00f3racsomagok: M-60 perc, L-90 perc, XL-120 perc","og_url":"https:\/\/olasz.maganora.com\/it\/oradijak\/","og_site_name":"Olasztan\u00e1r","article_modified_time":"2024-06-12T20:33:11+00:00","og_image":[{"url":"https:\/\/olasz.maganora.com\/wp-content\/uploads\/2021\/06\/Paypal.png","type":"","width":"","height":""}],"twitter_card":"summary_large_image","twitter_misc":{"Tempo di lettura stimato":"2 minuti"},"schema":{"@context":"https:\/\/schema.org","@graph":[{"@type":"WebPage","@id":"https:\/\/olasz.maganora.com\/it\/oradijak\/","url":"https:\/\/olasz.maganora.com\/it\/oradijak\/","name":"Olasztan\u00e1r - Olasz\u00f3r\u00e1k R\u00f3m\u00e1b\u00f3l, az \u00f6r\u00f6k v\u00e1rosb\u00f3l - \u00d3rad\u00edjak","isPartOf":{"@id":"https:\/\/olasz.maganora.com\/#website"},"primaryImageOfPage":{"@id":"https:\/\/olasz.maganora.com\/it\/oradijak\/#primaryimage"},"image":{"@id":"https:\/\/olasz.maganora.com\/it\/oradijak\/#primaryimage"},"thumbnailUrl":"https:\/\/olasz.maganora.com\/wp-content\/uploads\/2021\/06\/Paypal.png","datePublished":"2021-05-22T06:04:41+00:00","dateModified":"2024-06-12T20:33:11+00:00","description":"Ingyenes pr\u00f3ba\u00f3ra - Egy\u00e9ni ig\u00e9ny szerint v\u00e1laszthat\u00f3, k\u00fcl\u00f6nf\u00e9le id\u0151tartam\u00fa tan\u00f3r\u00e1k \u00e9s \u00f3racsomagok: M-60 perc, L-90 perc, XL-120 perc","breadcrumb":{"@id":"https:\/\/olasz.maganora.com\/it\/oradijak\/#breadcrumb"},"inLanguage":"it-IT","potentialAction":[{"@type":"ReadAction","target":["https:\/\/olasz.maganora.com\/it\/oradijak\/"]}]},{"@type":"ImageObject","inLanguage":"it-IT","@id":"https:\/\/olasz.maganora.com\/it\/oradijak\/#primaryimage","url":"https:\/\/olasz.maganora.com\/wp-content\/uploads\/2021\/06\/Paypal.png","contentUrl":"https:\/\/olasz.maganora.com\/wp-content\/uploads\/2021\/06\/Paypal.png"},{"@type":"BreadcrumbList","@id":"https:\/\/olasz.maganora.com\/it\/oradijak\/#breadcrumb","itemListElement":[{"@type":"ListItem","position":1,"name":"Olasztan\u00e1r","item":"https:\/\/olasz.maganora.com\/"},{"@type":"ListItem","position":2,"name":"\u00d3rad\u00edjak"}]},{"@type":"WebSite","@id":"https:\/\/olasz.maganora.com\/it\/#website","url":"https:\/\/olasz.maganora.com\/it\/","name":"Olasztan\u00e1r","description":"Tanuljunk egy\u00fctt olaszul!","publisher":{"@id":"https:\/\/olasz.maganora.com\/it\/#\/schema\/person\/d1c9caba1b17a238c28c64e4ba2a0982"},"potentialAction":[{"@type":"SearchAction","target":{"@type":"EntryPoint","urlTemplate":"https:\/\/olasz.maganora.com\/it\/?s={search_term_string}"},"query-input":{"@type":"PropertyValueSpecification","valueRequired":true,"valueName":"search_term_string"}}],"inLanguage":"it-IT"},{"@type":["Person","Organization"],"@id":"https:\/\/olasz.maganora.com\/it\/#\/schema\/person\/d1c9caba1b17a238c28c64e4ba2a0982","name":"Nora Schrenk","image":{"@type":"ImageObject","inLanguage":"it-IT","@id":"https:\/\/olasz.maganora.com\/wp-content\/uploads\/2021\/05\/Logo-1.png","url":"https:\/\/olasz.maganora.com\/wp-content\/uploads\/2021\/05\/Logo-1.png","contentUrl":"https:\/\/olasz.maganora.com\/wp-content\/uploads\/2021\/05\/Logo-1.png","width":776,"height":259,"caption":"Nora Schrenk"},"logo":{"@id":"https:\/\/olasz.maganora.com\/wp-content\/uploads\/2021\/05\/Logo-1.png"}}]}},"_links":{"self":[{"href":"https:\/\/olasz.maganora.com\/it\/wp-json\/wp\/v2\/pages\/125","targetHints":{"allow":["GET"]}}],"collection":[{"href":"https:\/\/olasz.maganora.com\/it\/wp-json\/wp\/v2\/pages"}],"about":[{"href":"https:\/\/olasz.maganora.com\/it\/wp-json\/wp\/v2\/types\/page"}],"author":[{"embeddable":true,"href":"https:\/\/olasz.maganora.com\/it\/wp-json\/wp\/v2\/users\/1"}],"replies":[{"embeddable":true,"href":"https:\/\/olasz.maganora.com\/it\/wp-json\/wp\/v2\/comments?post=125"}],"version-history":[{"count":465,"href":"https:\/\/olasz.maganora.com\/it\/wp-json\/wp\/v2\/pages\/125\/revisions"}],"predecessor-version":[{"id":4626,"href":"https:\/\/olasz.maganora.com\/it\/wp-json\/wp\/v2\/pages\/125\/revisions\/4626"}],"wp:attachment":[{"href":"https:\/\/olasz.maganora.com\/it\/wp-json\/wp\/v2\/media?parent=125"}],"curies":[{"name":"wp","href":"https:\/\/api.w.org\/{rel}","templated":true}]}}