{"id":16,"date":"2021-05-17T07:50:44","date_gmt":"2021-05-17T07:50:44","guid":{"rendered":"https:\/\/www.olasz.maganora.com\/?page_id=16"},"modified":"2021-10-25T10:03:09","modified_gmt":"2021-10-25T10:03:09","slug":"magamrol-olaszorak","status":"publish","type":"page","link":"https:\/\/olasz.maganora.com\/it\/magamrol-olaszorak\/","title":{"rendered":"Magamr\u00f3l"},"content":{"rendered":"\n<h2 class=\"wp-block-heading\">Szia kedves Tanulni V\u00e1gy\u00f3!<\/h2>\n\n\n\n<h3 class=\"wp-block-heading\"><br><strong>Schrenk N\u00f3ra vagyok<\/strong><\/h3>\n\n\n\n<p><br>Els\u0151s gimnazista koromban szerettem bele It\u00e1li\u00e1ba \u00e9s a gy\u00f6ny\u00f6r\u0171en dallamos olasz nyelvbe, k\u00e9s\u0151bb, tov\u00e1bbi tanulm\u00e1nyaim \u00e9s utaz\u00e1saim folyam\u00e1n, az olasz kult\u00far\u00e1ba, m\u0171v\u00e9szett\u00f6rt\u00e9netbe, irodalomba, zen\u00e9be, konyham\u0171v\u00e9szetbe, \u00e9s e csod\u00e1latos orsz\u00e1g n\u00e9p\u00e9nek temperamentum\u00e1ba.<\/p>\n\n\n\n<p>Olyan \u00f3ri\u00e1si kedvvel \u00e9s szenved\u00e9llyel tanultam az olaszt, hogy szinte \u00e9szre sem vettem, \u00e9s m\u00e1r az egyetem el\u0151tt meg is lett bel\u0151le a <strong>fels\u0151fok\u00fa nyelvvizsg\u00e1m<\/strong>.<\/p>\n\n\n\n<div class=\"wp-block-image float_right is-style-default\"><figure class=\"alignright size-large\"><img decoding=\"async\" src=\"https:\/\/olasz.maganora.com\/wp-content\/uploads\/2021\/06\/Caracalla.jpg\" alt=\"\" class=\"wp-image-1006\" title=\"Caracalla term\u00e1i\"\/><\/figure><\/div>\n\n\n\n<p>1998-ban, az <strong>ELTE BTK<\/strong>-n szereztem <strong>olasz szakos tan\u00e1ri diplom\u00e1mat<\/strong>, kiv\u00e1l\u00f3 min\u0151s\u00edt\u00e9ssel.<\/p>\n\n\n\n<p>T\u00f6bb mint <strong>h\u00fasz \u00e9ve R\u00f3m\u00e1ban \u00e9lek<\/strong>. F\u00e9rjem olasz \u00e9s gyerekeink itt sz\u00fclettek. <strong>Anyanyelvi szinten besz\u00e9lek \u00e9s \u00edrok olaszul<\/strong>, \u00e9s m\u00e1r nagyon r\u00e9g\u00f3ta olaszul gondolkodom \u00e9s \u00e1lmodok.<\/p>\n\n\n\n<p>Els\u0151 mag\u00e1n\u00f3r\u00e1imat az egyetemi \u00e9vek alatt adtam. Kezdett\u0151l fogva nagy \u00f6r\u00f6m\u00f6t leltem a tan\u00edt\u00e1sban, \u00e9s az\u00f3ta is \u00f3ri\u00e1si \u00e9lvezettel \u00e9s lelkesed\u00e9ssel folytatom ezt a tev\u00e9kenys\u00e9get!<\/p>\n\n\n\n<div class=\"wp-block-image float_left\"><figure class=\"alignleft size-large\"><img decoding=\"async\" src=\"https:\/\/olasz.maganora.com\/wp-content\/uploads\/2021\/06\/Foro-02.jpg\" alt=\"\" class=\"wp-image-999\" title=\"Forum Romanum\"\/><\/figure><\/div>\n\n\n\n<p><br>Az elm\u00falt \u00e9vek sor\u00e1n, lehet\u0151s\u00e9gem ad\u00f3dott arra is, hogy olaszokat magyarra tan\u00edtsak, de kevesen vannak azok, akik bele mernek v\u00e1gni egy olyan neh\u00e9z nyelv tanul\u00e1s\u00e1ba, mint a mi anyanyelv\u00fcnk.<\/p>\n\n\n\n<p>Egy\u00e9bk\u00e9nt pedig, meg kell vallani, hogy az olaszok \u00e1ltal\u00e1ban, a leg\u00fajabb gener\u00e1ci\u00f3t lesz\u00e1m\u00edtva, nem t\u00fal igyekv\u0151k a nyelvtanul\u00e1s ter\u00e9n, ez\u00e9rt ha t\u00e1rsalogni szeretn\u00e9nk vel\u00fck, kult\u00far\u00e1jukat, szok\u00e1saikat megismerni, egyszer\u0171bb ha mi tanulunk meg olaszul, mint ha arra v\u00e1runk, hogy \u0151k tanuljanak meg magyarul :)<\/p>\n\n\n\n<\/br><\/br><\/br>\n<div class=\"div-coda\">\n <hr class=\"separator\" width=\"240px\">\n<\/div>\n","protected":false},"excerpt":{"rendered":"<p>Szia kedves Tanulni V\u00e1gy\u00f3! Schrenk N\u00f3ra vagyok Els\u0151s gimnazista koromban szerettem bele It\u00e1li\u00e1ba \u00e9s a gy\u00f6ny\u00f6r\u0171en dallamos olasz nyelvbe, k\u00e9s\u0151bb, tov\u00e1bbi tanulm\u00e1nyaim \u00e9s utaz\u00e1saim folyam\u00e1n, az olasz kult\u00far\u00e1ba, m\u0171v\u00e9szett\u00f6rt\u00e9netbe, irodalomba, zen\u00e9be, konyham\u0171v\u00e9szetbe, \u00e9s e csod\u00e1latos orsz\u00e1g n\u00e9p\u00e9nek temperamentum\u00e1ba. Olyan \u00f3ri\u00e1si kedvvel \u00e9s szenved\u00e9llyel tanultam az olaszt, hogy szinte \u00e9szre sem vettem, \u00e9s m\u00e1r az egyetem&hellip; <br \/> <a class=\"read-more\" href=\"https:\/\/olasz.maganora.com\/it\/magamrol-olaszorak\/\">Leggi tutto<\/a><\/p>\n","protected":false},"author":1,"featured_media":0,"parent":0,"menu_order":0,"comment_status":"closed","ping_status":"closed","template":"","meta":{"footnotes":""},"class_list":["post-16","page","type-page","status-publish","hentry"],"yoast_head":"<!-- This site is optimized with the Yoast SEO plugin v27.3 - https:\/\/yoast.com\/product\/yoast-seo-wordpress\/ -->\n<title>Olasztan\u00e1r - Olasz\u00f3r\u00e1k R\u00f3m\u00e1b\u00f3l, az \u00f6r\u00f6k v\u00e1rosb\u00f3l - Magamr\u00f3l<\/title>\n<meta name=\"description\" content=\"Schrenk N\u00f3ra vagyok. Az ELTE BTK-n v\u00e9geztem mint olasz szakos tan\u00e1r. T\u00f6bb mint h\u00fasz \u00e9ve R\u00f3m\u00e1ban \u00e9lek. Online olasz\u00f3r\u00e1kat adok minden szinten.\" \/>\n<meta name=\"robots\" content=\"index, follow, max-snippet:-1, max-image-preview:large, max-video-preview:-1\" \/>\n<link rel=\"canonical\" href=\"http:\/\/Szia%20kedves%20Tanulni%20V\u00e1gy\u00f3!%20Schrenk%20N\u00f3ra%20vagyok%20Els\u0151s%20gimnazista%20koromban%20szerettem%20bele%20It\u00e1li\u00e1ba%20\u00e9s%20a%20gy\u00f6ny\u00f6r\u0171en%20dallamos%20olasz%20nyelvbe,%20k\u00e9s\u0151bb,%20tov\u00e1bbi%20tanulm\u00e1nyaim%20\u00e9s%20utaz\u00e1saim%20folyam\u00e1n,%20az%20olasz%20kult\u00far\u00e1ba,%20m\u0171v\u00e9szett\u00f6rt\u00e9netbe,%20irodalomba,%20zen\u00e9be,%20konyham\u0171v\u00e9szetbe,%20\u00e9s%20e%20csod\u00e1latos%20orsz\u00e1g%20n\u00e9p\u00e9nek%20temperamentum\u00e1ba.%20Olyan%20\u00f3ri\u00e1si%20kedvvel%20\u00e9s%20szenved\u00e9llyel%20tanultam%20az%20olaszt,%20hogy%20szinte%20\u00e9szre%20sem%20vettem,%20\u00e9s%20m\u00e1r%20az%20egyetem&hellip;\" \/>\n<meta property=\"og:locale\" content=\"it_IT\" \/>\n<meta property=\"og:type\" content=\"article\" \/>\n<meta property=\"og:title\" content=\"Olasztan\u00e1r - Olasz\u00f3r\u00e1k R\u00f3m\u00e1b\u00f3l, az \u00f6r\u00f6k v\u00e1rosb\u00f3l - Magamr\u00f3l\" \/>\n<meta property=\"og:description\" content=\"Schrenk N\u00f3ra vagyok. Az ELTE BTK-n v\u00e9geztem mint olasz szakos tan\u00e1r. T\u00f6bb mint h\u00fasz \u00e9ve R\u00f3m\u00e1ban \u00e9lek. Online olasz\u00f3r\u00e1kat adok minden szinten.\" \/>\n<meta property=\"og:url\" content=\"https:\/\/olasz.maganora.com\/it\/magamrol-olaszorak\/\" \/>\n<meta property=\"og:site_name\" content=\"Olasztan\u00e1r\" \/>\n<meta property=\"article:modified_time\" content=\"2021-10-25T10:03:09+00:00\" \/>\n<meta property=\"og:image\" content=\"https:\/\/olasz.maganora.com\/wp-content\/uploads\/2021\/06\/Caracalla.jpg\" \/>\n<meta name=\"twitter:card\" content=\"summary_large_image\" \/>\n<meta name=\"twitter:label1\" content=\"Tempo di lettura stimato\" \/>\n\t<meta name=\"twitter:data1\" content=\"2 minuti\" \/>\n<script type=\"application\/ld+json\" class=\"yoast-schema-graph\">{\"@context\":\"https:\\\/\\\/schema.org\",\"@graph\":[{\"@type\":\"WebPage\",\"@id\":\"https:\\\/\\\/olasz.maganora.com\\\/it\\\/magamrol-olaszorak\\\/\",\"url\":\"https:\\\/\\\/olasz.maganora.com\\\/it\\\/magamrol-olaszorak\\\/\",\"name\":\"Olasztan\u00e1r - Olasz\u00f3r\u00e1k R\u00f3m\u00e1b\u00f3l, az \u00f6r\u00f6k v\u00e1rosb\u00f3l - Magamr\u00f3l\",\"isPartOf\":{\"@id\":\"https:\\\/\\\/olasz.maganora.com\\\/#website\"},\"primaryImageOfPage\":{\"@id\":\"https:\\\/\\\/olasz.maganora.com\\\/it\\\/magamrol-olaszorak\\\/#primaryimage\"},\"image\":{\"@id\":\"https:\\\/\\\/olasz.maganora.com\\\/it\\\/magamrol-olaszorak\\\/#primaryimage\"},\"thumbnailUrl\":\"https:\\\/\\\/olasz.maganora.com\\\/wp-content\\\/uploads\\\/2021\\\/06\\\/Caracalla.jpg\",\"datePublished\":\"2021-05-17T07:50:44+00:00\",\"dateModified\":\"2021-10-25T10:03:09+00:00\",\"description\":\"Schrenk N\u00f3ra vagyok. Az ELTE BTK-n v\u00e9geztem mint olasz szakos tan\u00e1r. T\u00f6bb mint h\u00fasz \u00e9ve R\u00f3m\u00e1ban \u00e9lek. Online olasz\u00f3r\u00e1kat adok minden szinten.\",\"breadcrumb\":{\"@id\":\"https:\\\/\\\/olasz.maganora.com\\\/it\\\/magamrol-olaszorak\\\/#breadcrumb\"},\"inLanguage\":\"it-IT\",\"potentialAction\":[{\"@type\":\"ReadAction\",\"target\":[\"https:\\\/\\\/olasz.maganora.com\\\/it\\\/magamrol-olaszorak\\\/\"]}]},{\"@type\":\"ImageObject\",\"inLanguage\":\"it-IT\",\"@id\":\"https:\\\/\\\/olasz.maganora.com\\\/it\\\/magamrol-olaszorak\\\/#primaryimage\",\"url\":\"https:\\\/\\\/olasz.maganora.com\\\/wp-content\\\/uploads\\\/2021\\\/06\\\/Caracalla.jpg\",\"contentUrl\":\"https:\\\/\\\/olasz.maganora.com\\\/wp-content\\\/uploads\\\/2021\\\/06\\\/Caracalla.jpg\"},{\"@type\":\"BreadcrumbList\",\"@id\":\"https:\\\/\\\/olasz.maganora.com\\\/it\\\/magamrol-olaszorak\\\/#breadcrumb\",\"itemListElement\":[{\"@type\":\"ListItem\",\"position\":1,\"name\":\"Olasztan\u00e1r\",\"item\":\"https:\\\/\\\/olasz.maganora.com\\\/\"},{\"@type\":\"ListItem\",\"position\":2,\"name\":\"Magamr\u00f3l\"}]},{\"@type\":\"WebSite\",\"@id\":\"https:\\\/\\\/olasz.maganora.com\\\/it\\\/#website\",\"url\":\"https:\\\/\\\/olasz.maganora.com\\\/it\\\/\",\"name\":\"Olasztan\u00e1r\",\"description\":\"Tanuljunk egy\u00fctt olaszul!\",\"publisher\":{\"@id\":\"https:\\\/\\\/olasz.maganora.com\\\/it\\\/#\\\/schema\\\/person\\\/d1c9caba1b17a238c28c64e4ba2a0982\"},\"potentialAction\":[{\"@type\":\"SearchAction\",\"target\":{\"@type\":\"EntryPoint\",\"urlTemplate\":\"https:\\\/\\\/olasz.maganora.com\\\/it\\\/?s={search_term_string}\"},\"query-input\":{\"@type\":\"PropertyValueSpecification\",\"valueRequired\":true,\"valueName\":\"search_term_string\"}}],\"inLanguage\":\"it-IT\"},{\"@type\":[\"Person\",\"Organization\"],\"@id\":\"https:\\\/\\\/olasz.maganora.com\\\/it\\\/#\\\/schema\\\/person\\\/d1c9caba1b17a238c28c64e4ba2a0982\",\"name\":\"Nora Schrenk\",\"image\":{\"@type\":\"ImageObject\",\"inLanguage\":\"it-IT\",\"@id\":\"https:\\\/\\\/olasz.maganora.com\\\/wp-content\\\/uploads\\\/2021\\\/05\\\/Logo-1.png\",\"url\":\"https:\\\/\\\/olasz.maganora.com\\\/wp-content\\\/uploads\\\/2021\\\/05\\\/Logo-1.png\",\"contentUrl\":\"https:\\\/\\\/olasz.maganora.com\\\/wp-content\\\/uploads\\\/2021\\\/05\\\/Logo-1.png\",\"width\":776,\"height\":259,\"caption\":\"Nora Schrenk\"},\"logo\":{\"@id\":\"https:\\\/\\\/olasz.maganora.com\\\/wp-content\\\/uploads\\\/2021\\\/05\\\/Logo-1.png\"}}]}<\/script>\n<!-- \/ Yoast SEO plugin. -->","yoast_head_json":{"title":"Olasztan\u00e1r - Olasz\u00f3r\u00e1k R\u00f3m\u00e1b\u00f3l, az \u00f6r\u00f6k v\u00e1rosb\u00f3l - Magamr\u00f3l","description":"Schrenk N\u00f3ra vagyok. Az ELTE BTK-n v\u00e9geztem mint olasz szakos tan\u00e1r. T\u00f6bb mint h\u00fasz \u00e9ve R\u00f3m\u00e1ban \u00e9lek. Online olasz\u00f3r\u00e1kat adok minden szinten.","robots":{"index":"index","follow":"follow","max-snippet":"max-snippet:-1","max-image-preview":"max-image-preview:large","max-video-preview":"max-video-preview:-1"},"canonical":"Szia kedves Tanulni V\u00e1gy\u00f3! Schrenk N\u00f3ra vagyok Els\u0151s gimnazista koromban szerettem bele It\u00e1li\u00e1ba \u00e9s a gy\u00f6ny\u00f6r\u0171en dallamos olasz nyelvbe, k\u00e9s\u0151bb, tov\u00e1bbi tanulm\u00e1nyaim \u00e9s utaz\u00e1saim folyam\u00e1n, az olasz kult\u00far\u00e1ba, m\u0171v\u00e9szett\u00f6rt\u00e9netbe, irodalomba, zen\u00e9be, konyham\u0171v\u00e9szetbe, \u00e9s e csod\u00e1latos orsz\u00e1g n\u00e9p\u00e9nek temperamentum\u00e1ba. Olyan \u00f3ri\u00e1si kedvvel \u00e9s szenved\u00e9llyel tanultam az olaszt, hogy szinte \u00e9szre sem vettem, \u00e9s m\u00e1r az egyetem&hellip;","og_locale":"it_IT","og_type":"article","og_title":"Olasztan\u00e1r - Olasz\u00f3r\u00e1k R\u00f3m\u00e1b\u00f3l, az \u00f6r\u00f6k v\u00e1rosb\u00f3l - Magamr\u00f3l","og_description":"Schrenk N\u00f3ra vagyok. Az ELTE BTK-n v\u00e9geztem mint olasz szakos tan\u00e1r. T\u00f6bb mint h\u00fasz \u00e9ve R\u00f3m\u00e1ban \u00e9lek. Online olasz\u00f3r\u00e1kat adok minden szinten.","og_url":"https:\/\/olasz.maganora.com\/it\/magamrol-olaszorak\/","og_site_name":"Olasztan\u00e1r","article_modified_time":"2021-10-25T10:03:09+00:00","og_image":[{"url":"https:\/\/olasz.maganora.com\/wp-content\/uploads\/2021\/06\/Caracalla.jpg","type":"","width":"","height":""}],"twitter_card":"summary_large_image","twitter_misc":{"Tempo di lettura stimato":"2 minuti"},"schema":{"@context":"https:\/\/schema.org","@graph":[{"@type":"WebPage","@id":"https:\/\/olasz.maganora.com\/it\/magamrol-olaszorak\/","url":"https:\/\/olasz.maganora.com\/it\/magamrol-olaszorak\/","name":"Olasztan\u00e1r - Olasz\u00f3r\u00e1k R\u00f3m\u00e1b\u00f3l, az \u00f6r\u00f6k v\u00e1rosb\u00f3l - Magamr\u00f3l","isPartOf":{"@id":"https:\/\/olasz.maganora.com\/#website"},"primaryImageOfPage":{"@id":"https:\/\/olasz.maganora.com\/it\/magamrol-olaszorak\/#primaryimage"},"image":{"@id":"https:\/\/olasz.maganora.com\/it\/magamrol-olaszorak\/#primaryimage"},"thumbnailUrl":"https:\/\/olasz.maganora.com\/wp-content\/uploads\/2021\/06\/Caracalla.jpg","datePublished":"2021-05-17T07:50:44+00:00","dateModified":"2021-10-25T10:03:09+00:00","description":"Schrenk N\u00f3ra vagyok. Az ELTE BTK-n v\u00e9geztem mint olasz szakos tan\u00e1r. T\u00f6bb mint h\u00fasz \u00e9ve R\u00f3m\u00e1ban \u00e9lek. Online olasz\u00f3r\u00e1kat adok minden szinten.","breadcrumb":{"@id":"https:\/\/olasz.maganora.com\/it\/magamrol-olaszorak\/#breadcrumb"},"inLanguage":"it-IT","potentialAction":[{"@type":"ReadAction","target":["https:\/\/olasz.maganora.com\/it\/magamrol-olaszorak\/"]}]},{"@type":"ImageObject","inLanguage":"it-IT","@id":"https:\/\/olasz.maganora.com\/it\/magamrol-olaszorak\/#primaryimage","url":"https:\/\/olasz.maganora.com\/wp-content\/uploads\/2021\/06\/Caracalla.jpg","contentUrl":"https:\/\/olasz.maganora.com\/wp-content\/uploads\/2021\/06\/Caracalla.jpg"},{"@type":"BreadcrumbList","@id":"https:\/\/olasz.maganora.com\/it\/magamrol-olaszorak\/#breadcrumb","itemListElement":[{"@type":"ListItem","position":1,"name":"Olasztan\u00e1r","item":"https:\/\/olasz.maganora.com\/"},{"@type":"ListItem","position":2,"name":"Magamr\u00f3l"}]},{"@type":"WebSite","@id":"https:\/\/olasz.maganora.com\/it\/#website","url":"https:\/\/olasz.maganora.com\/it\/","name":"Olasztan\u00e1r","description":"Tanuljunk egy\u00fctt olaszul!","publisher":{"@id":"https:\/\/olasz.maganora.com\/it\/#\/schema\/person\/d1c9caba1b17a238c28c64e4ba2a0982"},"potentialAction":[{"@type":"SearchAction","target":{"@type":"EntryPoint","urlTemplate":"https:\/\/olasz.maganora.com\/it\/?s={search_term_string}"},"query-input":{"@type":"PropertyValueSpecification","valueRequired":true,"valueName":"search_term_string"}}],"inLanguage":"it-IT"},{"@type":["Person","Organization"],"@id":"https:\/\/olasz.maganora.com\/it\/#\/schema\/person\/d1c9caba1b17a238c28c64e4ba2a0982","name":"Nora Schrenk","image":{"@type":"ImageObject","inLanguage":"it-IT","@id":"https:\/\/olasz.maganora.com\/wp-content\/uploads\/2021\/05\/Logo-1.png","url":"https:\/\/olasz.maganora.com\/wp-content\/uploads\/2021\/05\/Logo-1.png","contentUrl":"https:\/\/olasz.maganora.com\/wp-content\/uploads\/2021\/05\/Logo-1.png","width":776,"height":259,"caption":"Nora Schrenk"},"logo":{"@id":"https:\/\/olasz.maganora.com\/wp-content\/uploads\/2021\/05\/Logo-1.png"}}]}},"_links":{"self":[{"href":"https:\/\/olasz.maganora.com\/it\/wp-json\/wp\/v2\/pages\/16","targetHints":{"allow":["GET"]}}],"collection":[{"href":"https:\/\/olasz.maganora.com\/it\/wp-json\/wp\/v2\/pages"}],"about":[{"href":"https:\/\/olasz.maganora.com\/it\/wp-json\/wp\/v2\/types\/page"}],"author":[{"embeddable":true,"href":"https:\/\/olasz.maganora.com\/it\/wp-json\/wp\/v2\/users\/1"}],"replies":[{"embeddable":true,"href":"https:\/\/olasz.maganora.com\/it\/wp-json\/wp\/v2\/comments?post=16"}],"version-history":[{"count":46,"href":"https:\/\/olasz.maganora.com\/it\/wp-json\/wp\/v2\/pages\/16\/revisions"}],"predecessor-version":[{"id":1611,"href":"https:\/\/olasz.maganora.com\/it\/wp-json\/wp\/v2\/pages\/16\/revisions\/1611"}],"wp:attachment":[{"href":"https:\/\/olasz.maganora.com\/it\/wp-json\/wp\/v2\/media?parent=16"}],"curies":[{"name":"wp","href":"https:\/\/api.w.org\/{rel}","templated":true}]}}