{"id":325,"date":"2021-05-24T15:01:18","date_gmt":"2021-05-24T15:01:18","guid":{"rendered":"https:\/\/olasz.maganora.com\/?page_id=325"},"modified":"2021-10-25T12:51:47","modified_gmt":"2021-10-25T12:51:47","slug":"cookie-policy","status":"publish","type":"page","link":"https:\/\/olasz.maganora.com\/it\/cookie-policy\/","title":{"rendered":"S\u00fcti ir\u00e1nyelvek"},"content":{"rendered":"\n<h2 class=\"wp-block-heading\"><strong>A s\u00fctikre vonatkoz\u00f3 ir\u00e1nyelvek<\/strong><\/h2>\n\n\n\n<p>Ez a cookie-ir\u00e1nyelv elmagyar\u00e1zza, hogy mik a cookie-k \u00e9s hogyan haszn\u00e1ljuk \u0151ket, milyen t\u00edpus\u00fa s\u00fctiket haszn\u00e1lunk, azaz a cookie-k seg\u00edts\u00e9g\u00e9vel \u00f6sszegy\u0171jt\u00f6tt inform\u00e1ci\u00f3kat, \u00e9s az inform\u00e1ci\u00f3k felhaszn\u00e1l\u00e1s\u00e1nak m\u00f3dj\u00e1t, valamint a cookie-be\u00e1ll\u00edt\u00e1sok ellen\u0151rz\u00e9s\u00e9t. Az \u00d6n szem\u00e9lyes adatainak felhaszn\u00e1l\u00e1s\u00e1val, t\u00e1rol\u00e1s\u00e1val \u00e9s biztons\u00e1g\u00e1val kapcsolatos tov\u00e1bbi inform\u00e1ci\u00f3k\u00e9rt tekintse meg az <a href=\"https:\/\/olasz.maganora.com\/privacy-policy\/\"><a href=\"https:\/\/olasz.maganora.com\/privacy-policy\/\">Adatkezel\u00e9si T\u00e1j\u00e9koztat\u00f3<\/a><\/a>-t.<\/p>\n\n\n\n<p>Webhely\u00fcnk\u00f6n b\u00e1rmikor megv\u00e1ltoztathatja vagy visszavonhatja hozz\u00e1j\u00e1rul\u00e1s\u00e1t a Cookie-nyilatkozathoz.<\/p>\n\n\n\n<p>Tudjon meg t\u00f6bbet arr\u00f3l, hogy kik vagyunk, hogyan veheti fel vel\u00fcnk a kapcsolatot, \u00e9s hogyan dolgozunk fel szem\u00e9lyes adatokat az <a href=\"https:\/\/olasz.maganora.com\/privacy-policy\/\"><\/a><a href=\"https:\/\/olasz.maganora.com\/privacy-policy\/\">Adatkezel\u00e9si T\u00e1j\u00e9koztat\u00f3<\/a>-ban.<\/p>\n\n\n\n<p>Az \u00d6n hozz\u00e1j\u00e1rul\u00e1sa a k\u00f6vetkez\u0151 domainre vonatkozik: <a href=\"https:\/\/olasz.maganora.com\">www.olasz.maganora.com<\/a><\/p>\n\n\n\n<h2 class=\"wp-block-heading\"><strong>Mik a cookie-k vagy s\u00fctik?<\/strong><\/h2>\n\n\n\n<p>A cookie-k vagy s\u00fctik r\u00f6vid sz\u00f6veges f\u00e1jlok, amelyek apr\u00f3 inform\u00e1ci\u00f3kat tartalmaznak. \u00e9s amelyek az \u00d6n sz\u00e1m\u00edt\u00f3g\u00e9p\u00e9n vagy mobiltelefonj\u00e1n t\u00e1rol\u00f3dnak, amikor a maganora.com oldalt l\u00e1togatja. A cookie-k seg\u00edtenek minket abban, hogy a weboldalt megfelel\u0151en m\u0171k\u00f6dtess\u00fck, hogy biztons\u00e1gosabb\u00e1 tegy\u00fck \u00d6n sz\u00e1m\u00e1ra a b\u00f6ng\u00e9sz\u00e9st, hogy jobb felhaszn\u00e1l\u00f3i \u00e9lm\u00e9nyt ny\u00fajtsunk, \u00e9s hogy meg\u00e9rts\u00fck a weboldal m\u0171k\u00f6d\u00e9s\u00e9t, valamint elemezhess\u00fck mi m\u0171k\u00f6dik \u00e9s hol kell jav\u00edtani.<\/p>\n\n\n\n<h2 class=\"wp-block-heading\"><strong>Hogyan haszn\u00e1ljuk a s\u00fctiket?<\/strong><\/h2>\n\n\n\n<p>Mint az online szolg\u00e1ltat\u00e1sok t\u00f6bbs\u00e9ge, weboldalunk els\u0151dleges s\u00fctiket \u00e9s harmadik f\u00e9lt\u0151l sz\u00e1rmaz\u00f3 s\u00fctiket haszn\u00e1l.<\/p>\n\n\n\n<p>Az els\u0151dleges s\u00fctik t\u00f6bbnyire a webhely megfelel\u0151 m\u0171k\u00f6d\u00e9s\u00e9hez sz\u00fcks\u00e9gesek, \u00e9s nem gy\u0171jtenek semmilyen, a felhaszn\u00e1l\u00f3 szem\u00e9lyazonos\u00edt\u00e1sra alkalmas adatot.<\/p>\n\n\n\n<p>A weboldalunkon haszn\u00e1lt harmadik f\u00e9lt\u0151l sz\u00e1rmaz\u00f3 s\u00fctik els\u0151sorban az oldalunk teljes\u00edtm\u00e9ny\u00e9nek felm\u00e9r\u00e9s\u00e9ben \u00e9s annak jav\u00edt\u00e1s\u00e1ban seg\u00edtenek. Seg\u00edts\u00e9g\u00fckkel felm\u00e9rj\u00fck a l\u00e1togat\u00f3k weboldalunkkal val\u00f3 interakci\u00f3j\u00e1t, meg\u0151rizz\u00fck szolg\u00e1ltat\u00e1saink biztons\u00e1g\u00e1t \u00e9s \u00d6n sz\u00e1m\u00e1ra szem\u00e9lyes \u00e9rdekl\u0151d\u00e9si k\u00f6r\u00e9nek megfelel\u0151 aj\u00e1nlatokat biztos\u00edtitunk. \u00d6sszess\u00e9g\u00e9ben jobb felhaszn\u00e1l\u00f3i \u00e9lm\u00e9nyt biztos\u00edtanak, valamint gyorsabb\u00e1 teszik a j\u00f6v\u0151beni weboldalunkkal t\u00f6rt\u00e9n\u0151 interakci\u00f3kat.<\/p>\n\n\n\n<h2 class=\"wp-block-heading\"><strong>Milyen t\u00edpus\u00fa s\u00fctiket haszn\u00e1lunk?<\/strong><\/h2>\n\n\n\n<p><strong>Alapvet\u0151 fontoss\u00e1g\u00fa<\/strong>: N\u00e9h\u00e1ny s\u00fcti n\u00e9lk\u00fcl\u00f6zhetetlenek ahhoz, hogy \u00d6n webhely\u00fcnk teljes funkcionalit\u00e1s\u00e1t megismerhesse. Ezek lehet\u0151v\u00e9 teszik a felhaszn\u00e1l\u00f3i munkamenetek fenntart\u00e1s\u00e1t \u00e9s a biztons\u00e1gi fenyeget\u00e9sek megel\u0151z\u00e9s\u00e9t. Nem gy\u0171jtenek \u00e9s nem t\u00e1rolnak semmilyen szem\u00e9lyes inform\u00e1ci\u00f3t. Ezek a s\u00fctik p\u00e9ld\u00e1ul lehet\u0151v\u00e9 teszik, hogy bejelentkezzen a fi\u00f3kj\u00e1ba, term\u00e9keket vegyen fel a kos\u00e1rba, \u00e9s biztons\u00e1gosan fizessen.<\/p>\n\n\n\n<p><strong>Statisztika<\/strong>: Ezek a s\u00fctik olyan inform\u00e1ci\u00f3kat t\u00e1rolnak, mint a webhely l\u00e1togat\u00f3inak sz\u00e1ma, az egyedi l\u00e1togat\u00f3k sz\u00e1ma, a weboldal mely oldalai ker\u00fcltek felkeres\u00e9sre, a l\u00e1togat\u00e1s forr\u00e1sa stb. Ezek az adatok seg\u00edtenek meg\u00e9rteni \u00e9s elemezni a webhely teljes\u00edtm\u00e9ny\u00e9t \u00e9s hol szorul fejleszt\u00e9sre.<\/p>\n\n\n\n<p><strong>Marketing<\/strong>: Weboldalunk hirdet\u00e9seket jelen\u00edthet meg. Ezeket a s\u00fctiket arra haszn\u00e1ljuk, hogy szem\u00e9lyre szabhassuk az \u00d6n sz\u00e1m\u00e1ra megjelen\u00edtett hirdet\u00e9seket, hogy azok az \u00d6n sz\u00e1m\u00e1ra \u00e9rdemlegesek legyenek. Ezek a s\u00fctik seg\u00edtenek nyomon k\u00f6vetni ezen hirdet\u00e9si kamp\u00e1nyok hat\u00e9konys\u00e1g\u00e1t.<br>A s\u00fctikben t\u00e1rolt inform\u00e1ci\u00f3kat a harmadik f\u00e9l hirdet\u00e9sszolg\u00e1ltat\u00f3i felhaszn\u00e1lhatj\u00e1k arra is, hogy hirdet\u00e9seket jelen\u00edtsenek meg \u00d6nnek a b\u00f6ng\u00e9sz\u0151 m\u00e1s webhelyein is.<br>Funkcion\u00e1lis: Ezek a s\u00fctik seg\u00edtenek bizonyos nem alapvet\u0151 funkci\u00f3k m\u0171k\u00f6d\u00e9s\u00e9ben a weboldalunkon. Ezek a funkci\u00f3k magukban foglalj\u00e1k olyan tartalmak be\u00e1gyaz\u00e1s\u00e1t, mint vide\u00f3k, vagy a weboldal tartalm\u00e1nak megoszt\u00e1s\u00e1t a k\u00f6z\u00f6ss\u00e9gi m\u00e9dia platformokon.<\/p>\n\n\n\n<p><strong>Preferenci\u00e1k<\/strong>: Ezek a s\u00fctik seg\u00edtenek minket az \u00d6n be\u00e1ll\u00edt\u00e1sainak \u00e9s b\u00f6ng\u00e9sz\u00e9si szok\u00e1sainak megfelel\u0151, p\u00e9ld\u00e1ul a nyelvi be\u00e1ll\u00edt\u00e1sokat t\u00e1rolni, hogy \u00d6nnek jobb \u00e9s hat\u00e9konyabb \u00e9lm\u00e9nyt ny\u00fajthassunk a j\u00f6v\u0151beni webhelyl\u00e1togat\u00e1sok sor\u00e1n.<\/p>\n\n\n\n<h2 class=\"wp-block-heading\"><strong>Hogyan szab\u00e1lyozhatom a cookie-be\u00e1ll\u00edt\u00e1sokat?<\/strong><\/h2>\n\n\n\n<p>Ha k\u00e9s\u0151bb \u00fagy d\u00f6nt, hogy m\u00f3dos\u00edtja a be\u00e1ll\u00edt\u00e1sokat a b\u00f6ng\u00e9sz\u00e9si munkamenet sor\u00e1n, kattintson a k\u00e9perny\u0151n az &#8220;S\u00fcti be\u00e1ll\u00edt\u00e1sok&#8221; f\u00fclre. Ez ism\u00e9t megjelen\u00edti a beleegyez\u00e9sr\u0151l sz\u00f3l\u00f3 \u00e9rtes\u00edt\u00e9st, amely lehet\u0151v\u00e9 teszi a be\u00e1ll\u00edt\u00e1sok megv\u00e1ltoztat\u00e1s\u00e1t vagy a beleegyez\u00e9s teljes visszavon\u00e1s\u00e1t.<\/p>\n\n\n\n<p>Emellett, a k\u00fcl\u00f6nb\u00f6z\u0151 b\u00f6ng\u00e9sz\u0151k k\u00fcl\u00f6nb\u00f6z\u0151 m\u00f3dszereket k\u00edn\u00e1lnak a weboldalak \u00e1ltal haszn\u00e1lt s\u00fctik blokkol\u00e1s\u00e1hoz \u00e9s t\u00f6rl\u00e9s\u00e9hez. A b\u00f6ng\u00e9sz\u0151 be\u00e1ll\u00edt\u00e1sait megv\u00e1ltoztathatja a s\u00fctik letilt\u00e1s\u00e1hoz \/ t\u00f6rl\u00e9s\u00e9hez. Ha t\u00f6bbet szeretne megtudni a s\u00fctik kezel\u00e9s\u00e9r\u0151l \u00e9s t\u00f6rl\u00e9s\u00e9r\u0151l, l\u00e1togasson el a <a href=\"http:\/\/wikipedia.org\">wikipedia.org<\/a>, <a href=\"http:\/\/www.allaboutcookies.org\">http:\/\/www.allaboutcookies.org<\/a> oldalra.<\/p>\n","protected":false},"excerpt":{"rendered":"<p>A s\u00fctikre vonatkoz\u00f3 ir\u00e1nyelvek Ez a cookie-ir\u00e1nyelv elmagyar\u00e1zza, hogy mik a cookie-k \u00e9s hogyan haszn\u00e1ljuk \u0151ket, milyen t\u00edpus\u00fa s\u00fctiket haszn\u00e1lunk, azaz a cookie-k seg\u00edts\u00e9g\u00e9vel \u00f6sszegy\u0171jt\u00f6tt inform\u00e1ci\u00f3kat, \u00e9s az inform\u00e1ci\u00f3k felhaszn\u00e1l\u00e1s\u00e1nak m\u00f3dj\u00e1t, valamint a cookie-be\u00e1ll\u00edt\u00e1sok ellen\u0151rz\u00e9s\u00e9t. Az \u00d6n szem\u00e9lyes adatainak felhaszn\u00e1l\u00e1s\u00e1val, t\u00e1rol\u00e1s\u00e1val \u00e9s biztons\u00e1g\u00e1val kapcsolatos tov\u00e1bbi inform\u00e1ci\u00f3k\u00e9rt tekintse meg az Adatkezel\u00e9si T\u00e1j\u00e9koztat\u00f3-t. Webhely\u00fcnk\u00f6n b\u00e1rmikor megv\u00e1ltoztathatja vagy&hellip; <br \/> <a class=\"read-more\" href=\"https:\/\/olasz.maganora.com\/it\/cookie-policy\/\">Leggi tutto<\/a><\/p>\n","protected":false},"author":1,"featured_media":0,"parent":0,"menu_order":0,"comment_status":"closed","ping_status":"closed","template":"","meta":{"footnotes":""},"class_list":["post-325","page","type-page","status-publish","hentry"],"yoast_head":"<!-- This site is optimized with the Yoast SEO plugin v27.3 - https:\/\/yoast.com\/product\/yoast-seo-wordpress\/ -->\n<title>Olasztan\u00e1r - Olasz\u00f3r\u00e1k R\u00f3m\u00e1b\u00f3l, az \u00f6r\u00f6k v\u00e1rosb\u00f3l -  Olasz\u00f3r\u00e1k R\u00f3m\u00e1b\u00f3l, az \u00f6r\u00f6k v\u00e1rosb\u00f3l<\/title>\n<meta name=\"description\" content=\"A weboldalon coolie-kat haszn\u00e1lunk, hogy biztons\u00e1gos b\u00f6ng\u00e9sz\u00e9s mellett a legjobb felhaszn\u00e1l\u00f3i \u00e9lm\u00e9nyt ny\u00fajthassuk l\u00e1togat\u00f3ink sz\u00e1m\u00e1ra.\" \/>\n<meta name=\"robots\" content=\"noindex, nofollow\" \/>\n<meta property=\"og:locale\" content=\"it_IT\" \/>\n<meta property=\"og:type\" content=\"article\" \/>\n<meta property=\"og:title\" content=\"Olasztan\u00e1r - Olasz\u00f3r\u00e1k R\u00f3m\u00e1b\u00f3l, az \u00f6r\u00f6k v\u00e1rosb\u00f3l -  Olasz\u00f3r\u00e1k R\u00f3m\u00e1b\u00f3l, az \u00f6r\u00f6k v\u00e1rosb\u00f3l\" \/>\n<meta property=\"og:description\" content=\"A weboldalon coolie-kat haszn\u00e1lunk, hogy biztons\u00e1gos b\u00f6ng\u00e9sz\u00e9s mellett a legjobb felhaszn\u00e1l\u00f3i \u00e9lm\u00e9nyt ny\u00fajthassuk l\u00e1togat\u00f3ink sz\u00e1m\u00e1ra.\" \/>\n<meta property=\"og:url\" content=\"https:\/\/olasz.maganora.com\/it\/cookie-policy\/\" \/>\n<meta property=\"og:site_name\" content=\"Olasztan\u00e1r\" \/>\n<meta property=\"article:modified_time\" content=\"2021-10-25T12:51:47+00:00\" \/>\n<meta name=\"twitter:card\" content=\"summary_large_image\" \/>\n<meta name=\"twitter:label1\" content=\"Tempo di lettura stimato\" \/>\n\t<meta name=\"twitter:data1\" content=\"3 minuti\" \/>\n<script type=\"application\/ld+json\" class=\"yoast-schema-graph\">{\"@context\":\"https:\\\/\\\/schema.org\",\"@graph\":[{\"@type\":\"WebPage\",\"@id\":\"https:\\\/\\\/olasz.maganora.com\\\/it\\\/cookie-policy\\\/\",\"url\":\"https:\\\/\\\/olasz.maganora.com\\\/it\\\/cookie-policy\\\/\",\"name\":\"Olasztan\u00e1r - Olasz\u00f3r\u00e1k R\u00f3m\u00e1b\u00f3l, az \u00f6r\u00f6k v\u00e1rosb\u00f3l - S\u00fcti ir\u00e1nyelvek\",\"isPartOf\":{\"@id\":\"https:\\\/\\\/olasz.maganora.com\\\/#website\"},\"datePublished\":\"2021-05-24T15:01:18+00:00\",\"dateModified\":\"2021-10-25T12:51:47+00:00\",\"description\":\"A weboldalon coolie-kat haszn\u00e1lunk, hogy biztons\u00e1gos b\u00f6ng\u00e9sz\u00e9s mellett a legjobb felhaszn\u00e1l\u00f3i \u00e9lm\u00e9nyt ny\u00fajthassuk l\u00e1togat\u00f3ink sz\u00e1m\u00e1ra.\",\"breadcrumb\":{\"@id\":\"https:\\\/\\\/olasz.maganora.com\\\/it\\\/cookie-policy\\\/#breadcrumb\"},\"inLanguage\":\"it-IT\",\"potentialAction\":[{\"@type\":\"ReadAction\",\"target\":[\"https:\\\/\\\/olasz.maganora.com\\\/it\\\/cookie-policy\\\/\"]}]},{\"@type\":\"BreadcrumbList\",\"@id\":\"https:\\\/\\\/olasz.maganora.com\\\/it\\\/cookie-policy\\\/#breadcrumb\",\"itemListElement\":[{\"@type\":\"ListItem\",\"position\":1,\"name\":\"Olasztan\u00e1r\",\"item\":\"https:\\\/\\\/olasz.maganora.com\\\/\"},{\"@type\":\"ListItem\",\"position\":2,\"name\":\"S\u00fcti ir\u00e1nyelvek\"}]},{\"@type\":\"WebSite\",\"@id\":\"https:\\\/\\\/olasz.maganora.com\\\/it\\\/#website\",\"url\":\"https:\\\/\\\/olasz.maganora.com\\\/it\\\/\",\"name\":\"Olasztan\u00e1r\",\"description\":\"Tanuljunk egy\u00fctt olaszul!\",\"publisher\":{\"@id\":\"https:\\\/\\\/olasz.maganora.com\\\/it\\\/#\\\/schema\\\/person\\\/d1c9caba1b17a238c28c64e4ba2a0982\"},\"potentialAction\":[{\"@type\":\"SearchAction\",\"target\":{\"@type\":\"EntryPoint\",\"urlTemplate\":\"https:\\\/\\\/olasz.maganora.com\\\/it\\\/?s={search_term_string}\"},\"query-input\":{\"@type\":\"PropertyValueSpecification\",\"valueRequired\":true,\"valueName\":\"search_term_string\"}}],\"inLanguage\":\"it-IT\"},{\"@type\":[\"Person\",\"Organization\"],\"@id\":\"https:\\\/\\\/olasz.maganora.com\\\/it\\\/#\\\/schema\\\/person\\\/d1c9caba1b17a238c28c64e4ba2a0982\",\"name\":\"Nora Schrenk\",\"image\":{\"@type\":\"ImageObject\",\"inLanguage\":\"it-IT\",\"@id\":\"https:\\\/\\\/olasz.maganora.com\\\/wp-content\\\/uploads\\\/2021\\\/05\\\/Logo-1.png\",\"url\":\"https:\\\/\\\/olasz.maganora.com\\\/wp-content\\\/uploads\\\/2021\\\/05\\\/Logo-1.png\",\"contentUrl\":\"https:\\\/\\\/olasz.maganora.com\\\/wp-content\\\/uploads\\\/2021\\\/05\\\/Logo-1.png\",\"width\":776,\"height\":259,\"caption\":\"Nora Schrenk\"},\"logo\":{\"@id\":\"https:\\\/\\\/olasz.maganora.com\\\/wp-content\\\/uploads\\\/2021\\\/05\\\/Logo-1.png\"}}]}<\/script>\n<!-- \/ Yoast SEO plugin. -->","yoast_head_json":{"title":"Olasztan\u00e1r - Olasz\u00f3r\u00e1k R\u00f3m\u00e1b\u00f3l, az \u00f6r\u00f6k v\u00e1rosb\u00f3l -  Olasz\u00f3r\u00e1k R\u00f3m\u00e1b\u00f3l, az \u00f6r\u00f6k v\u00e1rosb\u00f3l","description":"A weboldalon coolie-kat haszn\u00e1lunk, hogy biztons\u00e1gos b\u00f6ng\u00e9sz\u00e9s mellett a legjobb felhaszn\u00e1l\u00f3i \u00e9lm\u00e9nyt ny\u00fajthassuk l\u00e1togat\u00f3ink sz\u00e1m\u00e1ra.","robots":{"index":"noindex","follow":"nofollow"},"og_locale":"it_IT","og_type":"article","og_title":"Olasztan\u00e1r - Olasz\u00f3r\u00e1k R\u00f3m\u00e1b\u00f3l, az \u00f6r\u00f6k v\u00e1rosb\u00f3l -  Olasz\u00f3r\u00e1k R\u00f3m\u00e1b\u00f3l, az \u00f6r\u00f6k v\u00e1rosb\u00f3l","og_description":"A weboldalon coolie-kat haszn\u00e1lunk, hogy biztons\u00e1gos b\u00f6ng\u00e9sz\u00e9s mellett a legjobb felhaszn\u00e1l\u00f3i \u00e9lm\u00e9nyt ny\u00fajthassuk l\u00e1togat\u00f3ink sz\u00e1m\u00e1ra.","og_url":"https:\/\/olasz.maganora.com\/it\/cookie-policy\/","og_site_name":"Olasztan\u00e1r","article_modified_time":"2021-10-25T12:51:47+00:00","twitter_card":"summary_large_image","twitter_misc":{"Tempo di lettura stimato":"3 minuti"},"schema":{"@context":"https:\/\/schema.org","@graph":[{"@type":"WebPage","@id":"https:\/\/olasz.maganora.com\/it\/cookie-policy\/","url":"https:\/\/olasz.maganora.com\/it\/cookie-policy\/","name":"Olasztan\u00e1r - Olasz\u00f3r\u00e1k R\u00f3m\u00e1b\u00f3l, az \u00f6r\u00f6k v\u00e1rosb\u00f3l - S\u00fcti ir\u00e1nyelvek","isPartOf":{"@id":"https:\/\/olasz.maganora.com\/#website"},"datePublished":"2021-05-24T15:01:18+00:00","dateModified":"2021-10-25T12:51:47+00:00","description":"A weboldalon coolie-kat haszn\u00e1lunk, hogy biztons\u00e1gos b\u00f6ng\u00e9sz\u00e9s mellett a legjobb felhaszn\u00e1l\u00f3i \u00e9lm\u00e9nyt ny\u00fajthassuk l\u00e1togat\u00f3ink sz\u00e1m\u00e1ra.","breadcrumb":{"@id":"https:\/\/olasz.maganora.com\/it\/cookie-policy\/#breadcrumb"},"inLanguage":"it-IT","potentialAction":[{"@type":"ReadAction","target":["https:\/\/olasz.maganora.com\/it\/cookie-policy\/"]}]},{"@type":"BreadcrumbList","@id":"https:\/\/olasz.maganora.com\/it\/cookie-policy\/#breadcrumb","itemListElement":[{"@type":"ListItem","position":1,"name":"Olasztan\u00e1r","item":"https:\/\/olasz.maganora.com\/"},{"@type":"ListItem","position":2,"name":"S\u00fcti ir\u00e1nyelvek"}]},{"@type":"WebSite","@id":"https:\/\/olasz.maganora.com\/it\/#website","url":"https:\/\/olasz.maganora.com\/it\/","name":"Olasztan\u00e1r","description":"Tanuljunk egy\u00fctt olaszul!","publisher":{"@id":"https:\/\/olasz.maganora.com\/it\/#\/schema\/person\/d1c9caba1b17a238c28c64e4ba2a0982"},"potentialAction":[{"@type":"SearchAction","target":{"@type":"EntryPoint","urlTemplate":"https:\/\/olasz.maganora.com\/it\/?s={search_term_string}"},"query-input":{"@type":"PropertyValueSpecification","valueRequired":true,"valueName":"search_term_string"}}],"inLanguage":"it-IT"},{"@type":["Person","Organization"],"@id":"https:\/\/olasz.maganora.com\/it\/#\/schema\/person\/d1c9caba1b17a238c28c64e4ba2a0982","name":"Nora Schrenk","image":{"@type":"ImageObject","inLanguage":"it-IT","@id":"https:\/\/olasz.maganora.com\/wp-content\/uploads\/2021\/05\/Logo-1.png","url":"https:\/\/olasz.maganora.com\/wp-content\/uploads\/2021\/05\/Logo-1.png","contentUrl":"https:\/\/olasz.maganora.com\/wp-content\/uploads\/2021\/05\/Logo-1.png","width":776,"height":259,"caption":"Nora Schrenk"},"logo":{"@id":"https:\/\/olasz.maganora.com\/wp-content\/uploads\/2021\/05\/Logo-1.png"}}]}},"_links":{"self":[{"href":"https:\/\/olasz.maganora.com\/it\/wp-json\/wp\/v2\/pages\/325","targetHints":{"allow":["GET"]}}],"collection":[{"href":"https:\/\/olasz.maganora.com\/it\/wp-json\/wp\/v2\/pages"}],"about":[{"href":"https:\/\/olasz.maganora.com\/it\/wp-json\/wp\/v2\/types\/page"}],"author":[{"embeddable":true,"href":"https:\/\/olasz.maganora.com\/it\/wp-json\/wp\/v2\/users\/1"}],"replies":[{"embeddable":true,"href":"https:\/\/olasz.maganora.com\/it\/wp-json\/wp\/v2\/comments?post=325"}],"version-history":[{"count":12,"href":"https:\/\/olasz.maganora.com\/it\/wp-json\/wp\/v2\/pages\/325\/revisions"}],"predecessor-version":[{"id":1634,"href":"https:\/\/olasz.maganora.com\/it\/wp-json\/wp\/v2\/pages\/325\/revisions\/1634"}],"wp:attachment":[{"href":"https:\/\/olasz.maganora.com\/it\/wp-json\/wp\/v2\/media?parent=325"}],"curies":[{"name":"wp","href":"https:\/\/api.w.org\/{rel}","templated":true}]}}