{"id":48,"date":"2021-05-17T08:35:21","date_gmt":"2021-05-17T08:35:21","guid":{"rendered":"https:\/\/www.olasz.maganora.com\/mesmerize\/"},"modified":"2024-06-13T21:20:06","modified_gmt":"2024-06-13T19:20:06","slug":"olasz-tanar","status":"publish","type":"page","link":"https:\/\/olasz.maganora.com\/it\/","title":{"rendered":"Olasztan\u00e1r"},"content":{"rendered":"<div  id=\"features-1\" class=\"features-16 content-section content-section-spacing\" style=\"background-color: #d8e6ff; background-image: none;\" data-label=\"Features\" data-id=\"features--1\" data-export-id=\"features-16\" data-category=\"features\">\n<div  class=\"gridContainer\">\n<div  class=\"row text-center\">\n<div  class=\"section-title-col\" data-type=\"column\">\n<h2  class=\"h2_home_page\">Online olasztan\u00edt\u00e1s<\/h2>\n<h3  class=\"h3_home_page\">A t\u00e1vols\u00e1g nem probl\u00e9ma!<\/h3>\n<h3  class=\"\"><\/h3>\n<\/div>\n<\/div>\n<div  class=\"row spaced-cols content-center-sm center-sm\" data-type=\"row\">\n<div  class=\"col-xs-12 col-sm-6 col-md-4 space-bottom\">\n<div  class=\"col-padding-small col-padding-small-xs description-container\" data-type=\"column\"><a class=\"\" href=\"https:\/\/olasz.maganora.com\/olasztanitas\" target=\"_self\" rel=\"noopener\" data-cp-link=\"1\"><img  decoding=\"async\" class=\"custom-image\" title=\"Online vide\u00f3\u00f3r\u00e1k\" src=\"https:\/\/olasz.maganora.com\/wp-content\/uploads\/2021\/06\/Online-videoorak_03_03.png\" alt=\"online olasz\u00f3r\u00e1k\"><\/a>\n<h3  class=\"h3_home_page\"><a  class=\"a_home_style\" href=\"https:\/\/olasz.maganora.com\/olasztanitas\">Online vide\u00f3\u00f3r\u00e1k<\/a><\/h3>\n<p  class=\"\"><\/p>\n\n<div  class=\"div_home_page\"><a  class=\"a_home_style\" href=\"https:\/\/olasz.maganora.com\/olasztanitas\">Minden szinten, minden koroszt\u00e1lynak\nVirtu\u00e1lis oszt\u00e1lyterem ITT A HONLAPON<\/a><\/div>\n<\/div>\n<\/div>\n<div  class=\"col-xs-12 col-sm-6 col-md-4 space-bottom\">\n<div  class=\"col-padding-small col-padding-small-xs description-container\" data-type=\"column\"><a class=\"\" href=\"https:\/\/olasz.maganora.com\/magamrol\" target=\"_self\" rel=\"noopener\" data-cp-link=\"1\"><img  decoding=\"async\" class=\"custom-image\" title=\"Anyanyelvi szinten besz\u00e9l\u0151 olasztan\u00e1r\" src=\"https:\/\/olasz.maganora.com\/wp-content\/uploads\/2021\/06\/olasztanar_03_03.png\" alt=\"online olasz\u00f3r\u00e1k\"><\/a>\n<h3  class=\"h3_home_page\"><a  class=\"a_home_style\" href=\"https:\/\/olasz.maganora.com\/magamrol\">Anyanyelvi szinten besz\u00e9l\u0151 olasztan\u00e1r<\/a><\/h3>\n<p  class=\"\"><\/p>\n\n<div  class=\"div_home_page\"><a  class=\"a_home_style\" href=\"https:\/\/olasz.maganora.com\/magamrol\">ELTE BTK olasz szakos tan\u00e1ri v\u00e9gzetts\u00e9g\u0171\nSok \u00e9ves tapasztalattal<\/a><\/div>\n<\/div>\n<\/div>\n<div  class=\"col-xs-12 col-sm-6 col-md-4 space-bottom\">\n<div  class=\"col-padding-small col-padding-small-xs description-container\" data-type=\"column\"><a class=\"\" href=\"https:\/\/olasz.maganora.com\/olaszoktatas-mikor-es-hol\" target=\"_self\" rel=\"noopener\" data-cp-link=\"1\"><img  decoding=\"async\" class=\"custom-image\" title=\"Szem\u00e9lyre szabott oktat\u00e1s\" src=\"https:\/\/olasz.maganora.com\/wp-content\/uploads\/2021\/06\/Szemelyre-szabott-oktatas_03_03.png\" alt=\"online olasz\u00f3r\u00e1k\"><\/a>\n<h3  class=\"h3_home_page\"><a  class=\"a_home_style\" href=\"https:\/\/olasz.maganora.com\/olaszoktatas-mikor-es-hol\">Szem\u00e9lyre szabott oktat\u00e1s<\/a><\/h3>\n<p  class=\"\"><\/p>\n\n<div  class=\"div_home_page\"><a  class=\"a_home_style\" href=\"https:\/\/olasz.maganora.com\/olaszoktatas-mikor-es-hol\">Egy\u00e9ni szintnek \u00e9s sz\u00fcks\u00e9gletnek megfelel\u0151,\nlet\u00f6lthet\u0151 kieg\u00e9sz\u00edt\u0151 tananyagok<\/a><\/div>\n<\/div>\n<\/div>\n<div  class=\"col-xs-12 col-sm-6 col-md-4 space-bottom\">\n<div  class=\"col-padding-small col-padding-small-xs description-container\" data-type=\"column\"><a class=\"\" href=\"https:\/\/olasz.maganora.com\/olaszoktatas-mikor-es-hol\" target=\"_self\" rel=\"noopener\" data-cp-link=\"1\"><img  decoding=\"async\" class=\"custom-image\" title=\"Rugalmas id\u0151pontok\" src=\"https:\/\/olasz.maganora.com\/wp-content\/uploads\/2021\/06\/Rugalmas-idopontok_03_03.png\" alt=\"online olasz\u00f3r\u00e1k\"><\/a>\n<h3  class=\"h3_home_page\"><a  class=\"a_home_style\" href=\"https:\/\/olasz.maganora.com\/olaszoktatas-mikor-es-hol\">Rugalmas id\u0151pontok<\/a><\/h3>\n<p  class=\"\"><\/p>\n\n<div  class=\"div_home_page\"><a  class=\"a_home_style\" href=\"https:\/\/olasz.maganora.com\/olaszoktatas-mikor-es-hol\">Tan\u00f3r\u00e1k ak\u00e1r h\u00e9tv\u00e9g\u00e9n, vagy az esti \u00f3r\u00e1kban is<\/a><\/div>\n<\/div>\n<\/div>\n<div  class=\"col-xs-12 col-sm-6 col-md-4 space-bottom\">\n<div  class=\"col-padding-small col-padding-small-xs description-container\" data-type=\"column\"><a class=\"\" href=\"https:\/\/olasz.maganora.com\/ingyenes-ora\" target=\"_self\" rel=\"noopener\" data-cp-link=\"1\"><img  decoding=\"async\" class=\"custom-image\" title=\"INGYENES PR\u00d3BA\u00d3RA\" src=\"https:\/\/olasz.maganora.com\/wp-content\/uploads\/2021\/06\/INGYENES-PROBAORA_03_03.png\" alt=\"online olasz\u00f3r\u00e1k\"><\/a>\n<h3  class=\"h3_home_page\"><a  class=\"a_home_style\" href=\"https:\/\/olasz.maganora.com\/ingyenes-ora\">INGYENES PR\u00d3BA\u00d3RA!<\/a><\/h3>\n<p  class=\"\"><\/p>\n\n<div  class=\"div_home_page\"><a  class=\"a_home_style\" href=\"https:\/\/olasz.maganora.com\/ingyenes-ora\">60 perces\nIsmerked\u00e9s \u00e9s szintfelm\u00e9r\u00e9s<\/a><\/div>\n<\/div>\n<\/div>\n<div  class=\"col-xs-12 col-sm-6 col-md-4 space-bottom\">\n<div  class=\"col-padding-small col-padding-small-xs description-container\" data-type=\"column\"><a class=\"\" href=\"https:\/\/olasz.maganora.com\/oradijak\" target=\"_self\" rel=\"noopener\" data-cp-link=\"1\"><img  decoding=\"async\" class=\"custom-image\" title=\"Egyszer\u0171 fizet\u00e9s\" src=\"https:\/\/olasz.maganora.com\/wp-content\/uploads\/2021\/06\/Egyszeru-fizetes_03_03.png\" alt=\"online olasz\u00f3r\u00e1k\"><\/a>\n<h3  class=\"h3_home_page\"><a  class=\"a_home_style\" href=\"https:\/\/olasz.maganora.com\/oradijak\">Egyszer\u0171 fizet\u00e9s<\/a><\/h3>\n<p  class=\"\"><\/p>\n\n<div  class=\"div_home_page\"><a class=\"a_home_style\" href=\"https:\/\/olasz.maganora.com\/oradijak\" target=\"_self\" rel=\"noopener\" data-cp-link=\"1\">ITT A HONLAPON hitelk\u00e1rty\u00e1val, Pay Pallal, banki \u00e1tutal\u00e1ssal<\/a><\/div>\n<\/div>\n<\/div>\n<\/div>\n<\/div>\n<\/div>","protected":false},"excerpt":{"rendered":"<p>Online olasztan\u00edt\u00e1s A t\u00e1vols\u00e1g nem probl\u00e9ma! Online vide\u00f3\u00f3r\u00e1k Minden szinten, minden koroszt\u00e1lynak Virtu\u00e1lis oszt\u00e1lyterem ITT A HONLAPON Anyanyelvi szinten besz\u00e9l\u0151 olasztan\u00e1r ELTE BTK olasz szakos tan\u00e1ri v\u00e9gzetts\u00e9g\u0171 Sok \u00e9ves tapasztalattal Szem\u00e9lyre szabott oktat\u00e1s Egy\u00e9ni szintnek \u00e9s sz\u00fcks\u00e9gletnek megfelel\u0151, let\u00f6lthet\u0151 kieg\u00e9sz\u00edt\u0151 tananyagok Rugalmas id\u0151pontok Tan\u00f3r\u00e1k ak\u00e1r h\u00e9tv\u00e9g\u00e9n, vagy az esti \u00f3r\u00e1kban is INGYENES PR\u00d3BA\u00d3RA! 60 perces&hellip; <br \/> <a class=\"read-more\" href=\"https:\/\/olasz.maganora.com\/it\/\">Leggi tutto<\/a><\/p>\n","protected":false},"author":1,"featured_media":0,"parent":0,"menu_order":0,"comment_status":"closed","ping_status":"closed","template":"page-templates\/homepage.php","meta":{"footnotes":""},"class_list":["post-48","page","type-page","status-publish","hentry"],"yoast_head":"<!-- This site is optimized with the Yoast SEO plugin v27.3 - https:\/\/yoast.com\/product\/yoast-seo-wordpress\/ -->\n<title>Olasztan\u00e1r - Olasz\u00f3r\u00e1k R\u00f3m\u00e1b\u00f3l, az \u00f6r\u00f6k v\u00e1rosb\u00f3l - F\u0151oldal<\/title>\n<meta name=\"description\" content=\"Olasz online mag\u00e1n\u00f3r\u00e1k R\u00f3m\u00e1b\u00f3l, minden szinten. ELTE b\u00f6lcs\u00e9sz diplom\u00e1s olasztan\u00e1r. Vide\u00f3\u00f3r\u00e1k a honlapon tal\u00e1lhat\u00f3 virtu\u00e1lis oszt\u00e1lytermben.\" \/>\n<meta name=\"robots\" content=\"index, follow, max-snippet:-1, max-image-preview:large, max-video-preview:-1\" \/>\n<link rel=\"canonical\" href=\"http:\/\/Online%20olasztan\u00edt\u00e1s%20A%20t\u00e1vols\u00e1g%20nem%20probl\u00e9ma!%20Online%20vide\u00f3\u00f3r\u00e1k%20Minden%20szinten,%20minden%20koroszt\u00e1lynak%20Virtu\u00e1lis%20oszt\u00e1lyterem%20ITT%20A%20HONLAPON%20Anyanyelvi%20szinten%20besz\u00e9l\u0151%20olasztan\u00e1r%20ELTE%20BTK%20olasz%20szakos%20tan\u00e1ri%20v\u00e9gzetts\u00e9g\u0171%20Sok%20\u00e9ves%20tapasztalattal%20Szem\u00e9lyre%20szabott%20oktat\u00e1s%20Egy\u00e9ni%20szintnek%20\u00e9s%20sz\u00fcks\u00e9gletnek%20megfelel\u0151,%20let\u00f6lthet\u0151%20kieg\u00e9sz\u00edt\u0151%20tananyagok%20Rugalmas%20id\u0151pontok%20Tan\u00f3r\u00e1k%20ak\u00e1r%20h\u00e9tv\u00e9g\u00e9n,%20vagy%20az%20esti%20\u00f3r\u00e1kban%20is%20INGYENES%20PR\u00d3BA\u00d3RA!%2060%20perces&hellip;\" \/>\n<meta property=\"og:locale\" content=\"it_IT\" \/>\n<meta property=\"og:type\" content=\"article\" \/>\n<meta property=\"og:title\" content=\"Olasztan\u00e1r - Olasz\u00f3r\u00e1k R\u00f3m\u00e1b\u00f3l, az \u00f6r\u00f6k v\u00e1rosb\u00f3l - F\u0151oldal\" \/>\n<meta property=\"og:description\" content=\"Olasz online mag\u00e1n\u00f3r\u00e1k R\u00f3m\u00e1b\u00f3l, minden szinten. ELTE b\u00f6lcs\u00e9sz diplom\u00e1s olasztan\u00e1r. Vide\u00f3\u00f3r\u00e1k a honlapon tal\u00e1lhat\u00f3 virtu\u00e1lis oszt\u00e1lytermben.\" \/>\n<meta property=\"og:url\" content=\"https:\/\/olasz.maganora.com\/it\/\" \/>\n<meta property=\"og:site_name\" content=\"Olasztan\u00e1r\" \/>\n<meta property=\"article:modified_time\" content=\"2024-06-13T19:20:06+00:00\" \/>\n<meta property=\"og:image\" content=\"https:\/\/olasz.maganora.com\/wp-content\/uploads\/2021\/06\/Online-videoorak_03_03.png\" \/>\n<meta name=\"twitter:card\" content=\"summary_large_image\" \/>\n<meta name=\"twitter:label1\" content=\"Tempo di lettura stimato\" \/>\n\t<meta name=\"twitter:data1\" content=\"2 minuti\" \/>\n<script type=\"application\/ld+json\" class=\"yoast-schema-graph\">{\"@context\":\"https:\\\/\\\/schema.org\",\"@graph\":[{\"@type\":\"WebPage\",\"@id\":\"https:\\\/\\\/olasz.maganora.com\\\/it\\\/\",\"url\":\"https:\\\/\\\/olasz.maganora.com\\\/it\\\/\",\"name\":\"Olasztan\u00e1r - Olasz\u00f3r\u00e1k R\u00f3m\u00e1b\u00f3l, az \u00f6r\u00f6k v\u00e1rosb\u00f3l - F\u0151oldal\",\"isPartOf\":{\"@id\":\"https:\\\/\\\/olasz.maganora.com\\\/#website\"},\"primaryImageOfPage\":{\"@id\":\"https:\\\/\\\/olasz.maganora.com\\\/it\\\/#primaryimage\"},\"image\":{\"@id\":\"https:\\\/\\\/olasz.maganora.com\\\/it\\\/#primaryimage\"},\"thumbnailUrl\":\"https:\\\/\\\/olasz.maganora.com\\\/wp-content\\\/uploads\\\/2021\\\/06\\\/Online-videoorak_03_03.png\",\"datePublished\":\"2021-05-17T08:35:21+00:00\",\"dateModified\":\"2024-06-13T19:20:06+00:00\",\"description\":\"Olasz online mag\u00e1n\u00f3r\u00e1k R\u00f3m\u00e1b\u00f3l, minden szinten. ELTE b\u00f6lcs\u00e9sz diplom\u00e1s olasztan\u00e1r. Vide\u00f3\u00f3r\u00e1k a honlapon tal\u00e1lhat\u00f3 virtu\u00e1lis oszt\u00e1lytermben.\",\"breadcrumb\":{\"@id\":\"https:\\\/\\\/olasz.maganora.com\\\/it\\\/#breadcrumb\"},\"inLanguage\":\"it-IT\",\"potentialAction\":[{\"@type\":\"ReadAction\",\"target\":[\"https:\\\/\\\/olasz.maganora.com\\\/it\\\/\"]}]},{\"@type\":\"ImageObject\",\"inLanguage\":\"it-IT\",\"@id\":\"https:\\\/\\\/olasz.maganora.com\\\/it\\\/#primaryimage\",\"url\":\"https:\\\/\\\/olasz.maganora.com\\\/wp-content\\\/uploads\\\/2021\\\/06\\\/Online-videoorak_03_03.png\",\"contentUrl\":\"https:\\\/\\\/olasz.maganora.com\\\/wp-content\\\/uploads\\\/2021\\\/06\\\/Online-videoorak_03_03.png\"},{\"@type\":\"BreadcrumbList\",\"@id\":\"https:\\\/\\\/olasz.maganora.com\\\/it\\\/#breadcrumb\",\"itemListElement\":[{\"@type\":\"ListItem\",\"position\":1,\"name\":\"Olasztan\u00e1r\",\"item\":\"https:\\\/\\\/olasz.maganora.com\\\/\"},{\"@type\":\"ListItem\",\"position\":2,\"name\":\"Olasztan\u00e1r\"}]},{\"@type\":\"WebSite\",\"@id\":\"https:\\\/\\\/olasz.maganora.com\\\/it\\\/#website\",\"url\":\"https:\\\/\\\/olasz.maganora.com\\\/it\\\/\",\"name\":\"Olasztan\u00e1r\",\"description\":\"Tanuljunk egy\u00fctt olaszul!\",\"publisher\":{\"@id\":\"https:\\\/\\\/olasz.maganora.com\\\/it\\\/#\\\/schema\\\/person\\\/d1c9caba1b17a238c28c64e4ba2a0982\"},\"potentialAction\":[{\"@type\":\"SearchAction\",\"target\":{\"@type\":\"EntryPoint\",\"urlTemplate\":\"https:\\\/\\\/olasz.maganora.com\\\/it\\\/?s={search_term_string}\"},\"query-input\":{\"@type\":\"PropertyValueSpecification\",\"valueRequired\":true,\"valueName\":\"search_term_string\"}}],\"inLanguage\":\"it-IT\"},{\"@type\":[\"Person\",\"Organization\"],\"@id\":\"https:\\\/\\\/olasz.maganora.com\\\/it\\\/#\\\/schema\\\/person\\\/d1c9caba1b17a238c28c64e4ba2a0982\",\"name\":\"Nora Schrenk\",\"image\":{\"@type\":\"ImageObject\",\"inLanguage\":\"it-IT\",\"@id\":\"https:\\\/\\\/olasz.maganora.com\\\/wp-content\\\/uploads\\\/2021\\\/05\\\/Logo-1.png\",\"url\":\"https:\\\/\\\/olasz.maganora.com\\\/wp-content\\\/uploads\\\/2021\\\/05\\\/Logo-1.png\",\"contentUrl\":\"https:\\\/\\\/olasz.maganora.com\\\/wp-content\\\/uploads\\\/2021\\\/05\\\/Logo-1.png\",\"width\":776,\"height\":259,\"caption\":\"Nora Schrenk\"},\"logo\":{\"@id\":\"https:\\\/\\\/olasz.maganora.com\\\/wp-content\\\/uploads\\\/2021\\\/05\\\/Logo-1.png\"}}]}<\/script>\n<!-- \/ Yoast SEO plugin. -->","yoast_head_json":{"title":"Olasztan\u00e1r - Olasz\u00f3r\u00e1k R\u00f3m\u00e1b\u00f3l, az \u00f6r\u00f6k v\u00e1rosb\u00f3l - F\u0151oldal","description":"Olasz online mag\u00e1n\u00f3r\u00e1k R\u00f3m\u00e1b\u00f3l, minden szinten. ELTE b\u00f6lcs\u00e9sz diplom\u00e1s olasztan\u00e1r. Vide\u00f3\u00f3r\u00e1k a honlapon tal\u00e1lhat\u00f3 virtu\u00e1lis oszt\u00e1lytermben.","robots":{"index":"index","follow":"follow","max-snippet":"max-snippet:-1","max-image-preview":"max-image-preview:large","max-video-preview":"max-video-preview:-1"},"canonical":"Online olasztan\u00edt\u00e1s A t\u00e1vols\u00e1g nem probl\u00e9ma! Online vide\u00f3\u00f3r\u00e1k Minden szinten, minden koroszt\u00e1lynak Virtu\u00e1lis oszt\u00e1lyterem ITT A HONLAPON Anyanyelvi szinten besz\u00e9l\u0151 olasztan\u00e1r ELTE BTK olasz szakos tan\u00e1ri v\u00e9gzetts\u00e9g\u0171 Sok \u00e9ves tapasztalattal Szem\u00e9lyre szabott oktat\u00e1s Egy\u00e9ni szintnek \u00e9s sz\u00fcks\u00e9gletnek megfelel\u0151, let\u00f6lthet\u0151 kieg\u00e9sz\u00edt\u0151 tananyagok Rugalmas id\u0151pontok Tan\u00f3r\u00e1k ak\u00e1r h\u00e9tv\u00e9g\u00e9n, vagy az esti \u00f3r\u00e1kban is INGYENES PR\u00d3BA\u00d3RA! 60 perces&hellip;","og_locale":"it_IT","og_type":"article","og_title":"Olasztan\u00e1r - Olasz\u00f3r\u00e1k R\u00f3m\u00e1b\u00f3l, az \u00f6r\u00f6k v\u00e1rosb\u00f3l - F\u0151oldal","og_description":"Olasz online mag\u00e1n\u00f3r\u00e1k R\u00f3m\u00e1b\u00f3l, minden szinten. ELTE b\u00f6lcs\u00e9sz diplom\u00e1s olasztan\u00e1r. Vide\u00f3\u00f3r\u00e1k a honlapon tal\u00e1lhat\u00f3 virtu\u00e1lis oszt\u00e1lytermben.","og_url":"https:\/\/olasz.maganora.com\/it\/","og_site_name":"Olasztan\u00e1r","article_modified_time":"2024-06-13T19:20:06+00:00","og_image":[{"url":"https:\/\/olasz.maganora.com\/wp-content\/uploads\/2021\/06\/Online-videoorak_03_03.png","type":"","width":"","height":""}],"twitter_card":"summary_large_image","twitter_misc":{"Tempo di lettura stimato":"2 minuti"},"schema":{"@context":"https:\/\/schema.org","@graph":[{"@type":"WebPage","@id":"https:\/\/olasz.maganora.com\/it\/","url":"https:\/\/olasz.maganora.com\/it\/","name":"Olasztan\u00e1r - Olasz\u00f3r\u00e1k R\u00f3m\u00e1b\u00f3l, az \u00f6r\u00f6k v\u00e1rosb\u00f3l - F\u0151oldal","isPartOf":{"@id":"https:\/\/olasz.maganora.com\/#website"},"primaryImageOfPage":{"@id":"https:\/\/olasz.maganora.com\/it\/#primaryimage"},"image":{"@id":"https:\/\/olasz.maganora.com\/it\/#primaryimage"},"thumbnailUrl":"https:\/\/olasz.maganora.com\/wp-content\/uploads\/2021\/06\/Online-videoorak_03_03.png","datePublished":"2021-05-17T08:35:21+00:00","dateModified":"2024-06-13T19:20:06+00:00","description":"Olasz online mag\u00e1n\u00f3r\u00e1k R\u00f3m\u00e1b\u00f3l, minden szinten. ELTE b\u00f6lcs\u00e9sz diplom\u00e1s olasztan\u00e1r. Vide\u00f3\u00f3r\u00e1k a honlapon tal\u00e1lhat\u00f3 virtu\u00e1lis oszt\u00e1lytermben.","breadcrumb":{"@id":"https:\/\/olasz.maganora.com\/it\/#breadcrumb"},"inLanguage":"it-IT","potentialAction":[{"@type":"ReadAction","target":["https:\/\/olasz.maganora.com\/it\/"]}]},{"@type":"ImageObject","inLanguage":"it-IT","@id":"https:\/\/olasz.maganora.com\/it\/#primaryimage","url":"https:\/\/olasz.maganora.com\/wp-content\/uploads\/2021\/06\/Online-videoorak_03_03.png","contentUrl":"https:\/\/olasz.maganora.com\/wp-content\/uploads\/2021\/06\/Online-videoorak_03_03.png"},{"@type":"BreadcrumbList","@id":"https:\/\/olasz.maganora.com\/it\/#breadcrumb","itemListElement":[{"@type":"ListItem","position":1,"name":"Olasztan\u00e1r","item":"https:\/\/olasz.maganora.com\/"},{"@type":"ListItem","position":2,"name":"Olasztan\u00e1r"}]},{"@type":"WebSite","@id":"https:\/\/olasz.maganora.com\/it\/#website","url":"https:\/\/olasz.maganora.com\/it\/","name":"Olasztan\u00e1r","description":"Tanuljunk egy\u00fctt olaszul!","publisher":{"@id":"https:\/\/olasz.maganora.com\/it\/#\/schema\/person\/d1c9caba1b17a238c28c64e4ba2a0982"},"potentialAction":[{"@type":"SearchAction","target":{"@type":"EntryPoint","urlTemplate":"https:\/\/olasz.maganora.com\/it\/?s={search_term_string}"},"query-input":{"@type":"PropertyValueSpecification","valueRequired":true,"valueName":"search_term_string"}}],"inLanguage":"it-IT"},{"@type":["Person","Organization"],"@id":"https:\/\/olasz.maganora.com\/it\/#\/schema\/person\/d1c9caba1b17a238c28c64e4ba2a0982","name":"Nora Schrenk","image":{"@type":"ImageObject","inLanguage":"it-IT","@id":"https:\/\/olasz.maganora.com\/wp-content\/uploads\/2021\/05\/Logo-1.png","url":"https:\/\/olasz.maganora.com\/wp-content\/uploads\/2021\/05\/Logo-1.png","contentUrl":"https:\/\/olasz.maganora.com\/wp-content\/uploads\/2021\/05\/Logo-1.png","width":776,"height":259,"caption":"Nora Schrenk"},"logo":{"@id":"https:\/\/olasz.maganora.com\/wp-content\/uploads\/2021\/05\/Logo-1.png"}}]}},"_links":{"self":[{"href":"https:\/\/olasz.maganora.com\/it\/wp-json\/wp\/v2\/pages\/48","targetHints":{"allow":["GET"]}}],"collection":[{"href":"https:\/\/olasz.maganora.com\/it\/wp-json\/wp\/v2\/pages"}],"about":[{"href":"https:\/\/olasz.maganora.com\/it\/wp-json\/wp\/v2\/types\/page"}],"author":[{"embeddable":true,"href":"https:\/\/olasz.maganora.com\/it\/wp-json\/wp\/v2\/users\/1"}],"replies":[{"embeddable":true,"href":"https:\/\/olasz.maganora.com\/it\/wp-json\/wp\/v2\/comments?post=48"}],"version-history":[{"count":63,"href":"https:\/\/olasz.maganora.com\/it\/wp-json\/wp\/v2\/pages\/48\/revisions"}],"predecessor-version":[{"id":4629,"href":"https:\/\/olasz.maganora.com\/it\/wp-json\/wp\/v2\/pages\/48\/revisions\/4629"}],"wp:attachment":[{"href":"https:\/\/olasz.maganora.com\/it\/wp-json\/wp\/v2\/media?parent=48"}],"curies":[{"name":"wp","href":"https:\/\/api.w.org\/{rel}","templated":true}]}}