{"id":614,"date":"2021-05-26T18:26:54","date_gmt":"2021-05-26T18:26:54","guid":{"rendered":"https:\/\/olasz.maganora.com\/?page_id=614"},"modified":"2022-03-05T10:40:33","modified_gmt":"2022-03-05T10:40:33","slug":"ingyenes-ora","status":"publish","type":"page","link":"https:\/\/olasz.maganora.com\/it\/ingyenes-ora\/","title":{"rendered":"Ingyenes \u00f3ra"},"content":{"rendered":"\n<p>Velem is t\u00f6bbsz\u00f6r el\u0151fordult, hogy mag\u00e1ntan\u00e1rt kerestem saj\u00e1t r\u00e9szemre, vagy gyerekeimnek, \u00edgy egy\u00e9ni tapasztalatb\u00f3l tudom, hogy a <strong>mag\u00e1noktat\u00f3 megv\u00e1laszt\u00e1sa<\/strong>, b\u00e1rmely t\u00e1rgyr\u00f3l is van sz\u00f3, mindig neh\u00e9z feladat.<\/p>\n\n\n\n<div class=\"wp-block-image float_right\"><figure class=\"alignright size-large\"><img loading=\"lazy\" decoding=\"async\" width=\"500\" height=\"375\" src=\"https:\/\/olasz.maganora.com\/wp-content\/uploads\/2021\/06\/San-Pietro-01.jpg\" alt=\"online olasz\u00f3r\u00e1k olasztan\" class=\"wp-image-1030\" title=\"Szent P\u00e9ter t\u00e9r\" srcset=\"https:\/\/olasz.maganora.com\/wp-content\/uploads\/2021\/06\/San-Pietro-01.jpg 500w, https:\/\/olasz.maganora.com\/wp-content\/uploads\/2021\/06\/San-Pietro-01-300x225.jpg 300w\" sizes=\"auto, (max-width: 500px) 100vw, 500px\" \/><\/figure><\/div>\n\n\n\n<p>Gondolatom szerint, a kiv\u00e1l\u00f3an eredm\u00e9nyes tanul\u00e1shoz, alapvet\u0151en fontos, hogy a tanul\u00f3 \u00e9s a tan\u00e1r \u00f6sszhangban, egy hull\u00e1mhosszon mozogjanak, \u00e9s k\u00f6zt\u00fck k\u00f6lcs\u00f6n\u00f6s szimp\u00e1tia sz\u00fclessen, valamint, hogy harm\u00f3nikusnak, kiegyens\u00falyozottnak tal\u00e1lj\u00e1k mindketten azt a k\u00f6rnyezetet, amelyben egy\u00fctt dolgoznak.<\/p>\n\n\n\n<p>Az els\u0151 \u00f3ra nem kiz\u00e1r\u00f3lag a <strong>szintfelm\u00e9r\u00e9s<\/strong> miatt fontos, hanem f\u0151leg az\u00e9rt mert ez alkalommal <strong>szem\u00e9lyesen megismerkedhet\u00fcnk<\/strong> a tan\u00e1rral, kicsit belel\u00e1thatunk oktat\u00e1si m\u00f3dszereibe, meggy\u0151z\u0151dhet\u00fcnk a t\u00e1rgyhoz \u00e9s a tan\u00edt\u00e1shoz val\u00f3 hozz\u00e1\u00e1ll\u00e1s\u00e1r\u00f3l, valmint megbizonyosodhatunk komolys\u00e1g\u00e1r\u00f3l \u00e9s emp\u00e1ti\u00e1s k\u00e9szs\u00e9g\u00e9r\u0151l.<\/p>\n\n\n\n<p>K\u00fcl\u00f6n\u00f6sen fontosnak v\u00e9lem az els\u0151 \u00f3r\u00e1t a tan\u00e1rv\u00e1laszt\u00e1s szempontj\u00e1b\u00f3l, ez\u00e9rt nagyon sz\u00edvesen tartom ingyenesen!<\/p>\n\n\n\n<p>Ha olasztan\u00e1rt keresel \u00e9s \u00fagy gondolod, hogy szeretn\u00e9l megismerni, vedd fel velem a <a class=\"a_style\" href=\"https:\/\/olasz.maganora.com\/schrenk_nora\/\"><strong>KAPCSOLAT<\/strong><\/a>-ot telefonon, emailben, vagy az al\u00e1bbi modulon kereszt\u00fcl, \u00e9s id\u0151pontot egyeztet\u00fcnk az els\u0151 ingyenes \u00f3r\u00e1ra!<\/p>\n\n\n\n<\/br><\/br><\/br>\n\n\n<div class=\"wpforms-container wpforms-container-full\" id=\"wpforms-1180\"><form id=\"wpforms-form-1180\" class=\"wpforms-validate wpforms-form\" data-formid=\"1180\" method=\"post\" enctype=\"multipart\/form-data\" action=\"\/it\/wp-json\/wp\/v2\/pages\/614\"><div class=\"wpforms-field-container\"><div id=\"wpforms-1180-field_7-container\" class=\"wpforms-field wpforms-field-html\" data-field-id=\"7\"><div id=\"wpforms-1180-field_7\"><div style=\"text-align:left;\"><h3>Jelentkezz az ingyenes pr\u00f3ba\u00f3r\u00e1ra!<\/h3><\/br><\/br><\/div><\/div><\/div><div id=\"wpforms-1180-field_0-container\" class=\"wpforms-field wpforms-field-name form_input_lezione_gratuita\" data-field-id=\"0\"><label class=\"wpforms-field-label\" for=\"wpforms-1180-field_0\">Neved <span class=\"wpforms-required-label\">*<\/span><\/label><input type=\"text\" id=\"wpforms-1180-field_0\" class=\"wpforms-field-large wpforms-field-required\" name=\"wpforms[fields][0]\" required><\/div><div id=\"wpforms-1180-field_1-container\" class=\"wpforms-field wpforms-field-email form_input_lezione_gratuita\" data-field-id=\"1\"><label class=\"wpforms-field-label\" for=\"wpforms-1180-field_1\">E-mail c\u00edmed <span class=\"wpforms-required-label\">*<\/span><\/label><div class=\"wpforms-field-row wpforms-field-large\"><div class=\"wpforms-field-row-block wpforms-one-half wpforms-first\"><input type=\"email\" id=\"wpforms-1180-field_1\" class=\"wpforms-field-required wpforms-field-email-primary\" name=\"wpforms[fields][1][primary]\" required><label for=\"wpforms-1180-field_1\" class=\"wpforms-field-sublabel after \">Email<\/label><\/div><div class=\"wpforms-field-row-block wpforms-one-half\"><input type=\"email\" id=\"wpforms-1180-field_1-secondary\" class=\"wpforms-field-email-secondary wpforms-field-required\" data-rule-confirm=\"#wpforms-1180-field_1\" name=\"wpforms[fields][1][secondary]\" required><label for=\"wpforms-1180-field_1-secondary\" class=\"wpforms-field-sublabel after \">Confirm Email<\/label><\/div><\/div><\/div><div id=\"wpforms-1180-field_11-container\" class=\"wpforms-field wpforms-field-select\" data-field-id=\"11\"><label class=\"wpforms-field-label\" for=\"wpforms-1180-field_11\">Hogy tal\u00e1lt\u00e1l r\u00e1 honlapomra? <span class=\"wpforms-required-label\">*<\/span><\/label><select name=\"wpforms[fields][11]\" id=\"wpforms-1180-field_11\" class=\"wpforms-field-medium wpforms-field-required\"  required><option value=\"Internetes keres\u00e9s r\u00e9v\u00e9n\" >Internetes keres\u00e9s r\u00e9v\u00e9n<\/option><option value=\"Hirdet\u00e9si oldalon kereszt\u00fcl\" >Hirdet\u00e9si oldalon kereszt\u00fcl<\/option><option value=\"Ismer\u0151s aj\u00e1nlotta\" >Ismer\u0151s aj\u00e1nlotta<\/option><option value=\"M\u00e1s\"  selected='selected'>M\u00e1s<\/option><\/select><\/div><div id=\"wpforms-1180-field_2-container\" class=\"wpforms-field wpforms-field-textarea form_input_lezione_gratuita\" data-field-id=\"2\"><label class=\"wpforms-field-label\" for=\"wpforms-1180-field_2\">\u00dczeneted <span class=\"wpforms-required-label\">*<\/span><\/label><textarea id=\"wpforms-1180-field_2\" class=\"wpforms-field-medium wpforms-field-required\" name=\"wpforms[fields][2]\" placeholder=\"Jelentkezni szeretn\u00e9k az els\u0151 ingyenes pr\u00f3ba\u00f3r\u00e1ra.\" required><\/textarea><div class=\"wpforms-field-description\">Az \u00fczeneted elk\u00fcld\u00e9s\u00e9vel automatikusan elfogadod az <a class=\"a_style\" href=\"https:\/\/olasz.maganora.com\/privacy-policy\/\" style=\"text-decoration: underline;\">Adatkezel\u00e9si T\u00e1j\u00e9koztat\u00f3<\/a>-ban le\u00edrt adatkezel\u00e9si \u00e9s -t\u00e1rol\u00e1si felt\u00e9teleket.<\/div><\/div><\/div><div class=\"wpforms-field wpforms-field-hp\"><label for=\"wpforms-field_hp\" class=\"wpforms-field-label\">Phone<\/label><input type=\"text\" name=\"wpforms[hp]\" id=\"wpforms-field_hp\" class=\"wpforms-field-medium\"><\/div><div class=\"wpforms-submit-container\" ><input type=\"hidden\" name=\"wpforms[id]\" value=\"1180\"><input type=\"hidden\" name=\"wpforms[author]\" value=\"1\"><button type=\"submit\" name=\"wpforms[submit]\" class=\"wpforms-submit form_button_lezione_gratuita\" id=\"wpforms-submit-1180\" value=\"wpforms-submit\" data-alt-text=\"K\u00fcld\u00e9s...\">K\u00fcld\u00e9s<\/button><\/div><\/form><\/div>\n\n\n\n<\/br><\/br><\/br>\n<div class=\"div-coda\">\n <hr class=\"separator\" width=\"240px\">\n<\/div>\n\n\n\n<p><\/p>\n","protected":false},"excerpt":{"rendered":"<p>Velem is t\u00f6bbsz\u00f6r el\u0151fordult, hogy mag\u00e1ntan\u00e1rt kerestem saj\u00e1t r\u00e9szemre, vagy gyerekeimnek, \u00edgy egy\u00e9ni tapasztalatb\u00f3l tudom, hogy a mag\u00e1noktat\u00f3 megv\u00e1laszt\u00e1sa, b\u00e1rmely t\u00e1rgyr\u00f3l is van sz\u00f3, mindig neh\u00e9z feladat. Gondolatom szerint, a kiv\u00e1l\u00f3an eredm\u00e9nyes tanul\u00e1shoz, alapvet\u0151en fontos, hogy a tanul\u00f3 \u00e9s a tan\u00e1r \u00f6sszhangban, egy hull\u00e1mhosszon mozogjanak, \u00e9s k\u00f6zt\u00fck k\u00f6lcs\u00f6n\u00f6s szimp\u00e1tia sz\u00fclessen, valamint, hogy harm\u00f3nikusnak, kiegyens\u00falyozottnak tal\u00e1lj\u00e1k&hellip; <br \/> <a class=\"read-more\" href=\"https:\/\/olasz.maganora.com\/it\/ingyenes-ora\/\">Leggi tutto<\/a><\/p>\n","protected":false},"author":1,"featured_media":0,"parent":0,"menu_order":0,"comment_status":"closed","ping_status":"closed","template":"","meta":{"footnotes":""},"class_list":["post-614","page","type-page","status-publish","hentry"],"yoast_head":"<!-- This site is optimized with the Yoast SEO plugin v27.3 - https:\/\/yoast.com\/product\/yoast-seo-wordpress\/ -->\n<title>Olasztan\u00e1r - Olasz\u00f3r\u00e1k R\u00f3m\u00e1b\u00f3l, az \u00f6r\u00f6k v\u00e1rosb\u00f3l -  Olasz\u00f3r\u00e1k R\u00f3m\u00e1b\u00f3l, az \u00f6r\u00f6k v\u00e1rosb\u00f3l<\/title>\n<meta name=\"description\" content=\"Online olasz\u00f3r\u00e1k a honlapon, virtu\u00e1lis oszt\u00e1lytermben. Az els\u0151 tan\u00f3ra ingyenes! Ha ki szeretn\u00e9d prob\u00e1lni, keress meg \u00e9s id\u0151pontot egyeztet\u00fcnk\" \/>\n<meta name=\"robots\" content=\"index, follow, max-snippet:-1, max-image-preview:large, max-video-preview:-1\" \/>\n<link rel=\"canonical\" href=\"http:\/\/Velem%20is%20t\u00f6bbsz\u00f6r%20el\u0151fordult,%20hogy%20mag\u00e1ntan\u00e1rt%20kerestem%20saj\u00e1t%20r\u00e9szemre,%20vagy%20gyerekeimnek,%20\u00edgy%20egy\u00e9ni%20tapasztalatb\u00f3l%20tudom,%20hogy%20a%20mag\u00e1noktat\u00f3%20megv\u00e1laszt\u00e1sa,%20b\u00e1rmely%20t\u00e1rgyr\u00f3l%20is%20van%20sz\u00f3,%20mindig%20neh\u00e9z%20feladat.%20Gondolatom%20szerint,%20a%20kiv\u00e1l\u00f3an%20eredm\u00e9nyes%20tanul\u00e1shoz,%20alapvet\u0151en%20fontos,%20hogy%20a%20tanul\u00f3%20\u00e9s%20a%20tan\u00e1r%20\u00f6sszhangban,%20egy%20hull\u00e1mhosszon%20mozogjanak,%20\u00e9s%20k\u00f6zt\u00fck%20k\u00f6lcs\u00f6n\u00f6s%20szimp\u00e1tia%20sz\u00fclessen,%20valamint,%20hogy%20harm\u00f3nikusnak,%20kiegyens\u00falyozottnak%20tal\u00e1lj\u00e1k&hellip;\" \/>\n<meta property=\"og:locale\" content=\"it_IT\" \/>\n<meta property=\"og:type\" content=\"article\" \/>\n<meta property=\"og:title\" content=\"Olasztan\u00e1r - Olasz\u00f3r\u00e1k R\u00f3m\u00e1b\u00f3l, az \u00f6r\u00f6k v\u00e1rosb\u00f3l -  Olasz\u00f3r\u00e1k R\u00f3m\u00e1b\u00f3l, az \u00f6r\u00f6k v\u00e1rosb\u00f3l\" \/>\n<meta property=\"og:description\" content=\"Online olasz\u00f3r\u00e1k a honlapon, virtu\u00e1lis oszt\u00e1lytermben. Az els\u0151 tan\u00f3ra ingyenes! Ha ki szeretn\u00e9d prob\u00e1lni, keress meg \u00e9s id\u0151pontot egyeztet\u00fcnk\" \/>\n<meta property=\"og:url\" content=\"https:\/\/olasz.maganora.com\/it\/ingyenes-ora\/\" \/>\n<meta property=\"og:site_name\" content=\"Olasztan\u00e1r\" \/>\n<meta property=\"article:modified_time\" content=\"2022-03-05T10:40:33+00:00\" \/>\n<meta property=\"og:image\" content=\"https:\/\/olasz.maganora.com\/wp-content\/uploads\/2021\/06\/San-Pietro-01.jpg\" \/>\n<meta name=\"twitter:card\" content=\"summary_large_image\" \/>\n<meta name=\"twitter:label1\" content=\"Tempo di lettura stimato\" \/>\n\t<meta name=\"twitter:data1\" content=\"1 minuto\" \/>\n<script type=\"application\/ld+json\" class=\"yoast-schema-graph\">{\"@context\":\"https:\\\/\\\/schema.org\",\"@graph\":[{\"@type\":\"WebPage\",\"@id\":\"https:\\\/\\\/olasz.maganora.com\\\/it\\\/ingyenes-ora\\\/\",\"url\":\"https:\\\/\\\/olasz.maganora.com\\\/it\\\/ingyenes-ora\\\/\",\"name\":\"Olasztan\u00e1r - Olasz\u00f3r\u00e1k R\u00f3m\u00e1b\u00f3l, az \u00f6r\u00f6k v\u00e1rosb\u00f3l - Ingyenes \u00f3ra\",\"isPartOf\":{\"@id\":\"https:\\\/\\\/olasz.maganora.com\\\/#website\"},\"primaryImageOfPage\":{\"@id\":\"https:\\\/\\\/olasz.maganora.com\\\/it\\\/ingyenes-ora\\\/#primaryimage\"},\"image\":{\"@id\":\"https:\\\/\\\/olasz.maganora.com\\\/it\\\/ingyenes-ora\\\/#primaryimage\"},\"thumbnailUrl\":\"https:\\\/\\\/olasz.maganora.com\\\/wp-content\\\/uploads\\\/2021\\\/06\\\/San-Pietro-01.jpg\",\"datePublished\":\"2021-05-26T18:26:54+00:00\",\"dateModified\":\"2022-03-05T10:40:33+00:00\",\"description\":\"Online olasz\u00f3r\u00e1k a honlapon, virtu\u00e1lis oszt\u00e1lytermben. Az els\u0151 tan\u00f3ra ingyenes! Ha ki szeretn\u00e9d prob\u00e1lni, keress meg \u00e9s id\u0151pontot egyeztet\u00fcnk\",\"breadcrumb\":{\"@id\":\"https:\\\/\\\/olasz.maganora.com\\\/it\\\/ingyenes-ora\\\/#breadcrumb\"},\"inLanguage\":\"it-IT\",\"potentialAction\":[{\"@type\":\"ReadAction\",\"target\":[\"https:\\\/\\\/olasz.maganora.com\\\/it\\\/ingyenes-ora\\\/\"]}]},{\"@type\":\"ImageObject\",\"inLanguage\":\"it-IT\",\"@id\":\"https:\\\/\\\/olasz.maganora.com\\\/it\\\/ingyenes-ora\\\/#primaryimage\",\"url\":\"https:\\\/\\\/olasz.maganora.com\\\/wp-content\\\/uploads\\\/2021\\\/06\\\/San-Pietro-01.jpg\",\"contentUrl\":\"https:\\\/\\\/olasz.maganora.com\\\/wp-content\\\/uploads\\\/2021\\\/06\\\/San-Pietro-01.jpg\"},{\"@type\":\"BreadcrumbList\",\"@id\":\"https:\\\/\\\/olasz.maganora.com\\\/it\\\/ingyenes-ora\\\/#breadcrumb\",\"itemListElement\":[{\"@type\":\"ListItem\",\"position\":1,\"name\":\"Olasztan\u00e1r\",\"item\":\"https:\\\/\\\/olasz.maganora.com\\\/\"},{\"@type\":\"ListItem\",\"position\":2,\"name\":\"Ingyenes \u00f3ra\"}]},{\"@type\":\"WebSite\",\"@id\":\"https:\\\/\\\/olasz.maganora.com\\\/it\\\/#website\",\"url\":\"https:\\\/\\\/olasz.maganora.com\\\/it\\\/\",\"name\":\"Olasztan\u00e1r\",\"description\":\"Tanuljunk egy\u00fctt olaszul!\",\"publisher\":{\"@id\":\"https:\\\/\\\/olasz.maganora.com\\\/it\\\/#\\\/schema\\\/person\\\/d1c9caba1b17a238c28c64e4ba2a0982\"},\"potentialAction\":[{\"@type\":\"SearchAction\",\"target\":{\"@type\":\"EntryPoint\",\"urlTemplate\":\"https:\\\/\\\/olasz.maganora.com\\\/it\\\/?s={search_term_string}\"},\"query-input\":{\"@type\":\"PropertyValueSpecification\",\"valueRequired\":true,\"valueName\":\"search_term_string\"}}],\"inLanguage\":\"it-IT\"},{\"@type\":[\"Person\",\"Organization\"],\"@id\":\"https:\\\/\\\/olasz.maganora.com\\\/it\\\/#\\\/schema\\\/person\\\/d1c9caba1b17a238c28c64e4ba2a0982\",\"name\":\"Nora Schrenk\",\"image\":{\"@type\":\"ImageObject\",\"inLanguage\":\"it-IT\",\"@id\":\"https:\\\/\\\/olasz.maganora.com\\\/wp-content\\\/uploads\\\/2021\\\/05\\\/Logo-1.png\",\"url\":\"https:\\\/\\\/olasz.maganora.com\\\/wp-content\\\/uploads\\\/2021\\\/05\\\/Logo-1.png\",\"contentUrl\":\"https:\\\/\\\/olasz.maganora.com\\\/wp-content\\\/uploads\\\/2021\\\/05\\\/Logo-1.png\",\"width\":776,\"height\":259,\"caption\":\"Nora Schrenk\"},\"logo\":{\"@id\":\"https:\\\/\\\/olasz.maganora.com\\\/wp-content\\\/uploads\\\/2021\\\/05\\\/Logo-1.png\"}}]}<\/script>\n<!-- \/ Yoast SEO plugin. -->","yoast_head_json":{"title":"Olasztan\u00e1r - Olasz\u00f3r\u00e1k R\u00f3m\u00e1b\u00f3l, az \u00f6r\u00f6k v\u00e1rosb\u00f3l -  Olasz\u00f3r\u00e1k R\u00f3m\u00e1b\u00f3l, az \u00f6r\u00f6k v\u00e1rosb\u00f3l","description":"Online olasz\u00f3r\u00e1k a honlapon, virtu\u00e1lis oszt\u00e1lytermben. Az els\u0151 tan\u00f3ra ingyenes! Ha ki szeretn\u00e9d prob\u00e1lni, keress meg \u00e9s id\u0151pontot egyeztet\u00fcnk","robots":{"index":"index","follow":"follow","max-snippet":"max-snippet:-1","max-image-preview":"max-image-preview:large","max-video-preview":"max-video-preview:-1"},"canonical":"Velem is t\u00f6bbsz\u00f6r el\u0151fordult, hogy mag\u00e1ntan\u00e1rt kerestem saj\u00e1t r\u00e9szemre, vagy gyerekeimnek, \u00edgy egy\u00e9ni tapasztalatb\u00f3l tudom, hogy a mag\u00e1noktat\u00f3 megv\u00e1laszt\u00e1sa, b\u00e1rmely t\u00e1rgyr\u00f3l is van sz\u00f3, mindig neh\u00e9z feladat. Gondolatom szerint, a kiv\u00e1l\u00f3an eredm\u00e9nyes tanul\u00e1shoz, alapvet\u0151en fontos, hogy a tanul\u00f3 \u00e9s a tan\u00e1r \u00f6sszhangban, egy hull\u00e1mhosszon mozogjanak, \u00e9s k\u00f6zt\u00fck k\u00f6lcs\u00f6n\u00f6s szimp\u00e1tia sz\u00fclessen, valamint, hogy harm\u00f3nikusnak, kiegyens\u00falyozottnak tal\u00e1lj\u00e1k&hellip;","og_locale":"it_IT","og_type":"article","og_title":"Olasztan\u00e1r - Olasz\u00f3r\u00e1k R\u00f3m\u00e1b\u00f3l, az \u00f6r\u00f6k v\u00e1rosb\u00f3l -  Olasz\u00f3r\u00e1k R\u00f3m\u00e1b\u00f3l, az \u00f6r\u00f6k v\u00e1rosb\u00f3l","og_description":"Online olasz\u00f3r\u00e1k a honlapon, virtu\u00e1lis oszt\u00e1lytermben. Az els\u0151 tan\u00f3ra ingyenes! Ha ki szeretn\u00e9d prob\u00e1lni, keress meg \u00e9s id\u0151pontot egyeztet\u00fcnk","og_url":"https:\/\/olasz.maganora.com\/it\/ingyenes-ora\/","og_site_name":"Olasztan\u00e1r","article_modified_time":"2022-03-05T10:40:33+00:00","og_image":[{"url":"https:\/\/olasz.maganora.com\/wp-content\/uploads\/2021\/06\/San-Pietro-01.jpg","type":"","width":"","height":""}],"twitter_card":"summary_large_image","twitter_misc":{"Tempo di lettura stimato":"1 minuto"},"schema":{"@context":"https:\/\/schema.org","@graph":[{"@type":"WebPage","@id":"https:\/\/olasz.maganora.com\/it\/ingyenes-ora\/","url":"https:\/\/olasz.maganora.com\/it\/ingyenes-ora\/","name":"Olasztan\u00e1r - Olasz\u00f3r\u00e1k R\u00f3m\u00e1b\u00f3l, az \u00f6r\u00f6k v\u00e1rosb\u00f3l - Ingyenes \u00f3ra","isPartOf":{"@id":"https:\/\/olasz.maganora.com\/#website"},"primaryImageOfPage":{"@id":"https:\/\/olasz.maganora.com\/it\/ingyenes-ora\/#primaryimage"},"image":{"@id":"https:\/\/olasz.maganora.com\/it\/ingyenes-ora\/#primaryimage"},"thumbnailUrl":"https:\/\/olasz.maganora.com\/wp-content\/uploads\/2021\/06\/San-Pietro-01.jpg","datePublished":"2021-05-26T18:26:54+00:00","dateModified":"2022-03-05T10:40:33+00:00","description":"Online olasz\u00f3r\u00e1k a honlapon, virtu\u00e1lis oszt\u00e1lytermben. Az els\u0151 tan\u00f3ra ingyenes! Ha ki szeretn\u00e9d prob\u00e1lni, keress meg \u00e9s id\u0151pontot egyeztet\u00fcnk","breadcrumb":{"@id":"https:\/\/olasz.maganora.com\/it\/ingyenes-ora\/#breadcrumb"},"inLanguage":"it-IT","potentialAction":[{"@type":"ReadAction","target":["https:\/\/olasz.maganora.com\/it\/ingyenes-ora\/"]}]},{"@type":"ImageObject","inLanguage":"it-IT","@id":"https:\/\/olasz.maganora.com\/it\/ingyenes-ora\/#primaryimage","url":"https:\/\/olasz.maganora.com\/wp-content\/uploads\/2021\/06\/San-Pietro-01.jpg","contentUrl":"https:\/\/olasz.maganora.com\/wp-content\/uploads\/2021\/06\/San-Pietro-01.jpg"},{"@type":"BreadcrumbList","@id":"https:\/\/olasz.maganora.com\/it\/ingyenes-ora\/#breadcrumb","itemListElement":[{"@type":"ListItem","position":1,"name":"Olasztan\u00e1r","item":"https:\/\/olasz.maganora.com\/"},{"@type":"ListItem","position":2,"name":"Ingyenes \u00f3ra"}]},{"@type":"WebSite","@id":"https:\/\/olasz.maganora.com\/it\/#website","url":"https:\/\/olasz.maganora.com\/it\/","name":"Olasztan\u00e1r","description":"Tanuljunk egy\u00fctt olaszul!","publisher":{"@id":"https:\/\/olasz.maganora.com\/it\/#\/schema\/person\/d1c9caba1b17a238c28c64e4ba2a0982"},"potentialAction":[{"@type":"SearchAction","target":{"@type":"EntryPoint","urlTemplate":"https:\/\/olasz.maganora.com\/it\/?s={search_term_string}"},"query-input":{"@type":"PropertyValueSpecification","valueRequired":true,"valueName":"search_term_string"}}],"inLanguage":"it-IT"},{"@type":["Person","Organization"],"@id":"https:\/\/olasz.maganora.com\/it\/#\/schema\/person\/d1c9caba1b17a238c28c64e4ba2a0982","name":"Nora Schrenk","image":{"@type":"ImageObject","inLanguage":"it-IT","@id":"https:\/\/olasz.maganora.com\/wp-content\/uploads\/2021\/05\/Logo-1.png","url":"https:\/\/olasz.maganora.com\/wp-content\/uploads\/2021\/05\/Logo-1.png","contentUrl":"https:\/\/olasz.maganora.com\/wp-content\/uploads\/2021\/05\/Logo-1.png","width":776,"height":259,"caption":"Nora Schrenk"},"logo":{"@id":"https:\/\/olasz.maganora.com\/wp-content\/uploads\/2021\/05\/Logo-1.png"}}]}},"_links":{"self":[{"href":"https:\/\/olasz.maganora.com\/it\/wp-json\/wp\/v2\/pages\/614","targetHints":{"allow":["GET"]}}],"collection":[{"href":"https:\/\/olasz.maganora.com\/it\/wp-json\/wp\/v2\/pages"}],"about":[{"href":"https:\/\/olasz.maganora.com\/it\/wp-json\/wp\/v2\/types\/page"}],"author":[{"embeddable":true,"href":"https:\/\/olasz.maganora.com\/it\/wp-json\/wp\/v2\/users\/1"}],"replies":[{"embeddable":true,"href":"https:\/\/olasz.maganora.com\/it\/wp-json\/wp\/v2\/comments?post=614"}],"version-history":[{"count":23,"href":"https:\/\/olasz.maganora.com\/it\/wp-json\/wp\/v2\/pages\/614\/revisions"}],"predecessor-version":[{"id":1750,"href":"https:\/\/olasz.maganora.com\/it\/wp-json\/wp\/v2\/pages\/614\/revisions\/1750"}],"wp:attachment":[{"href":"https:\/\/olasz.maganora.com\/it\/wp-json\/wp\/v2\/media?parent=614"}],"curies":[{"name":"wp","href":"https:\/\/api.w.org\/{rel}","templated":true}]}}