{"id":734,"date":"2021-05-28T21:01:06","date_gmt":"2021-05-28T21:01:06","guid":{"rendered":"https:\/\/olasz.maganora.com\/?page_id=734"},"modified":"2022-05-28T00:40:57","modified_gmt":"2022-05-27T22:40:57","slug":"olasztanitas","status":"publish","type":"page","link":"https:\/\/olasz.maganora.com\/it\/olasztanitas\/","title":{"rendered":"Olasz\u00f3r\u00e1k"},"content":{"rendered":"\n<h3 class=\"wp-block-heading\"><strong>Minden szinten<\/strong><\/h3>\n\n\n<div class=\"wp-block-image float_right\">\n<figure class=\"alignright size-large\"><img loading=\"lazy\" decoding=\"async\" width=\"500\" height=\"375\" src=\"https:\/\/olasz.maganora.com\/wp-content\/uploads\/2021\/06\/Arco-di-Costantino.jpg\" alt=\"\" class=\"wp-image-1022\" title=\"Konstantin cs\u00e1sz\u00e1r diadal\u00edve\" srcset=\"https:\/\/olasz.maganora.com\/wp-content\/uploads\/2021\/06\/Arco-di-Costantino.jpg 500w, https:\/\/olasz.maganora.com\/wp-content\/uploads\/2021\/06\/Arco-di-Costantino-300x225.jpg 300w\" sizes=\"auto, (max-width: 500px) 100vw, 500px\" \/><\/figure>\n<\/div>\n\n\n<p>tartok online olasz\u00f3r\u00e1kat, kezd\u0151t\u0151l a halad\u00f3ig (A1-C2), minden koroszt\u00e1ly sz\u00e1m\u00e1ra.<\/p>\n\n\n\n<p>Felk\u00e9sz\u00edtelek nyelvvizsg\u00e1ra, \u00e9retts\u00e9gire, felv\u00e9teli vizsg\u00e1ra, vagy olaszorsz\u00e1gi utaz\u00e1sra, nyaral\u00e1sra.<\/p>\n\n\n\n<p>Ha lelmaradt\u00e1l egy kicsit az iskolai olaszban, seg\u00edtek bep\u00f3tolni a hi\u00e1nyoss\u00e1gokat, vagy ha rosszul z\u00e1r\u00f3dott a tan\u00e9ved, felk\u00e9sz\u00edtelek a p\u00f3tvizsg\u00e1ra.<\/p>\n\n\n\n<p>Sz\u00fcks\u00e9g eset\u00e9n csoportos tan\u00edt\u00e1st is v\u00e1llalok, maximum h\u00e1rom tanul\u00f3val.<\/p>\n\n\n\n<p>Keress meg, hogy id\u0151pontot egyeztess\u00fcnk az els\u0151 <a class=\"a_style\" href=\"https:\/\/olasz.maganora.com\/ingyenes-ora\/\"><strong>ingyenes pr\u00f3ba\u00f3r\u00e1ra<\/strong><\/a>!<br><br><br><\/p>\n\n\n\n<h3 class=\"has-text-align-left\"><strong class=\"a_style\"><i class=\"fas fa-puzzle-piece\" style=\"text-shadow: 1px 1px 0px #000000, 0px 0px 0px #718299, 0px 0px 0px #718299, 0px 0px 0px #718299, 2px 2px 7px #718299;\"><\/i> <a style=\"text-decoration:none;\" class=\"a_style\" href=\"https:\/\/olasz.maganora.com\/olaszoktatas-mikor-es-hol\/\">Hol \u00e9s mikor?<\/a><\/strong><\/h3>\n\n\n\n<h3 class=\"has-text-align-left\"><i class=\"fas fa-puzzle-piece a_style\" style=\"text-shadow: 1px 1px 0px #000000, 0px 0px 0px #718299, 0px 0px 0px #718299, 0px 0px 0px #718299, 2px 2px 7px #718299;\"><\/i> <a style=\"text-decoration:none;\" class=\"a_style\" href=\"https:\/\/olasz.maganora.com\/oradijak\/\"><strong>\u00d3rad\u00edjak<\/strong><\/a><\/h3>\n\n\n\n<\/br><\/br><\/br>\n<div class=\"div-coda\">\n <hr class=\"separator\" width=\"240px\">\n<\/div>\n\n\n\n<div class=\"wp-block-columns is-layout-flex wp-container-core-columns-is-layout-9d6595d7 wp-block-columns-is-layout-flex\">\n<div class=\"wp-block-column is-layout-flow wp-block-column-is-layout-flow\"><\/div>\n\n\n\n<div class=\"wp-block-column is-layout-flow wp-block-column-is-layout-flow\"><\/div>\n<\/div>\n","protected":false},"excerpt":{"rendered":"<p>Minden szinten tartok online olasz\u00f3r\u00e1kat, kezd\u0151t\u0151l a halad\u00f3ig (A1-C2), minden koroszt\u00e1ly sz\u00e1m\u00e1ra. Felk\u00e9sz\u00edtelek nyelvvizsg\u00e1ra, \u00e9retts\u00e9gire, felv\u00e9teli vizsg\u00e1ra, vagy olaszorsz\u00e1gi utaz\u00e1sra, nyaral\u00e1sra. Ha lelmaradt\u00e1l egy kicsit az iskolai olaszban, seg\u00edtek bep\u00f3tolni a hi\u00e1nyoss\u00e1gokat, vagy ha rosszul z\u00e1r\u00f3dott a tan\u00e9ved, felk\u00e9sz\u00edtelek a p\u00f3tvizsg\u00e1ra. Sz\u00fcks\u00e9g eset\u00e9n csoportos tan\u00edt\u00e1st is v\u00e1llalok, maximum h\u00e1rom tanul\u00f3val. Keress meg, hogy id\u0151pontot egyeztess\u00fcnk&hellip; <br \/> <a class=\"read-more\" href=\"https:\/\/olasz.maganora.com\/it\/olasztanitas\/\">Leggi tutto<\/a><\/p>\n","protected":false},"author":1,"featured_media":0,"parent":0,"menu_order":0,"comment_status":"closed","ping_status":"closed","template":"","meta":{"footnotes":""},"class_list":["post-734","page","type-page","status-publish","hentry"],"yoast_head":"<!-- This site is optimized with the Yoast SEO plugin v27.3 - https:\/\/yoast.com\/product\/yoast-seo-wordpress\/ -->\n<title>Olasztan\u00e1r - Olasz\u00f3r\u00e1k R\u00f3m\u00e1b\u00f3l, az \u00f6r\u00f6k v\u00e1rosb\u00f3l -  Olasz\u00f3r\u00e1k R\u00f3m\u00e1b\u00f3l, az \u00f6r\u00f6k v\u00e1rosb\u00f3l<\/title>\n<meta name=\"description\" content=\"Olasztan\u00edt\u00e1s minden szinten - nyelvvizsga, \u00e9retts\u00e9gi, p\u00f3tvizsga, utaz\u00e1s, nyaral\u00e1s korrepet\u00e1l\u00e1s - h\u00e9tv\u00e9g\u00e9n is, amikor neked a legk\u00e9nyelmesebb!\" \/>\n<meta name=\"robots\" content=\"index, follow, max-snippet:-1, max-image-preview:large, max-video-preview:-1\" \/>\n<link rel=\"canonical\" href=\"http:\/\/Minden%20szinten%20tartok%20online%20olasz\u00f3r\u00e1kat,%20kezd\u0151t\u0151l%20a%20halad\u00f3ig%20(A1-C2),%20minden%20koroszt\u00e1ly%20sz\u00e1m\u00e1ra.%20Felk\u00e9sz\u00edtelek%20nyelvvizsg\u00e1ra,%20\u00e9retts\u00e9gire,%20felv\u00e9teli%20vizsg\u00e1ra,%20vagy%20olaszorsz\u00e1gi%20utaz\u00e1sra,%20nyaral\u00e1sra.%20Ha%20lelmaradt\u00e1l%20egy%20kicsit%20az%20iskolai%20olaszban,%20seg\u00edtek%20bep\u00f3tolni%20a%20hi\u00e1nyoss\u00e1gokat,%20vagy%20ha%20rosszul%20z\u00e1r\u00f3dott%20a%20tan\u00e9ved,%20felk\u00e9sz\u00edtelek%20a%20p\u00f3tvizsg\u00e1ra.%20Sz\u00fcks\u00e9g%20eset\u00e9n%20csoportos%20tan\u00edt\u00e1st%20is%20v\u00e1llalok,%20maximum%20h\u00e1rom%20tanul\u00f3val.%20Keress%20meg,%20hogy%20id\u0151pontot%20egyeztess\u00fcnk&hellip;\" \/>\n<meta property=\"og:locale\" content=\"it_IT\" \/>\n<meta property=\"og:type\" content=\"article\" \/>\n<meta property=\"og:title\" content=\"Olasztan\u00e1r - Olasz\u00f3r\u00e1k R\u00f3m\u00e1b\u00f3l, az \u00f6r\u00f6k v\u00e1rosb\u00f3l -  Olasz\u00f3r\u00e1k R\u00f3m\u00e1b\u00f3l, az \u00f6r\u00f6k v\u00e1rosb\u00f3l\" \/>\n<meta property=\"og:description\" content=\"Olasztan\u00edt\u00e1s minden szinten - nyelvvizsga, \u00e9retts\u00e9gi, p\u00f3tvizsga, utaz\u00e1s, nyaral\u00e1s korrepet\u00e1l\u00e1s - h\u00e9tv\u00e9g\u00e9n is, amikor neked a legk\u00e9nyelmesebb!\" \/>\n<meta property=\"og:url\" content=\"https:\/\/olasz.maganora.com\/it\/olasztanitas\/\" \/>\n<meta property=\"og:site_name\" content=\"Olasztan\u00e1r\" \/>\n<meta property=\"article:modified_time\" content=\"2022-05-27T22:40:57+00:00\" \/>\n<meta property=\"og:image\" content=\"https:\/\/olasz.maganora.com\/wp-content\/uploads\/2021\/06\/Arco-di-Costantino.jpg\" \/>\n<meta name=\"twitter:card\" content=\"summary_large_image\" \/>\n<meta name=\"twitter:label1\" content=\"Tempo di lettura stimato\" \/>\n\t<meta name=\"twitter:data1\" content=\"1 minuto\" \/>\n<script type=\"application\/ld+json\" class=\"yoast-schema-graph\">{\"@context\":\"https:\\\/\\\/schema.org\",\"@graph\":[{\"@type\":\"WebPage\",\"@id\":\"https:\\\/\\\/olasz.maganora.com\\\/it\\\/olasztanitas\\\/\",\"url\":\"https:\\\/\\\/olasz.maganora.com\\\/it\\\/olasztanitas\\\/\",\"name\":\"Olasztan\u00e1r - Olasz\u00f3r\u00e1k R\u00f3m\u00e1b\u00f3l, az \u00f6r\u00f6k v\u00e1rosb\u00f3l - Olasz\u00f3r\u00e1k\",\"isPartOf\":{\"@id\":\"https:\\\/\\\/olasz.maganora.com\\\/#website\"},\"primaryImageOfPage\":{\"@id\":\"https:\\\/\\\/olasz.maganora.com\\\/it\\\/olasztanitas\\\/#primaryimage\"},\"image\":{\"@id\":\"https:\\\/\\\/olasz.maganora.com\\\/it\\\/olasztanitas\\\/#primaryimage\"},\"thumbnailUrl\":\"https:\\\/\\\/olasz.maganora.com\\\/wp-content\\\/uploads\\\/2021\\\/06\\\/Arco-di-Costantino.jpg\",\"datePublished\":\"2021-05-28T21:01:06+00:00\",\"dateModified\":\"2022-05-27T22:40:57+00:00\",\"description\":\"Olasztan\u00edt\u00e1s minden szinten - nyelvvizsga, \u00e9retts\u00e9gi, p\u00f3tvizsga, utaz\u00e1s, nyaral\u00e1s korrepet\u00e1l\u00e1s - h\u00e9tv\u00e9g\u00e9n is, amikor neked a legk\u00e9nyelmesebb!\",\"breadcrumb\":{\"@id\":\"https:\\\/\\\/olasz.maganora.com\\\/it\\\/olasztanitas\\\/#breadcrumb\"},\"inLanguage\":\"it-IT\",\"potentialAction\":[{\"@type\":\"ReadAction\",\"target\":[\"https:\\\/\\\/olasz.maganora.com\\\/it\\\/olasztanitas\\\/\"]}]},{\"@type\":\"ImageObject\",\"inLanguage\":\"it-IT\",\"@id\":\"https:\\\/\\\/olasz.maganora.com\\\/it\\\/olasztanitas\\\/#primaryimage\",\"url\":\"https:\\\/\\\/olasz.maganora.com\\\/wp-content\\\/uploads\\\/2021\\\/06\\\/Arco-di-Costantino.jpg\",\"contentUrl\":\"https:\\\/\\\/olasz.maganora.com\\\/wp-content\\\/uploads\\\/2021\\\/06\\\/Arco-di-Costantino.jpg\"},{\"@type\":\"BreadcrumbList\",\"@id\":\"https:\\\/\\\/olasz.maganora.com\\\/it\\\/olasztanitas\\\/#breadcrumb\",\"itemListElement\":[{\"@type\":\"ListItem\",\"position\":1,\"name\":\"Olasztan\u00e1r\",\"item\":\"https:\\\/\\\/olasz.maganora.com\\\/\"},{\"@type\":\"ListItem\",\"position\":2,\"name\":\"Olasz\u00f3r\u00e1k\"}]},{\"@type\":\"WebSite\",\"@id\":\"https:\\\/\\\/olasz.maganora.com\\\/it\\\/#website\",\"url\":\"https:\\\/\\\/olasz.maganora.com\\\/it\\\/\",\"name\":\"Olasztan\u00e1r\",\"description\":\"Tanuljunk egy\u00fctt olaszul!\",\"publisher\":{\"@id\":\"https:\\\/\\\/olasz.maganora.com\\\/it\\\/#\\\/schema\\\/person\\\/d1c9caba1b17a238c28c64e4ba2a0982\"},\"potentialAction\":[{\"@type\":\"SearchAction\",\"target\":{\"@type\":\"EntryPoint\",\"urlTemplate\":\"https:\\\/\\\/olasz.maganora.com\\\/it\\\/?s={search_term_string}\"},\"query-input\":{\"@type\":\"PropertyValueSpecification\",\"valueRequired\":true,\"valueName\":\"search_term_string\"}}],\"inLanguage\":\"it-IT\"},{\"@type\":[\"Person\",\"Organization\"],\"@id\":\"https:\\\/\\\/olasz.maganora.com\\\/it\\\/#\\\/schema\\\/person\\\/d1c9caba1b17a238c28c64e4ba2a0982\",\"name\":\"Nora Schrenk\",\"image\":{\"@type\":\"ImageObject\",\"inLanguage\":\"it-IT\",\"@id\":\"https:\\\/\\\/olasz.maganora.com\\\/wp-content\\\/uploads\\\/2021\\\/05\\\/Logo-1.png\",\"url\":\"https:\\\/\\\/olasz.maganora.com\\\/wp-content\\\/uploads\\\/2021\\\/05\\\/Logo-1.png\",\"contentUrl\":\"https:\\\/\\\/olasz.maganora.com\\\/wp-content\\\/uploads\\\/2021\\\/05\\\/Logo-1.png\",\"width\":776,\"height\":259,\"caption\":\"Nora Schrenk\"},\"logo\":{\"@id\":\"https:\\\/\\\/olasz.maganora.com\\\/wp-content\\\/uploads\\\/2021\\\/05\\\/Logo-1.png\"}}]}<\/script>\n<!-- \/ Yoast SEO plugin. -->","yoast_head_json":{"title":"Olasztan\u00e1r - Olasz\u00f3r\u00e1k R\u00f3m\u00e1b\u00f3l, az \u00f6r\u00f6k v\u00e1rosb\u00f3l -  Olasz\u00f3r\u00e1k R\u00f3m\u00e1b\u00f3l, az \u00f6r\u00f6k v\u00e1rosb\u00f3l","description":"Olasztan\u00edt\u00e1s minden szinten - nyelvvizsga, \u00e9retts\u00e9gi, p\u00f3tvizsga, utaz\u00e1s, nyaral\u00e1s korrepet\u00e1l\u00e1s - h\u00e9tv\u00e9g\u00e9n is, amikor neked a legk\u00e9nyelmesebb!","robots":{"index":"index","follow":"follow","max-snippet":"max-snippet:-1","max-image-preview":"max-image-preview:large","max-video-preview":"max-video-preview:-1"},"canonical":"Minden szinten tartok online olasz\u00f3r\u00e1kat, kezd\u0151t\u0151l a halad\u00f3ig (A1-C2), minden koroszt\u00e1ly sz\u00e1m\u00e1ra. Felk\u00e9sz\u00edtelek nyelvvizsg\u00e1ra, \u00e9retts\u00e9gire, felv\u00e9teli vizsg\u00e1ra, vagy olaszorsz\u00e1gi utaz\u00e1sra, nyaral\u00e1sra. Ha lelmaradt\u00e1l egy kicsit az iskolai olaszban, seg\u00edtek bep\u00f3tolni a hi\u00e1nyoss\u00e1gokat, vagy ha rosszul z\u00e1r\u00f3dott a tan\u00e9ved, felk\u00e9sz\u00edtelek a p\u00f3tvizsg\u00e1ra. Sz\u00fcks\u00e9g eset\u00e9n csoportos tan\u00edt\u00e1st is v\u00e1llalok, maximum h\u00e1rom tanul\u00f3val. Keress meg, hogy id\u0151pontot egyeztess\u00fcnk&hellip;","og_locale":"it_IT","og_type":"article","og_title":"Olasztan\u00e1r - Olasz\u00f3r\u00e1k R\u00f3m\u00e1b\u00f3l, az \u00f6r\u00f6k v\u00e1rosb\u00f3l -  Olasz\u00f3r\u00e1k R\u00f3m\u00e1b\u00f3l, az \u00f6r\u00f6k v\u00e1rosb\u00f3l","og_description":"Olasztan\u00edt\u00e1s minden szinten - nyelvvizsga, \u00e9retts\u00e9gi, p\u00f3tvizsga, utaz\u00e1s, nyaral\u00e1s korrepet\u00e1l\u00e1s - h\u00e9tv\u00e9g\u00e9n is, amikor neked a legk\u00e9nyelmesebb!","og_url":"https:\/\/olasz.maganora.com\/it\/olasztanitas\/","og_site_name":"Olasztan\u00e1r","article_modified_time":"2022-05-27T22:40:57+00:00","og_image":[{"url":"https:\/\/olasz.maganora.com\/wp-content\/uploads\/2021\/06\/Arco-di-Costantino.jpg","type":"","width":"","height":""}],"twitter_card":"summary_large_image","twitter_misc":{"Tempo di lettura stimato":"1 minuto"},"schema":{"@context":"https:\/\/schema.org","@graph":[{"@type":"WebPage","@id":"https:\/\/olasz.maganora.com\/it\/olasztanitas\/","url":"https:\/\/olasz.maganora.com\/it\/olasztanitas\/","name":"Olasztan\u00e1r - Olasz\u00f3r\u00e1k R\u00f3m\u00e1b\u00f3l, az \u00f6r\u00f6k v\u00e1rosb\u00f3l - Olasz\u00f3r\u00e1k","isPartOf":{"@id":"https:\/\/olasz.maganora.com\/#website"},"primaryImageOfPage":{"@id":"https:\/\/olasz.maganora.com\/it\/olasztanitas\/#primaryimage"},"image":{"@id":"https:\/\/olasz.maganora.com\/it\/olasztanitas\/#primaryimage"},"thumbnailUrl":"https:\/\/olasz.maganora.com\/wp-content\/uploads\/2021\/06\/Arco-di-Costantino.jpg","datePublished":"2021-05-28T21:01:06+00:00","dateModified":"2022-05-27T22:40:57+00:00","description":"Olasztan\u00edt\u00e1s minden szinten - nyelvvizsga, \u00e9retts\u00e9gi, p\u00f3tvizsga, utaz\u00e1s, nyaral\u00e1s korrepet\u00e1l\u00e1s - h\u00e9tv\u00e9g\u00e9n is, amikor neked a legk\u00e9nyelmesebb!","breadcrumb":{"@id":"https:\/\/olasz.maganora.com\/it\/olasztanitas\/#breadcrumb"},"inLanguage":"it-IT","potentialAction":[{"@type":"ReadAction","target":["https:\/\/olasz.maganora.com\/it\/olasztanitas\/"]}]},{"@type":"ImageObject","inLanguage":"it-IT","@id":"https:\/\/olasz.maganora.com\/it\/olasztanitas\/#primaryimage","url":"https:\/\/olasz.maganora.com\/wp-content\/uploads\/2021\/06\/Arco-di-Costantino.jpg","contentUrl":"https:\/\/olasz.maganora.com\/wp-content\/uploads\/2021\/06\/Arco-di-Costantino.jpg"},{"@type":"BreadcrumbList","@id":"https:\/\/olasz.maganora.com\/it\/olasztanitas\/#breadcrumb","itemListElement":[{"@type":"ListItem","position":1,"name":"Olasztan\u00e1r","item":"https:\/\/olasz.maganora.com\/"},{"@type":"ListItem","position":2,"name":"Olasz\u00f3r\u00e1k"}]},{"@type":"WebSite","@id":"https:\/\/olasz.maganora.com\/it\/#website","url":"https:\/\/olasz.maganora.com\/it\/","name":"Olasztan\u00e1r","description":"Tanuljunk egy\u00fctt olaszul!","publisher":{"@id":"https:\/\/olasz.maganora.com\/it\/#\/schema\/person\/d1c9caba1b17a238c28c64e4ba2a0982"},"potentialAction":[{"@type":"SearchAction","target":{"@type":"EntryPoint","urlTemplate":"https:\/\/olasz.maganora.com\/it\/?s={search_term_string}"},"query-input":{"@type":"PropertyValueSpecification","valueRequired":true,"valueName":"search_term_string"}}],"inLanguage":"it-IT"},{"@type":["Person","Organization"],"@id":"https:\/\/olasz.maganora.com\/it\/#\/schema\/person\/d1c9caba1b17a238c28c64e4ba2a0982","name":"Nora Schrenk","image":{"@type":"ImageObject","inLanguage":"it-IT","@id":"https:\/\/olasz.maganora.com\/wp-content\/uploads\/2021\/05\/Logo-1.png","url":"https:\/\/olasz.maganora.com\/wp-content\/uploads\/2021\/05\/Logo-1.png","contentUrl":"https:\/\/olasz.maganora.com\/wp-content\/uploads\/2021\/05\/Logo-1.png","width":776,"height":259,"caption":"Nora Schrenk"},"logo":{"@id":"https:\/\/olasz.maganora.com\/wp-content\/uploads\/2021\/05\/Logo-1.png"}}]}},"_links":{"self":[{"href":"https:\/\/olasz.maganora.com\/it\/wp-json\/wp\/v2\/pages\/734","targetHints":{"allow":["GET"]}}],"collection":[{"href":"https:\/\/olasz.maganora.com\/it\/wp-json\/wp\/v2\/pages"}],"about":[{"href":"https:\/\/olasz.maganora.com\/it\/wp-json\/wp\/v2\/types\/page"}],"author":[{"embeddable":true,"href":"https:\/\/olasz.maganora.com\/it\/wp-json\/wp\/v2\/users\/1"}],"replies":[{"embeddable":true,"href":"https:\/\/olasz.maganora.com\/it\/wp-json\/wp\/v2\/comments?post=734"}],"version-history":[{"count":62,"href":"https:\/\/olasz.maganora.com\/it\/wp-json\/wp\/v2\/pages\/734\/revisions"}],"predecessor-version":[{"id":3954,"href":"https:\/\/olasz.maganora.com\/it\/wp-json\/wp\/v2\/pages\/734\/revisions\/3954"}],"wp:attachment":[{"href":"https:\/\/olasz.maganora.com\/it\/wp-json\/wp\/v2\/media?parent=734"}],"curies":[{"name":"wp","href":"https:\/\/api.w.org\/{rel}","templated":true}]}}