{"id":9,"date":"2021-05-17T07:28:26","date_gmt":"2021-05-17T07:28:26","guid":{"rendered":"https:\/\/www.olasz.maganora.com\/fiokom\/"},"modified":"2022-03-20T11:18:36","modified_gmt":"2022-03-20T11:18:36","slug":"fiokom","status":"publish","type":"page","link":"https:\/\/olasz.maganora.com\/it\/fiokom\/","title":{"rendered":"Fi\u00f3kom"},"content":{"rendered":"<div class=\"woocommerce\"><\/div>\n","protected":false},"excerpt":{"rendered":"","protected":false},"author":1,"featured_media":0,"parent":0,"menu_order":0,"comment_status":"closed","ping_status":"closed","template":"","meta":{"footnotes":""},"class_list":["post-9","page","type-page","status-publish","hentry"],"yoast_head":"<!-- This site is optimized with the Yoast SEO plugin v27.3 - https:\/\/yoast.com\/product\/yoast-seo-wordpress\/ -->\n<title>Olasztan\u00e1r - Olasz\u00f3r\u00e1k R\u00f3m\u00e1b\u00f3l, az \u00f6r\u00f6k v\u00e1rosb\u00f3l -  Olasz\u00f3r\u00e1k R\u00f3m\u00e1b\u00f3l, az \u00f6r\u00f6k v\u00e1rosb\u00f3l<\/title>\n<meta name=\"description\" content=\"Regisztr\u00e1lj a honlapon, \u00e9s k\u00e9rj id\u0151pontot az ingyenes olasz\u00f3r\u00e1ra! Jelentkezz be \u00e9s vedd ig\u00e9nybe az \u00f6sszes szolg\u00e1ltat\u00e1sunkat!\" \/>\n<meta name=\"robots\" content=\"noindex, nofollow\" \/>\n<meta property=\"og:locale\" content=\"it_IT\" \/>\n<meta property=\"og:type\" content=\"article\" \/>\n<meta property=\"og:title\" content=\"Olasztan\u00e1r - Olasz\u00f3r\u00e1k R\u00f3m\u00e1b\u00f3l, az \u00f6r\u00f6k v\u00e1rosb\u00f3l -  Olasz\u00f3r\u00e1k R\u00f3m\u00e1b\u00f3l, az \u00f6r\u00f6k v\u00e1rosb\u00f3l\" \/>\n<meta property=\"og:description\" content=\"Regisztr\u00e1lj a honlapon, \u00e9s k\u00e9rj id\u0151pontot az ingyenes olasz\u00f3r\u00e1ra! Jelentkezz be \u00e9s vedd ig\u00e9nybe az \u00f6sszes szolg\u00e1ltat\u00e1sunkat!\" \/>\n<meta property=\"og:url\" content=\"https:\/\/olasz.maganora.com\/it\/fiokom\/\" \/>\n<meta property=\"og:site_name\" content=\"Olasztan\u00e1r\" \/>\n<meta property=\"article:modified_time\" content=\"2022-03-20T11:18:36+00:00\" \/>\n<meta name=\"twitter:card\" content=\"summary_large_image\" \/>\n<meta name=\"twitter:label1\" content=\"Tempo di lettura stimato\" \/>\n\t<meta name=\"twitter:data1\" content=\"1 minuto\" \/>\n<script type=\"application\/ld+json\" class=\"yoast-schema-graph\">{\"@context\":\"https:\\\/\\\/schema.org\",\"@graph\":[{\"@type\":[\"WebPage\",\"ProfilePage\"],\"@id\":\"https:\\\/\\\/olasz.maganora.com\\\/it\\\/fiokom\\\/\",\"url\":\"https:\\\/\\\/olasz.maganora.com\\\/it\\\/fiokom\\\/\",\"name\":\"Olasztan\u00e1r - Olasz\u00f3r\u00e1k R\u00f3m\u00e1b\u00f3l, az \u00f6r\u00f6k v\u00e1rosb\u00f3l - Fi\u00f3kom\",\"isPartOf\":{\"@id\":\"https:\\\/\\\/olasz.maganora.com\\\/#website\"},\"datePublished\":\"2021-05-17T07:28:26+00:00\",\"dateModified\":\"2022-03-20T11:18:36+00:00\",\"description\":\"Regisztr\u00e1lj a honlapon, \u00e9s k\u00e9rj id\u0151pontot az ingyenes olasz\u00f3r\u00e1ra! Jelentkezz be \u00e9s vedd ig\u00e9nybe az \u00f6sszes szolg\u00e1ltat\u00e1sunkat!\",\"breadcrumb\":{\"@id\":\"https:\\\/\\\/olasz.maganora.com\\\/it\\\/fiokom\\\/#breadcrumb\"},\"inLanguage\":\"it-IT\",\"potentialAction\":[{\"@type\":\"ReadAction\",\"target\":[\"https:\\\/\\\/olasz.maganora.com\\\/it\\\/fiokom\\\/\"]}]},{\"@type\":\"BreadcrumbList\",\"@id\":\"https:\\\/\\\/olasz.maganora.com\\\/it\\\/fiokom\\\/#breadcrumb\",\"itemListElement\":[{\"@type\":\"ListItem\",\"position\":1,\"name\":\"Olasztan\u00e1r\",\"item\":\"https:\\\/\\\/olasz.maganora.com\\\/\"},{\"@type\":\"ListItem\",\"position\":2,\"name\":\"Fi\u00f3kom\"}]},{\"@type\":\"WebSite\",\"@id\":\"https:\\\/\\\/olasz.maganora.com\\\/it\\\/#website\",\"url\":\"https:\\\/\\\/olasz.maganora.com\\\/it\\\/\",\"name\":\"Olasztan\u00e1r\",\"description\":\"Tanuljunk egy\u00fctt olaszul!\",\"publisher\":{\"@id\":\"https:\\\/\\\/olasz.maganora.com\\\/it\\\/#\\\/schema\\\/person\\\/d1c9caba1b17a238c28c64e4ba2a0982\"},\"potentialAction\":[{\"@type\":\"SearchAction\",\"target\":{\"@type\":\"EntryPoint\",\"urlTemplate\":\"https:\\\/\\\/olasz.maganora.com\\\/it\\\/?s={search_term_string}\"},\"query-input\":{\"@type\":\"PropertyValueSpecification\",\"valueRequired\":true,\"valueName\":\"search_term_string\"}}],\"inLanguage\":\"it-IT\"},{\"@type\":[\"Person\",\"Organization\"],\"@id\":\"https:\\\/\\\/olasz.maganora.com\\\/it\\\/#\\\/schema\\\/person\\\/d1c9caba1b17a238c28c64e4ba2a0982\",\"name\":\"Nora Schrenk\",\"image\":{\"@type\":\"ImageObject\",\"inLanguage\":\"it-IT\",\"@id\":\"https:\\\/\\\/olasz.maganora.com\\\/wp-content\\\/uploads\\\/2021\\\/05\\\/Logo-1.png\",\"url\":\"https:\\\/\\\/olasz.maganora.com\\\/wp-content\\\/uploads\\\/2021\\\/05\\\/Logo-1.png\",\"contentUrl\":\"https:\\\/\\\/olasz.maganora.com\\\/wp-content\\\/uploads\\\/2021\\\/05\\\/Logo-1.png\",\"width\":776,\"height\":259,\"caption\":\"Nora Schrenk\"},\"logo\":{\"@id\":\"https:\\\/\\\/olasz.maganora.com\\\/wp-content\\\/uploads\\\/2021\\\/05\\\/Logo-1.png\"},\"mainEntityOfPage\":{\"@id\":\"https:\\\/\\\/olasz.maganora.com\\\/it\\\/fiokom\\\/\"}}]}<\/script>\n<!-- \/ Yoast SEO plugin. -->","yoast_head_json":{"title":"Olasztan\u00e1r - Olasz\u00f3r\u00e1k R\u00f3m\u00e1b\u00f3l, az \u00f6r\u00f6k v\u00e1rosb\u00f3l -  Olasz\u00f3r\u00e1k R\u00f3m\u00e1b\u00f3l, az \u00f6r\u00f6k v\u00e1rosb\u00f3l","description":"Regisztr\u00e1lj a honlapon, \u00e9s k\u00e9rj id\u0151pontot az ingyenes olasz\u00f3r\u00e1ra! Jelentkezz be \u00e9s vedd ig\u00e9nybe az \u00f6sszes szolg\u00e1ltat\u00e1sunkat!","robots":{"index":"noindex","follow":"nofollow"},"og_locale":"it_IT","og_type":"article","og_title":"Olasztan\u00e1r - Olasz\u00f3r\u00e1k R\u00f3m\u00e1b\u00f3l, az \u00f6r\u00f6k v\u00e1rosb\u00f3l -  Olasz\u00f3r\u00e1k R\u00f3m\u00e1b\u00f3l, az \u00f6r\u00f6k v\u00e1rosb\u00f3l","og_description":"Regisztr\u00e1lj a honlapon, \u00e9s k\u00e9rj id\u0151pontot az ingyenes olasz\u00f3r\u00e1ra! Jelentkezz be \u00e9s vedd ig\u00e9nybe az \u00f6sszes szolg\u00e1ltat\u00e1sunkat!","og_url":"https:\/\/olasz.maganora.com\/it\/fiokom\/","og_site_name":"Olasztan\u00e1r","article_modified_time":"2022-03-20T11:18:36+00:00","twitter_card":"summary_large_image","twitter_misc":{"Tempo di lettura stimato":"1 minuto"},"schema":{"@context":"https:\/\/schema.org","@graph":[{"@type":["WebPage","ProfilePage"],"@id":"https:\/\/olasz.maganora.com\/it\/fiokom\/","url":"https:\/\/olasz.maganora.com\/it\/fiokom\/","name":"Olasztan\u00e1r - Olasz\u00f3r\u00e1k R\u00f3m\u00e1b\u00f3l, az \u00f6r\u00f6k v\u00e1rosb\u00f3l - Fi\u00f3kom","isPartOf":{"@id":"https:\/\/olasz.maganora.com\/#website"},"datePublished":"2021-05-17T07:28:26+00:00","dateModified":"2022-03-20T11:18:36+00:00","description":"Regisztr\u00e1lj a honlapon, \u00e9s k\u00e9rj id\u0151pontot az ingyenes olasz\u00f3r\u00e1ra! Jelentkezz be \u00e9s vedd ig\u00e9nybe az \u00f6sszes szolg\u00e1ltat\u00e1sunkat!","breadcrumb":{"@id":"https:\/\/olasz.maganora.com\/it\/fiokom\/#breadcrumb"},"inLanguage":"it-IT","potentialAction":[{"@type":"ReadAction","target":["https:\/\/olasz.maganora.com\/it\/fiokom\/"]}]},{"@type":"BreadcrumbList","@id":"https:\/\/olasz.maganora.com\/it\/fiokom\/#breadcrumb","itemListElement":[{"@type":"ListItem","position":1,"name":"Olasztan\u00e1r","item":"https:\/\/olasz.maganora.com\/"},{"@type":"ListItem","position":2,"name":"Fi\u00f3kom"}]},{"@type":"WebSite","@id":"https:\/\/olasz.maganora.com\/it\/#website","url":"https:\/\/olasz.maganora.com\/it\/","name":"Olasztan\u00e1r","description":"Tanuljunk egy\u00fctt olaszul!","publisher":{"@id":"https:\/\/olasz.maganora.com\/it\/#\/schema\/person\/d1c9caba1b17a238c28c64e4ba2a0982"},"potentialAction":[{"@type":"SearchAction","target":{"@type":"EntryPoint","urlTemplate":"https:\/\/olasz.maganora.com\/it\/?s={search_term_string}"},"query-input":{"@type":"PropertyValueSpecification","valueRequired":true,"valueName":"search_term_string"}}],"inLanguage":"it-IT"},{"@type":["Person","Organization"],"@id":"https:\/\/olasz.maganora.com\/it\/#\/schema\/person\/d1c9caba1b17a238c28c64e4ba2a0982","name":"Nora Schrenk","image":{"@type":"ImageObject","inLanguage":"it-IT","@id":"https:\/\/olasz.maganora.com\/wp-content\/uploads\/2021\/05\/Logo-1.png","url":"https:\/\/olasz.maganora.com\/wp-content\/uploads\/2021\/05\/Logo-1.png","contentUrl":"https:\/\/olasz.maganora.com\/wp-content\/uploads\/2021\/05\/Logo-1.png","width":776,"height":259,"caption":"Nora Schrenk"},"logo":{"@id":"https:\/\/olasz.maganora.com\/wp-content\/uploads\/2021\/05\/Logo-1.png"},"mainEntityOfPage":{"@id":"https:\/\/olasz.maganora.com\/it\/fiokom\/"}}]}},"_links":{"self":[{"href":"https:\/\/olasz.maganora.com\/it\/wp-json\/wp\/v2\/pages\/9","targetHints":{"allow":["GET"]}}],"collection":[{"href":"https:\/\/olasz.maganora.com\/it\/wp-json\/wp\/v2\/pages"}],"about":[{"href":"https:\/\/olasz.maganora.com\/it\/wp-json\/wp\/v2\/types\/page"}],"author":[{"embeddable":true,"href":"https:\/\/olasz.maganora.com\/it\/wp-json\/wp\/v2\/users\/1"}],"replies":[{"embeddable":true,"href":"https:\/\/olasz.maganora.com\/it\/wp-json\/wp\/v2\/comments?post=9"}],"version-history":[{"count":15,"href":"https:\/\/olasz.maganora.com\/it\/wp-json\/wp\/v2\/pages\/9\/revisions"}],"predecessor-version":[{"id":1509,"href":"https:\/\/olasz.maganora.com\/it\/wp-json\/wp\/v2\/pages\/9\/revisions\/1509"}],"wp:attachment":[{"href":"https:\/\/olasz.maganora.com\/it\/wp-json\/wp\/v2\/media?parent=9"}],"curies":[{"name":"wp","href":"https:\/\/api.w.org\/{rel}","templated":true}]}}