{"id":605,"date":"2021-05-26T16:04:29","date_gmt":"2021-05-26T14:04:29","guid":{"rendered":"https:\/\/olasz.maganora.com\/?post_type=product&#038;p=605"},"modified":"2023-08-25T09:43:12","modified_gmt":"2023-08-25T07:43:12","slug":"egy-90-olaszora","status":"publish","type":"product","link":"https:\/\/olasz.maganora.com\/it\/termek\/egy-90-olaszora\/","title":{"rendered":"90 PERCES TAN\u00d3RA"},"content":{"rendered":"<p style=\"text-align: left;\">1 db 90 perces <a class=\"a_style\" href=\"https:\/\/olasz.maganora.com\/olasztanitas\/\">online olasz\u00f3ra<\/a> kezd\u0151t\u0151l halad\u00f3 szintig, a honlapon talalhat\u00f3 <a class=\"a_style\" href=\"https:\/\/olasz.maganora.com\/olaszoktatas-mikor-es-hol\/\">virtu\u00e1lis oszt\u00e1lyteremben<\/a>, anyanyelvi szinten besz\u00e9l\u0151 <a class=\"a_style\" href=\"https:\/\/olasz.maganora.com\/magamrol\/\">tan\u00e1rral<\/a>.<\/p>\n<p style=\"text-align: left;\">Tan\u00f3ra a befizet\u00e9s id\u0151pontj\u00e1t\u00f3l sz\u00e1m\u00edtott legfeljebb 1 h\u00e9ten bel\u00fcl felhaszn\u00e1land\u00f3, ellenkez\u0151 esetben elv\u00e9sz.<\/p>\n","protected":false},"excerpt":{"rendered":"<p>1 db 90 perces online olasz\u00f3ra<\/p>\n","protected":false},"featured_media":2168,"template":"","meta":[],"product_brand":[],"product_cat":[34,39,26],"product_tag":[],"class_list":{"0":"post-605","1":"product","2":"type-product","3":"status-publish","4":"has-post-thumbnail","6":"product_cat-1-db","7":"product_cat-90-perces-ora","8":"product_cat-egyeni","10":"first","11":"instock","12":"virtual","13":"purchasable","14":"product-type-simple"},"yoast_head":"<!-- This site is optimized with the Yoast SEO plugin v27.3 - https:\/\/yoast.com\/product\/yoast-seo-wordpress\/ -->\n<title>Olasztan\u00e1r - Olasz\u00f3r\u00e1k R\u00f3m\u00e1b\u00f3l, az \u00f6r\u00f6k v\u00e1rosb\u00f3l - 90 perces \u00f3ra<\/title>\n<meta name=\"description\" content=\"90 perces online olasz\u00f3ra, anyanyelvi szinten beszel\u0151 diplom\u00e1s tan\u00e1rral, a honlapon tal\u00e1lhat\u00f3 virtu\u00e1lis oszt\u00e1lyteremben. Rugalmas id\u0151pontok!\" \/>\n<meta name=\"robots\" content=\"index, follow, max-snippet:-1, max-image-preview:large, max-video-preview:-1\" \/>\n<link rel=\"canonical\" href=\"https:\/\/olasz.maganora.com\/it\/termek\/egy-90-olaszora\/\" \/>\n<meta property=\"og:locale\" content=\"it_IT\" \/>\n<meta property=\"og:type\" content=\"article\" \/>\n<meta property=\"og:title\" content=\"Olasztan\u00e1r - Olasz\u00f3r\u00e1k R\u00f3m\u00e1b\u00f3l, az \u00f6r\u00f6k v\u00e1rosb\u00f3l - 90 perces \u00f3ra\" \/>\n<meta property=\"og:description\" content=\"90 perces online olasz\u00f3ra, anyanyelvi szinten beszel\u0151 diplom\u00e1s tan\u00e1rral, a honlapon tal\u00e1lhat\u00f3 virtu\u00e1lis oszt\u00e1lyteremben. Rugalmas id\u0151pontok!\" \/>\n<meta property=\"og:url\" content=\"https:\/\/olasz.maganora.com\/it\/termek\/egy-90-olaszora\/\" \/>\n<meta property=\"og:site_name\" content=\"Olasztan\u00e1r\" \/>\n<meta property=\"article:modified_time\" content=\"2023-08-25T07:43:12+00:00\" \/>\n<meta property=\"og:image\" content=\"https:\/\/olasz.maganora.com\/wp-content\/uploads\/2022\/05\/1-db-90-perces-ora-egyeni.png\" \/>\n\t<meta property=\"og:image:width\" content=\"1238\" \/>\n\t<meta property=\"og:image:height\" content=\"1330\" \/>\n\t<meta property=\"og:image:type\" content=\"image\/png\" \/>\n<meta name=\"twitter:card\" content=\"summary_large_image\" \/>\n<meta name=\"twitter:label1\" content=\"Tempo di lettura stimato\" \/>\n\t<meta name=\"twitter:data1\" content=\"1 minuto\" \/>\n<script type=\"application\/ld+json\" class=\"yoast-schema-graph\">{\"@context\":\"https:\\\/\\\/schema.org\",\"@graph\":[{\"@type\":\"WebPage\",\"@id\":\"https:\\\/\\\/olasz.maganora.com\\\/it\\\/termek\\\/egy-90-olaszora\\\/\",\"url\":\"https:\\\/\\\/olasz.maganora.com\\\/it\\\/termek\\\/egy-90-olaszora\\\/\",\"name\":\"Olasztan\u00e1r - Olasz\u00f3r\u00e1k R\u00f3m\u00e1b\u00f3l, az \u00f6r\u00f6k v\u00e1rosb\u00f3l - 90 perces \u00f3ra\",\"isPartOf\":{\"@id\":\"https:\\\/\\\/olasz.maganora.com\\\/#website\"},\"primaryImageOfPage\":{\"@id\":\"https:\\\/\\\/olasz.maganora.com\\\/it\\\/termek\\\/egy-90-olaszora\\\/#primaryimage\"},\"image\":{\"@id\":\"https:\\\/\\\/olasz.maganora.com\\\/it\\\/termek\\\/egy-90-olaszora\\\/#primaryimage\"},\"thumbnailUrl\":\"https:\\\/\\\/olasz.maganora.com\\\/wp-content\\\/uploads\\\/2022\\\/05\\\/1-db-90-perces-ora-egyeni.png\",\"datePublished\":\"2021-05-26T14:04:29+00:00\",\"dateModified\":\"2023-08-25T07:43:12+00:00\",\"description\":\"90 perces online olasz\u00f3ra, anyanyelvi szinten beszel\u0151 diplom\u00e1s tan\u00e1rral, a honlapon tal\u00e1lhat\u00f3 virtu\u00e1lis oszt\u00e1lyteremben. Rugalmas id\u0151pontok!\",\"breadcrumb\":{\"@id\":\"https:\\\/\\\/olasz.maganora.com\\\/it\\\/termek\\\/egy-90-olaszora\\\/#breadcrumb\"},\"inLanguage\":\"it-IT\",\"potentialAction\":[{\"@type\":\"ReadAction\",\"target\":[\"https:\\\/\\\/olasz.maganora.com\\\/it\\\/termek\\\/egy-90-olaszora\\\/\"]}]},{\"@type\":\"ImageObject\",\"inLanguage\":\"it-IT\",\"@id\":\"https:\\\/\\\/olasz.maganora.com\\\/it\\\/termek\\\/egy-90-olaszora\\\/#primaryimage\",\"url\":\"https:\\\/\\\/olasz.maganora.com\\\/wp-content\\\/uploads\\\/2022\\\/05\\\/1-db-90-perces-ora-egyeni.png\",\"contentUrl\":\"https:\\\/\\\/olasz.maganora.com\\\/wp-content\\\/uploads\\\/2022\\\/05\\\/1-db-90-perces-ora-egyeni.png\",\"width\":1238,\"height\":1330},{\"@type\":\"BreadcrumbList\",\"@id\":\"https:\\\/\\\/olasz.maganora.com\\\/it\\\/termek\\\/egy-90-olaszora\\\/#breadcrumb\",\"itemListElement\":[{\"@type\":\"ListItem\",\"position\":1,\"name\":\"Olasztan\u00e1r\",\"item\":\"https:\\\/\\\/olasz.maganora.com\\\/\"},{\"@type\":\"ListItem\",\"position\":2,\"name\":\"Kezdj\u00fck!\",\"item\":\"https:\\\/\\\/olasz.maganora.com\\\/kezdjuk\\\/\"},{\"@type\":\"ListItem\",\"position\":3,\"name\":\"90 PERCES TAN\u00d3RA\"}]},{\"@type\":\"WebSite\",\"@id\":\"https:\\\/\\\/olasz.maganora.com\\\/it\\\/#website\",\"url\":\"https:\\\/\\\/olasz.maganora.com\\\/it\\\/\",\"name\":\"Olasztan\u00e1r\",\"description\":\"Tanuljunk egy\u00fctt olaszul!\",\"publisher\":{\"@id\":\"https:\\\/\\\/olasz.maganora.com\\\/it\\\/#\\\/schema\\\/person\\\/d1c9caba1b17a238c28c64e4ba2a0982\"},\"potentialAction\":[{\"@type\":\"SearchAction\",\"target\":{\"@type\":\"EntryPoint\",\"urlTemplate\":\"https:\\\/\\\/olasz.maganora.com\\\/it\\\/?s={search_term_string}\"},\"query-input\":{\"@type\":\"PropertyValueSpecification\",\"valueRequired\":true,\"valueName\":\"search_term_string\"}}],\"inLanguage\":\"it-IT\"},{\"@type\":[\"Person\",\"Organization\"],\"@id\":\"https:\\\/\\\/olasz.maganora.com\\\/it\\\/#\\\/schema\\\/person\\\/d1c9caba1b17a238c28c64e4ba2a0982\",\"name\":\"Nora Schrenk\",\"image\":{\"@type\":\"ImageObject\",\"inLanguage\":\"it-IT\",\"@id\":\"https:\\\/\\\/olasz.maganora.com\\\/wp-content\\\/uploads\\\/2021\\\/05\\\/Logo-1.png\",\"url\":\"https:\\\/\\\/olasz.maganora.com\\\/wp-content\\\/uploads\\\/2021\\\/05\\\/Logo-1.png\",\"contentUrl\":\"https:\\\/\\\/olasz.maganora.com\\\/wp-content\\\/uploads\\\/2021\\\/05\\\/Logo-1.png\",\"width\":776,\"height\":259,\"caption\":\"Nora Schrenk\"},\"logo\":{\"@id\":\"https:\\\/\\\/olasz.maganora.com\\\/wp-content\\\/uploads\\\/2021\\\/05\\\/Logo-1.png\"}}]}<\/script>\n<!-- \/ Yoast SEO plugin. -->","yoast_head_json":{"title":"Olasztan\u00e1r - Olasz\u00f3r\u00e1k R\u00f3m\u00e1b\u00f3l, az \u00f6r\u00f6k v\u00e1rosb\u00f3l - 90 perces \u00f3ra","description":"90 perces online olasz\u00f3ra, anyanyelvi szinten beszel\u0151 diplom\u00e1s tan\u00e1rral, a honlapon tal\u00e1lhat\u00f3 virtu\u00e1lis oszt\u00e1lyteremben. Rugalmas id\u0151pontok!","robots":{"index":"index","follow":"follow","max-snippet":"max-snippet:-1","max-image-preview":"max-image-preview:large","max-video-preview":"max-video-preview:-1"},"canonical":"https:\/\/olasz.maganora.com\/it\/termek\/egy-90-olaszora\/","og_locale":"it_IT","og_type":"article","og_title":"Olasztan\u00e1r - Olasz\u00f3r\u00e1k R\u00f3m\u00e1b\u00f3l, az \u00f6r\u00f6k v\u00e1rosb\u00f3l - 90 perces \u00f3ra","og_description":"90 perces online olasz\u00f3ra, anyanyelvi szinten beszel\u0151 diplom\u00e1s tan\u00e1rral, a honlapon tal\u00e1lhat\u00f3 virtu\u00e1lis oszt\u00e1lyteremben. Rugalmas id\u0151pontok!","og_url":"https:\/\/olasz.maganora.com\/it\/termek\/egy-90-olaszora\/","og_site_name":"Olasztan\u00e1r","article_modified_time":"2023-08-25T07:43:12+00:00","og_image":[{"width":1238,"height":1330,"url":"https:\/\/olasz.maganora.com\/wp-content\/uploads\/2022\/05\/1-db-90-perces-ora-egyeni.png","type":"image\/png"}],"twitter_card":"summary_large_image","twitter_misc":{"Tempo di lettura stimato":"1 minuto"},"schema":{"@context":"https:\/\/schema.org","@graph":[{"@type":"WebPage","@id":"https:\/\/olasz.maganora.com\/it\/termek\/egy-90-olaszora\/","url":"https:\/\/olasz.maganora.com\/it\/termek\/egy-90-olaszora\/","name":"Olasztan\u00e1r - Olasz\u00f3r\u00e1k R\u00f3m\u00e1b\u00f3l, az \u00f6r\u00f6k v\u00e1rosb\u00f3l - 90 perces \u00f3ra","isPartOf":{"@id":"https:\/\/olasz.maganora.com\/#website"},"primaryImageOfPage":{"@id":"https:\/\/olasz.maganora.com\/it\/termek\/egy-90-olaszora\/#primaryimage"},"image":{"@id":"https:\/\/olasz.maganora.com\/it\/termek\/egy-90-olaszora\/#primaryimage"},"thumbnailUrl":"https:\/\/olasz.maganora.com\/wp-content\/uploads\/2022\/05\/1-db-90-perces-ora-egyeni.png","datePublished":"2021-05-26T14:04:29+00:00","dateModified":"2023-08-25T07:43:12+00:00","description":"90 perces online olasz\u00f3ra, anyanyelvi szinten beszel\u0151 diplom\u00e1s tan\u00e1rral, a honlapon tal\u00e1lhat\u00f3 virtu\u00e1lis oszt\u00e1lyteremben. Rugalmas id\u0151pontok!","breadcrumb":{"@id":"https:\/\/olasz.maganora.com\/it\/termek\/egy-90-olaszora\/#breadcrumb"},"inLanguage":"it-IT","potentialAction":[{"@type":"ReadAction","target":["https:\/\/olasz.maganora.com\/it\/termek\/egy-90-olaszora\/"]}]},{"@type":"ImageObject","inLanguage":"it-IT","@id":"https:\/\/olasz.maganora.com\/it\/termek\/egy-90-olaszora\/#primaryimage","url":"https:\/\/olasz.maganora.com\/wp-content\/uploads\/2022\/05\/1-db-90-perces-ora-egyeni.png","contentUrl":"https:\/\/olasz.maganora.com\/wp-content\/uploads\/2022\/05\/1-db-90-perces-ora-egyeni.png","width":1238,"height":1330},{"@type":"BreadcrumbList","@id":"https:\/\/olasz.maganora.com\/it\/termek\/egy-90-olaszora\/#breadcrumb","itemListElement":[{"@type":"ListItem","position":1,"name":"Olasztan\u00e1r","item":"https:\/\/olasz.maganora.com\/"},{"@type":"ListItem","position":2,"name":"Kezdj\u00fck!","item":"https:\/\/olasz.maganora.com\/kezdjuk\/"},{"@type":"ListItem","position":3,"name":"90 PERCES TAN\u00d3RA"}]},{"@type":"WebSite","@id":"https:\/\/olasz.maganora.com\/it\/#website","url":"https:\/\/olasz.maganora.com\/it\/","name":"Olasztan\u00e1r","description":"Tanuljunk egy\u00fctt olaszul!","publisher":{"@id":"https:\/\/olasz.maganora.com\/it\/#\/schema\/person\/d1c9caba1b17a238c28c64e4ba2a0982"},"potentialAction":[{"@type":"SearchAction","target":{"@type":"EntryPoint","urlTemplate":"https:\/\/olasz.maganora.com\/it\/?s={search_term_string}"},"query-input":{"@type":"PropertyValueSpecification","valueRequired":true,"valueName":"search_term_string"}}],"inLanguage":"it-IT"},{"@type":["Person","Organization"],"@id":"https:\/\/olasz.maganora.com\/it\/#\/schema\/person\/d1c9caba1b17a238c28c64e4ba2a0982","name":"Nora Schrenk","image":{"@type":"ImageObject","inLanguage":"it-IT","@id":"https:\/\/olasz.maganora.com\/wp-content\/uploads\/2021\/05\/Logo-1.png","url":"https:\/\/olasz.maganora.com\/wp-content\/uploads\/2021\/05\/Logo-1.png","contentUrl":"https:\/\/olasz.maganora.com\/wp-content\/uploads\/2021\/05\/Logo-1.png","width":776,"height":259,"caption":"Nora Schrenk"},"logo":{"@id":"https:\/\/olasz.maganora.com\/wp-content\/uploads\/2021\/05\/Logo-1.png"}}]}},"_links":{"self":[{"href":"https:\/\/olasz.maganora.com\/it\/wp-json\/wp\/v2\/product\/605","targetHints":{"allow":["GET"]}}],"collection":[{"href":"https:\/\/olasz.maganora.com\/it\/wp-json\/wp\/v2\/product"}],"about":[{"href":"https:\/\/olasz.maganora.com\/it\/wp-json\/wp\/v2\/types\/product"}],"wp:featuredmedia":[{"embeddable":true,"href":"https:\/\/olasz.maganora.com\/it\/wp-json\/wp\/v2\/media\/2168"}],"wp:attachment":[{"href":"https:\/\/olasz.maganora.com\/it\/wp-json\/wp\/v2\/media?parent=605"}],"wp:term":[{"taxonomy":"product_brand","embeddable":true,"href":"https:\/\/olasz.maganora.com\/it\/wp-json\/wp\/v2\/product_brand?post=605"},{"taxonomy":"product_cat","embeddable":true,"href":"https:\/\/olasz.maganora.com\/it\/wp-json\/wp\/v2\/product_cat?post=605"},{"taxonomy":"product_tag","embeddable":true,"href":"https:\/\/olasz.maganora.com\/it\/wp-json\/wp\/v2\/product_tag?post=605"}],"curies":[{"name":"wp","href":"https:\/\/api.w.org\/{rel}","templated":true}]}}